{"id":87510,"date":"2020-06-16T16:08:47","date_gmt":"2020-06-16T14:08:47","guid":{"rendered":"https:\/\/r2d2.fk-secondhand.com\/impressum\/"},"modified":"2022-02-22T10:35:09","modified_gmt":"2022-02-22T09:35:09","slug":"impressum","status":"publish","type":"page","link":"https:\/\/fk-secondhand.com\/en\/impressum\/","title":{"rendered":"Inprint"},"content":{"rendered":"<section class=\"wpb-content-wrapper\"><p>[vc_row][vc_column width=&#8221;1\/2&#8243;][vc_column_text]<\/p>\n<div class=\"fk_impressum\">\n<div class=\"header_1\">F\u00fcr den Inhalt verantwortlich<\/div>\n<div class=\"text\">\n<p class=\"no-indent\">Foto K\u00f6berl GmbH<br \/>\n8010 Graz (Firmensitz)<br \/>\nSteyrergasse 39<br \/>\nAustria<\/p>\n<p class=\"no-indent\">Tel: +43 (0)316 \/ 84 60 23<br \/>\noffice@foto-koeberl.at<br \/>\nfotokoeberl.at<\/p>\n<\/div>\n<div class=\"header_1\">Firmenwortlaut<\/div>\n<div class=\"text\">\n<p class=\"no-indent\">Foto K\u00f6berl GmbH<\/p>\n<\/div>\n<div class=\"header_1\">Gesch\u00e4ftsf\u00fchrung<\/div>\n<div class=\"text\">\n<p class=\"no-indent\">K\u00f6berl, Karlheinz<br \/>\nK\u00f6berl, Ina<\/p>\n<\/div>\n<\/div>\n<p>[\/vc_column_text][\/vc_column][vc_column width=&#8221;1\/2&#8243;][vc_column_text]<\/p>\n<div class=\"fk_impressum\">\n<div class=\"header_1\">Commercial register court\/number<\/div>\n<div class=\"text\">\n<p class=\"no-indent\">Landesgericht Graz, FN 360410s<\/p>\n<\/div>\n<div class=\"header_1\">UID<\/div>\n<div class=\"text\">\n<p class=\"no-indent\">ATU66320377<\/p>\n<\/div>\n<div class=\"header_1\">Gewerbe<\/div>\n<div class=\"text\">\n<p class=\"no-indent\">Handelsgewerbe gem. \u00a7103 Abs.1 lit.b) Z. 18 GewO 1973, eingeschr\u00e4nkt auf den Einzelhandel, Beh\u00f6rde gem. ECG: Gewerbeamt Stadt Graz.<\/p>\n<p class=\"no-indent\">purpose of the company: Trade in optical and electronic goods.<\/p>\n<p class=\"no-indent\">Member of the Styrian Chamber of Commerce.<\/p>\n<p class=\"no-indent\">\u00a75 ECG applicable commercial or professional regulations can be found at www.ris.bka.gv.at.<\/p>\n<\/div>\n<\/div>\n<p>&nbsp;[\/vc_column_text][\/vc_column][\/vc_row][vc_row][vc_column][vc_column_text]<\/p>\n<div class=\"fk_impressum\">\n<div class=\"header_1\">\n<p>Copyright \/ Disclaimer<\/p>\n<p>All content (images and text) on this website is subject to the copyright of Foto K\u00f6berl GmbH or the respective manufacturer and may not be used for purposes other than this website without their express consent.<\/p>\n<p>Foto K\u00f6berl GmbH assumes no liability for data loss or other technical impairments that may arise when viewing or downloading data from this website.<\/p>\n<p>Links to third-party websites are provided solely as an offer for the user. This does not imply any approval of the content of these websites by Foto K\u00f6berl GmbH; it is not responsible for the content of these websites and is therefore not responsible for the content and accuracy of the information on these websites. Any access to these websites is at the user&#8217;s own risk.<\/p>\n<p>Each e-mail sent by Foto K\u00f6berl GmbH allows the user to change, edit or remove the information provided by him when registering for a Foto K\u00f6berl GmbH service or when contacting us via the website.<\/p>\n<p>Users who no longer wish to receive our newsletter or promotional emails should click on an &#8220;Unsubscribe&#8221; link included in all emails sent by Foto K\u00f6berl GmbH.<\/p>\n<p>Online Dispute Resolution Information<br \/>\n<div class=\"woocommerce woocommerce-gzd woocommerce-gzd-complaints-shortcode\">\n\t\t\t<h3>Information pursuant to \u00a7 19 (3) AStG<\/h3>\n\t\t<p>Alternative Dispute Resolution Act - Online stores<\/p>\n\t\nZur Teilnahme an einem Streitbeilegungsverfahren vor einer Verbraucherschlichtungsstelle sind wir nicht verpflichtet und nicht bereit.<\/div><br \/>\nInternet presence realized by<br \/>\nMarkus Trinkel \u2013 WhiteRabbit Productions \/ Photo K\u00f6berl GmbH<\/p>\n<\/div>\n<\/div>\n<p>[\/vc_column_text][\/vc_column][\/vc_row]<\/p>\n<\/section>","protected":false},"excerpt":{"rendered":"<p>[vc_row][vc_column width=&#8221;1\/2&#8243;][vc_column_text] F\u00fcr den Inhalt verantwortlich Foto K\u00f6berl GmbH 8010 Graz (Firmensitz) Steyrergasse 39 Austria Tel: +43 (0)316 \/ 84 60 23 office@foto-koeberl.at fotokoeberl.at Firmenwortlaut Foto K\u00f6berl GmbH Gesch\u00e4ftsf\u00fchrung K\u00f6berl, Karlheinz K\u00f6berl, Ina [\/vc_column_text][\/vc_column][vc_column width=&#8221;1\/2&#8243;][vc_column_text] Commercial register court\/number Landesgericht Graz, FN 360410s UID ATU66320377 Gewerbe Handelsgewerbe gem. \u00a7103 Abs.1 lit.b) Z. 18 GewO 1973, eingeschr\u00e4nkt &hellip;<\/p>\n","protected":false},"author":1,"featured_media":0,"parent":0,"menu_order":0,"comment_status":"closed","ping_status":"closed","template":"","meta":{"footnotes":""},"class_list":["post-87510","page","type-page","status-publish","hentry"],"_links":{"self":[{"href":"https:\/\/fk-secondhand.com\/en\/wp-json\/wp\/v2\/pages\/87510","targetHints":{"allow":["GET"]}}],"collection":[{"href":"https:\/\/fk-secondhand.com\/en\/wp-json\/wp\/v2\/pages"}],"about":[{"href":"https:\/\/fk-secondhand.com\/en\/wp-json\/wp\/v2\/types\/page"}],"author":[{"embeddable":true,"href":"https:\/\/fk-secondhand.com\/en\/wp-json\/wp\/v2\/users\/1"}],"replies":[{"embeddable":true,"href":"https:\/\/fk-secondhand.com\/en\/wp-json\/wp\/v2\/comments?post=87510"}],"version-history":[{"count":0,"href":"https:\/\/fk-secondhand.com\/en\/wp-json\/wp\/v2\/pages\/87510\/revisions"}],"wp:attachment":[{"href":"https:\/\/fk-secondhand.com\/en\/wp-json\/wp\/v2\/media?parent=87510"}],"curies":[{"name":"wp","href":"https:\/\/api.w.org\/{rel}","templated":true}]}}