{"id":100147,"date":"2022-02-25T11:45:32","date_gmt":"2022-02-25T10:45:32","guid":{"rendered":"https:\/\/r2d2.fk-secondhand.com\/shop\/haehnel-ultima-ii-schnellladegeraet-fuer-pentax-li-ion-batterien\/"},"modified":"2022-02-25T11:45:36","modified_gmt":"2022-02-25T10:45:36","slug":"haehnel-ultima-ii-schnellladegeraet-fuer-pentax-li-ion-batterien","status":"publish","type":"product","link":"https:\/\/fk-secondhand.com\/en\/shop\/haehnel-ultima-ii-schnellladegeraet-fuer-pentax-li-ion-batterien\/","title":{"rendered":"H\u00e4hnel Ultima II Schnellladeger\u00e4t f\u00fcr Pentax Li-Ion Batterien"},"content":{"rendered":"<table class=\"woocommerce-product-attributes shop_attributes\">\n<tbody>\n<tr class=\"woocommerce-product-attributes-item wr-product-desc no-pair\">\n<th>&nbsp;<\/th>\n<td class=\"woocommerce-product-attributes-item__value\">Made for<\/td>\n<\/tr>\n<tr class=\"woocommerce-product-attributes-item wr-product-desc\">\n<th class=\"woocommerce-product-attributes-item__label\">Contact Plate<\/th>\n<td class=\"woocommerce-product-attributes-item__value\">\n<p>F1c, N4, 02b, N2b<\/p>\n<\/td>\n<\/tr>\n<tr class=\"woocommerce-product-attributes-item wr-product-desc\">\n<th class=\"woocommerce-product-attributes-item__label\">Batteries<\/th>\n<td class=\"woocommerce-product-attributes-item__value\">\n<p>D-Li2\/D-Li7\/D-Li8\/D-Li68, D-Li63, D-Li50, D-Li78<\/p>\n<\/td>\n<\/tr>\n<\/tbody>\n<\/table>\n","protected":false},"excerpt":{"rendered":"<p>Charger made by H\u00e4hnel<\/p>\n","protected":false},"featured_media":100142,"template":"","meta":[],"product_brand":[],"product_cat":[344],"product_tag":[],"class_list":{"0":"post-100147","1":"product","2":"type-product","3":"status-publish","4":"has-post-thumbnail","6":"product_cat-power-supply","7":"product_shipping_class-mail-up-to-2-kg","8":"pa_marke-haehnel-en","10":"first","11":"instock","12":"purchasable","13":"product-type-simple"},"_links":{"self":[{"href":"https:\/\/fk-secondhand.com\/en\/wp-json\/wp\/v2\/product\/100147","targetHints":{"allow":["GET"]}}],"collection":[{"href":"https:\/\/fk-secondhand.com\/en\/wp-json\/wp\/v2\/product"}],"about":[{"href":"https:\/\/fk-secondhand.com\/en\/wp-json\/wp\/v2\/types\/product"}],"wp:featuredmedia":[{"embeddable":true,"href":"https:\/\/fk-secondhand.com\/en\/wp-json\/wp\/v2\/media\/100142"}],"wp:attachment":[{"href":"https:\/\/fk-secondhand.com\/en\/wp-json\/wp\/v2\/media?parent=100147"}],"wp:term":[{"taxonomy":"product_brand","embeddable":true,"href":"https:\/\/fk-secondhand.com\/en\/wp-json\/wp\/v2\/product_brand?post=100147"},{"taxonomy":"product_cat","embeddable":true,"href":"https:\/\/fk-secondhand.com\/en\/wp-json\/wp\/v2\/product_cat?post=100147"},{"taxonomy":"product_tag","embeddable":true,"href":"https:\/\/fk-secondhand.com\/en\/wp-json\/wp\/v2\/product_tag?post=100147"}],"curies":[{"name":"wp","href":"https:\/\/api.w.org\/{rel}","templated":true}]}}