{"id":1029022,"date":"2024-04-03T14:03:58","date_gmt":"2024-04-03T12:03:58","guid":{"rendered":"https:\/\/fk-secondhand.com\/shop\/leica-syncron-adapter-15410\/"},"modified":"2024-04-03T14:04:08","modified_gmt":"2024-04-03T12:04:08","slug":"leica-syncron-adapter-15410","status":"publish","type":"product","link":"https:\/\/fk-secondhand.com\/en\/shop\/leica-syncron-adapter-15410\/","title":{"rendered":"Leica Syncron Adapter 15410"},"content":{"rendered":"<table class=\"woocommerce-product-attributes shop_attributes\">\n<tbody>\n<tr class=\"woocommerce-product-attributes-item wr-product-desc no-pair\">\n<th>&nbsp;<\/th>\n<td class=\"woocommerce-product-attributes-item__value\">Leica 15410<\/td>\n<\/tr>\n<tr class=\"woocommerce-product-attributes-item wr-product-desc no-pair\">\n<th>&nbsp;<\/th>\n<td class=\"woocommerce-product-attributes-item__value\">F\u00fcr Blitzger\u00e4ten mit Hochvoltz\u00fcnder<\/td>\n<\/tr>\n<tr class=\"woocommerce-product-attributes-item wr-product-desc no-pair\">\n<th>&nbsp;<\/th>\n<td class=\"woocommerce-product-attributes-item__value\">Mittelkontakt<\/td>\n<\/tr>\n<tr class=\"woocommerce-product-attributes-item wr-product-desc no-pair\">\n<th>&nbsp;<\/th>\n<td class=\"woocommerce-product-attributes-item__value\">Mit Synchronkontakt-Adapter<\/td>\n<\/tr>\n<\/tbody>\n<\/table>\n","protected":false},"excerpt":{"rendered":"<p>Leica Syncron Adapter mit Mittelkontakt<\/p>\n","protected":false},"featured_media":1029015,"template":"","meta":[],"product_brand":[],"product_cat":[306],"product_tag":[],"class_list":{"0":"post-1029022","1":"product","2":"type-product","3":"status-publish","4":"has-post-thumbnail","6":"product_cat-trigger-power-supply","7":"product_shipping_class-mail-up-to-2-kg","8":"pa_marke-leica-en","10":"first","11":"instock","12":"taxable","13":"shipping-taxable","14":"purchasable","15":"product-type-simple"},"_links":{"self":[{"href":"https:\/\/fk-secondhand.com\/en\/wp-json\/wp\/v2\/product\/1029022","targetHints":{"allow":["GET"]}}],"collection":[{"href":"https:\/\/fk-secondhand.com\/en\/wp-json\/wp\/v2\/product"}],"about":[{"href":"https:\/\/fk-secondhand.com\/en\/wp-json\/wp\/v2\/types\/product"}],"wp:featuredmedia":[{"embeddable":true,"href":"https:\/\/fk-secondhand.com\/en\/wp-json\/wp\/v2\/media\/1029015"}],"wp:attachment":[{"href":"https:\/\/fk-secondhand.com\/en\/wp-json\/wp\/v2\/media?parent=1029022"}],"wp:term":[{"taxonomy":"product_brand","embeddable":true,"href":"https:\/\/fk-secondhand.com\/en\/wp-json\/wp\/v2\/product_brand?post=1029022"},{"taxonomy":"product_cat","embeddable":true,"href":"https:\/\/fk-secondhand.com\/en\/wp-json\/wp\/v2\/product_cat?post=1029022"},{"taxonomy":"product_tag","embeddable":true,"href":"https:\/\/fk-secondhand.com\/en\/wp-json\/wp\/v2\/product_tag?post=1029022"}],"curies":[{"name":"wp","href":"https:\/\/api.w.org\/{rel}","templated":true}]}}