{"id":1035266,"date":"2024-04-12T11:50:03","date_gmt":"2024-04-12T09:50:03","guid":{"rendered":"https:\/\/fk-secondhand.com\/shop\/konvolut-diverse-fotogeraete-24-stueck-bastlergeraete-2\/"},"modified":"2024-04-12T11:52:18","modified_gmt":"2024-04-12T09:52:18","slug":"konvolut-diverse-fotogeraete-24-stueck-bastlergeraete-2","status":"publish","type":"product","link":"https:\/\/fk-secondhand.com\/en\/shop\/konvolut-diverse-fotogeraete-24-stueck-bastlergeraete-2\/","title":{"rendered":"Konvolut diverse Fotoger\u00e4te &#8211; 24 St\u00fcck Bastlerger\u00e4te"},"content":{"rendered":"<table class=\"woocommerce-product-attributes shop_attributes\">\n<tbody>\n<tr class=\"woocommerce-product-attributes-item wr-product-desc\">\n<th class=\"woocommerce-product-attributes-item__label\">24 viewfinder cameras, lenses and flashes<\/p>\n<p>Cameras<\/th>\n<td class=\"woocommerce-product-attributes-item__value\">\n<p>A&amp;M 35mm camera<br \/>\nCanon Ixus Z70<br \/>\nCanon Ixus<br \/>\nJaga digital video camera (bag)<br \/>\nMamiya RZ67 without focusing screen and mirror<br \/>\nMinolta Vectis UC<br \/>\nNikon Coolpix 3200 digital camera<br \/>\nNikon Coolpix S500 digital camera<br \/>\nNikon Coolpix S9500 digital camera (OVP)<br \/>\nPraktica DCZ VR digital camera (bag)<br \/>\nSeagull TLR camera<br \/>\nTraveler DC-5300 digital camera<br \/>\nYashica Zoomtec 70<\/p>\n<p>Accessories and lenses:<br \/>\nLeica Winder R without battery pack<br \/>\nNikon 18-135mm DX lens<br \/>\nPentacon 50mm 1.8MC<br \/>\nPentax Winder for 110<\/p>\n<p>Flashes:<br \/>\nBraun Hobby 140B<br \/>\nElectronic flash 941018 (OVP)<br \/>\nMinolta D314i (OVP)<br \/>\nMinolta 4000 AF<br \/>\nNikon SB-23<br \/>\nRollei E19BC<br \/>\nSunpak auto 120 (bag)<\/p>\n<\/td>\n<\/tr>\n<\/tbody>\n<\/table>\n","protected":false},"excerpt":{"rendered":"<p>Photographic equipment for parts &#8211; defective.<\/p>\n","protected":false},"featured_media":1035257,"template":"","meta":[],"product_brand":[],"product_cat":[1335],"product_tag":[],"class_list":{"0":"post-1035266","1":"product","2":"type-product","3":"status-publish","4":"has-post-thumbnail","6":"product_cat-sets-convolutes","7":"product_shipping_class-mail-up-to-12-kg","9":"first","10":"outofstock","11":"purchasable","12":"product-type-simple"},"_links":{"self":[{"href":"https:\/\/fk-secondhand.com\/en\/wp-json\/wp\/v2\/product\/1035266","targetHints":{"allow":["GET"]}}],"collection":[{"href":"https:\/\/fk-secondhand.com\/en\/wp-json\/wp\/v2\/product"}],"about":[{"href":"https:\/\/fk-secondhand.com\/en\/wp-json\/wp\/v2\/types\/product"}],"wp:featuredmedia":[{"embeddable":true,"href":"https:\/\/fk-secondhand.com\/en\/wp-json\/wp\/v2\/media\/1035257"}],"wp:attachment":[{"href":"https:\/\/fk-secondhand.com\/en\/wp-json\/wp\/v2\/media?parent=1035266"}],"wp:term":[{"taxonomy":"product_brand","embeddable":true,"href":"https:\/\/fk-secondhand.com\/en\/wp-json\/wp\/v2\/product_brand?post=1035266"},{"taxonomy":"product_cat","embeddable":true,"href":"https:\/\/fk-secondhand.com\/en\/wp-json\/wp\/v2\/product_cat?post=1035266"},{"taxonomy":"product_tag","embeddable":true,"href":"https:\/\/fk-secondhand.com\/en\/wp-json\/wp\/v2\/product_tag?post=1035266"}],"curies":[{"name":"wp","href":"https:\/\/api.w.org\/{rel}","templated":true}]}}