{"id":1035627,"date":"2024-04-13T12:22:46","date_gmt":"2024-04-13T10:22:46","guid":{"rendered":"https:\/\/fk-secondhand.com\/shop\/konvolut-diverse-fotogeraete-21-stueck-bastlergeraete\/"},"modified":"2024-04-13T12:22:54","modified_gmt":"2024-04-13T10:22:54","slug":"konvolut-diverse-fotogeraete-21-stueck-bastlergeraete","status":"publish","type":"product","link":"https:\/\/fk-secondhand.com\/en\/shop\/konvolut-diverse-fotogeraete-21-stueck-bastlergeraete\/","title":{"rendered":"Konvolut diverse Fotoger\u00e4te &#8211; 21 St\u00fcck Bastlerger\u00e4te"},"content":{"rendered":"","protected":false},"excerpt":{"rendered":"<p>Various photo equipment &#8211; for parts, partly defective.<\/p>\n","protected":false},"featured_media":1035620,"template":"","meta":[],"product_brand":[],"product_cat":[2021],"product_tag":[],"class_list":{"0":"post-1035627","1":"product","2":"type-product","3":"status-publish","4":"has-post-thumbnail","6":"product_cat-other-photographica","7":"product_shipping_class-mail-up-to-12-kg","9":"first","10":"instock","11":"purchasable","12":"product-type-simple"},"_links":{"self":[{"href":"https:\/\/fk-secondhand.com\/en\/wp-json\/wp\/v2\/product\/1035627","targetHints":{"allow":["GET"]}}],"collection":[{"href":"https:\/\/fk-secondhand.com\/en\/wp-json\/wp\/v2\/product"}],"about":[{"href":"https:\/\/fk-secondhand.com\/en\/wp-json\/wp\/v2\/types\/product"}],"wp:featuredmedia":[{"embeddable":true,"href":"https:\/\/fk-secondhand.com\/en\/wp-json\/wp\/v2\/media\/1035620"}],"wp:attachment":[{"href":"https:\/\/fk-secondhand.com\/en\/wp-json\/wp\/v2\/media?parent=1035627"}],"wp:term":[{"taxonomy":"product_brand","embeddable":true,"href":"https:\/\/fk-secondhand.com\/en\/wp-json\/wp\/v2\/product_brand?post=1035627"},{"taxonomy":"product_cat","embeddable":true,"href":"https:\/\/fk-secondhand.com\/en\/wp-json\/wp\/v2\/product_cat?post=1035627"},{"taxonomy":"product_tag","embeddable":true,"href":"https:\/\/fk-secondhand.com\/en\/wp-json\/wp\/v2\/product_tag?post=1035627"}],"curies":[{"name":"wp","href":"https:\/\/api.w.org\/{rel}","templated":true}]}}