{"id":1037963,"date":"2024-04-16T14:14:34","date_gmt":"2024-04-16T12:14:34","guid":{"rendered":"https:\/\/fk-secondhand.com\/shop\/konvolut-diverse-fotogeraete-27-stueck-bastlergeraete\/"},"modified":"2024-04-16T14:14:41","modified_gmt":"2024-04-16T12:14:41","slug":"konvolut-diverse-fotogeraete-27-stueck-bastlergeraete","status":"publish","type":"product","link":"https:\/\/fk-secondhand.com\/en\/shop\/konvolut-diverse-fotogeraete-27-stueck-bastlergeraete\/","title":{"rendered":"Konvolut diverse Fotoger\u00e4te &#8211; 27 St\u00fcck Bastlerger\u00e4te"},"content":{"rendered":"<table class=\"woocommerce-product-attributes shop_attributes\">\n<tbody>\n<tr class=\"woocommerce-product-attributes-item wr-product-desc\">\n<th class=\"woocommerce-product-attributes-item__label\">Set consisting of<\/th>\n<td class=\"woocommerce-product-attributes-item__value\">\n<p>Cameras:<br \/>\nBell&amp;Howell 602 camera<br \/>\nCanon Epoca camera<br \/>\nCanon Ixus L1 camera<br \/>\nCanon Prima Junior<br \/>\nCarena 40 BF camera<br \/>\nChinon 35F-EE camera (battery compartment broken)<br \/>\nFree Focus Camera 35mm<br \/>\nKonica Minolta Dimage X1 camera with charging station<br \/>\nMaginon Ultra Zoom 85 camera<br \/>\nMinolta Riva Zoom 105i camera<br \/>\nMinolta Riva Zoom 105i camera white<br \/>\nMinolta Zoom 90 camera<br \/>\nNikon EF100<br \/>\nOlympus C-750 Ultra Zoom shutter release<br \/>\nSamsung ECX1 camera<br \/>\nSony HX90V camera<br \/>\nVivitar ViviCam 8400 camera (sticky plastic)<\/p>\n<p>Flashes:<br \/>\nBauer E160<br \/>\nBraun 370BVC<br \/>\nChinon 3000Xp OVP<br \/>\nFujifilm EF-X500<br \/>\nMetz 23 BC2 bag<br \/>\nMinolta 20 Flash<br \/>\nMinolta Program 1800AF<br \/>\nPanasonic PE-145 OVp<br \/>\n2x Philips flash 17B<br \/>\nSoligor 30DA<\/p>\n<\/td>\n<\/tr>\n<\/tbody>\n<\/table>\n","protected":false},"excerpt":{"rendered":"<p>Mixed lot of various photographic devices. Defects for parts.<\/p>\n","protected":false},"featured_media":1037956,"template":"","meta":[],"product_brand":[],"product_cat":[1335],"product_tag":[],"class_list":{"0":"post-1037963","1":"product","2":"type-product","3":"status-publish","4":"has-post-thumbnail","6":"product_cat-sets-convolutes","7":"product_shipping_class-mail-up-to-12-kg","9":"first","10":"instock","11":"purchasable","12":"product-type-simple"},"_links":{"self":[{"href":"https:\/\/fk-secondhand.com\/en\/wp-json\/wp\/v2\/product\/1037963","targetHints":{"allow":["GET"]}}],"collection":[{"href":"https:\/\/fk-secondhand.com\/en\/wp-json\/wp\/v2\/product"}],"about":[{"href":"https:\/\/fk-secondhand.com\/en\/wp-json\/wp\/v2\/types\/product"}],"wp:featuredmedia":[{"embeddable":true,"href":"https:\/\/fk-secondhand.com\/en\/wp-json\/wp\/v2\/media\/1037956"}],"wp:attachment":[{"href":"https:\/\/fk-secondhand.com\/en\/wp-json\/wp\/v2\/media?parent=1037963"}],"wp:term":[{"taxonomy":"product_brand","embeddable":true,"href":"https:\/\/fk-secondhand.com\/en\/wp-json\/wp\/v2\/product_brand?post=1037963"},{"taxonomy":"product_cat","embeddable":true,"href":"https:\/\/fk-secondhand.com\/en\/wp-json\/wp\/v2\/product_cat?post=1037963"},{"taxonomy":"product_tag","embeddable":true,"href":"https:\/\/fk-secondhand.com\/en\/wp-json\/wp\/v2\/product_tag?post=1037963"}],"curies":[{"name":"wp","href":"https:\/\/api.w.org\/{rel}","templated":true}]}}