{"id":1047623,"date":"2024-04-30T13:54:57","date_gmt":"2024-04-30T11:54:57","guid":{"rendered":"https:\/\/fk-secondhand.com\/shop\/ma-190xscc-shorter-centre-column\/"},"modified":"2024-11-28T19:15:42","modified_gmt":"2024-11-28T18:15:42","slug":"ma-190xscc-shorter-centre-column","status":"publish","type":"product","link":"https:\/\/fk-secondhand.com\/en\/shop\/ma-190xscc-shorter-centre-column\/","title":{"rendered":"MA-190XSCC Shorter Centre Column"},"content":{"rendered":"<table class=\"woocommerce-product-attributes shop_attributes\">\n<tbody>\n<tr class=\"woocommerce-product-attributes-item wr-product-desc no-pair\">\n<th>&nbsp;<\/th>\n<td class=\"woocommerce-product-attributes-item__value\">Shorter column improves tripod\u2019s positioning flexibility<br \/>\nCompatible with 190 series<br \/>\nUniversal 3\/8&#8221; screw attachment<br \/>\nBuilt-in bubble spirit level<br \/>\nMade of aluminium<\/td>\n<\/tr>\n<tr class=\"woocommerce-product-attributes-item wr-product-desc no-pair\">\n<th>&nbsp;<\/th>\n<td class=\"woocommerce-product-attributes-item__value\">Weight:153g<\/td>\n<\/tr>\n<\/tbody>\n<\/table>\n","protected":false},"excerpt":{"rendered":"<p>K\u00fcrzere Mittels\u00e4ule f\u00fcr die neue Serie 190<\/p>\n","protected":false},"featured_media":1047618,"template":"","meta":[],"product_brand":[],"product_cat":[329],"product_tag":[],"class_list":{"0":"post-1047623","1":"product","2":"type-product","3":"status-publish","4":"has-post-thumbnail","6":"product_cat-accessories-for-tripods-heads","7":"product_shipping_class-mail-up-to-2-kg","9":"first","10":"outofstock","11":"taxable","12":"shipping-taxable","13":"purchasable","14":"product-type-simple"},"_links":{"self":[{"href":"https:\/\/fk-secondhand.com\/en\/wp-json\/wp\/v2\/product\/1047623","targetHints":{"allow":["GET"]}}],"collection":[{"href":"https:\/\/fk-secondhand.com\/en\/wp-json\/wp\/v2\/product"}],"about":[{"href":"https:\/\/fk-secondhand.com\/en\/wp-json\/wp\/v2\/types\/product"}],"wp:featuredmedia":[{"embeddable":true,"href":"https:\/\/fk-secondhand.com\/en\/wp-json\/wp\/v2\/media\/1047618"}],"wp:attachment":[{"href":"https:\/\/fk-secondhand.com\/en\/wp-json\/wp\/v2\/media?parent=1047623"}],"wp:term":[{"taxonomy":"product_brand","embeddable":true,"href":"https:\/\/fk-secondhand.com\/en\/wp-json\/wp\/v2\/product_brand?post=1047623"},{"taxonomy":"product_cat","embeddable":true,"href":"https:\/\/fk-secondhand.com\/en\/wp-json\/wp\/v2\/product_cat?post=1047623"},{"taxonomy":"product_tag","embeddable":true,"href":"https:\/\/fk-secondhand.com\/en\/wp-json\/wp\/v2\/product_tag?post=1047623"}],"curies":[{"name":"wp","href":"https:\/\/api.w.org\/{rel}","templated":true}]}}