{"id":1059607,"date":"2024-05-27T12:33:54","date_gmt":"2024-05-27T10:33:54","guid":{"rendered":"https:\/\/fk-secondhand.com\/shop\/haehnel-kabel-fernausloeser-fuer-nikon\/"},"modified":"2024-05-27T12:34:07","modified_gmt":"2024-05-27T10:34:07","slug":"haehnel-kabel-fernausloeser-fuer-nikon","status":"publish","type":"product","link":"https:\/\/fk-secondhand.com\/en\/shop\/haehnel-kabel-fernausloeser-fuer-nikon\/","title":{"rendered":"H\u00e4hnel Kabel Fernausl\u00f6ser f\u00fcr Nikon"},"content":{"rendered":"<table class=\"woocommerce-product-attributes shop_attributes\">\n<tbody>\n<tr class=\"woocommerce-product-attributes-item wr-product-desc\">\n<th class=\"woocommerce-product-attributes-item__label\">Length<\/th>\n<td class=\"woocommerce-product-attributes-item__value\">\n<p>0.8m<br \/>\n3 Adapter incl.: N1\/10pin plug, N2 and N3<br \/>\nwith hold function<\/p>\n<\/td>\n<\/tr>\n<\/tbody>\n<\/table>\n","protected":false},"excerpt":{"rendered":"<p>Cable release by H\u00e4hnel for Nikon<\/p>\n","protected":false},"featured_media":1059602,"template":"","meta":[],"product_brand":[],"product_cat":[306],"product_tag":[],"class_list":{"0":"post-1059607","1":"product","2":"type-product","3":"status-publish","4":"has-post-thumbnail","6":"product_cat-trigger-power-supply","7":"product_shipping_class-mail-up-to-2-kg","8":"pa_marke-haehnel-en","10":"first","11":"outofstock","12":"purchasable","13":"product-type-simple"},"_links":{"self":[{"href":"https:\/\/fk-secondhand.com\/en\/wp-json\/wp\/v2\/product\/1059607","targetHints":{"allow":["GET"]}}],"collection":[{"href":"https:\/\/fk-secondhand.com\/en\/wp-json\/wp\/v2\/product"}],"about":[{"href":"https:\/\/fk-secondhand.com\/en\/wp-json\/wp\/v2\/types\/product"}],"wp:featuredmedia":[{"embeddable":true,"href":"https:\/\/fk-secondhand.com\/en\/wp-json\/wp\/v2\/media\/1059602"}],"wp:attachment":[{"href":"https:\/\/fk-secondhand.com\/en\/wp-json\/wp\/v2\/media?parent=1059607"}],"wp:term":[{"taxonomy":"product_brand","embeddable":true,"href":"https:\/\/fk-secondhand.com\/en\/wp-json\/wp\/v2\/product_brand?post=1059607"},{"taxonomy":"product_cat","embeddable":true,"href":"https:\/\/fk-secondhand.com\/en\/wp-json\/wp\/v2\/product_cat?post=1059607"},{"taxonomy":"product_tag","embeddable":true,"href":"https:\/\/fk-secondhand.com\/en\/wp-json\/wp\/v2\/product_tag?post=1059607"}],"curies":[{"name":"wp","href":"https:\/\/api.w.org\/{rel}","templated":true}]}}