{"id":1072515,"date":"2024-07-01T09:03:45","date_gmt":"2024-07-01T07:03:45","guid":{"rendered":"https:\/\/fk-secondhand.com\/shop\/sony-fe-100-400mm-f-45-56-gm-oss-1828200\/"},"modified":"2024-07-01T09:04:15","modified_gmt":"2024-07-01T07:04:15","slug":"sony-fe-100-400mm-f-45-56-gm-oss-1828200","status":"publish","type":"product","link":"https:\/\/fk-secondhand.com\/en\/shop\/sony-fe-100-400mm-f-45-56-gm-oss-1828200\/","title":{"rendered":"Sony FE 100-400mm f\/4,5-5,6 GM OSS &#8211; #1828200"},"content":{"rendered":"<table class=\"woocommerce-product-attributes shop_attributes\">\n<tbody>\n<tr class=\"woocommerce-product-attributes-item wr-product-desc\">\n<th class=\"woocommerce-product-attributes-item__label\">Introduced<\/th>\n<td class=\"woocommerce-product-attributes-item__value\">\n<p>2017<\/p>\n<\/td>\n<\/tr>\n<tr class=\"woocommerce-product-attributes-item wr-product-desc\">\n<th class=\"woocommerce-product-attributes-item__label\">Production Year(s)<\/th>\n<td class=\"woocommerce-product-attributes-item__value\">\n<p>2017<\/p>\n<\/td>\n<\/tr>\n<tr class=\"woocommerce-product-attributes-item wr-product-desc\">\n<th class=\"woocommerce-product-attributes-item__label\">Bayonet<\/th>\n<td class=\"woocommerce-product-attributes-item__value\">\n<p>Sony E (FE)<\/p>\n<\/td>\n<\/tr>\n<tr class=\"woocommerce-product-attributes-item wr-product-desc\">\n<th class=\"woocommerce-product-attributes-item__label\">Focusing<\/th>\n<td class=\"woocommerce-product-attributes-item__value\">\n<p>Autofocus (Supersonic-Motor)<\/p>\n<\/td>\n<\/tr>\n<tr class=\"woocommerce-product-attributes-item wr-product-desc\">\n<th class=\"woocommerce-product-attributes-item__label\">Image Stabilizer<\/th>\n<td class=\"woocommerce-product-attributes-item__value\">\n<p>Yes<\/p>\n<\/td>\n<\/tr>\n<tr class=\"woocommerce-product-attributes-item wr-product-desc\">\n<th class=\"woocommerce-product-attributes-item__label\">Focal Length<\/th>\n<td class=\"woocommerce-product-attributes-item__value\">\n<p>100-400mm<\/p>\n<\/td>\n<\/tr>\n<tr class=\"woocommerce-product-attributes-item wr-product-desc\">\n<th class=\"woocommerce-product-attributes-item__label\">Max. Aperture<\/th>\n<td class=\"woocommerce-product-attributes-item__value\">\n<p>1:4.5-5.6<\/p>\n<\/td>\n<\/tr>\n<tr class=\"woocommerce-product-attributes-item wr-product-desc\">\n<th class=\"woocommerce-product-attributes-item__label\">Aperture Blades<\/th>\n<td class=\"woocommerce-product-attributes-item__value\">\n<p>9<\/p>\n<\/td>\n<\/tr>\n<tr class=\"woocommerce-product-attributes-item wr-product-desc\">\n<th class=\"woocommerce-product-attributes-item__label\">Close Focus Distance<\/th>\n<td class=\"woocommerce-product-attributes-item__value\">\n<p>0.98m<\/p>\n<\/td>\n<\/tr>\n<tr class=\"woocommerce-product-attributes-item wr-product-desc\">\n<th class=\"woocommerce-product-attributes-item__label\">Max. Repro Ratio<\/th>\n<td class=\"woocommerce-product-attributes-item__value\">\n<p>1:2.9<\/p>\n<\/td>\n<\/tr>\n<tr class=\"woocommerce-product-attributes-item wr-product-desc\">\n<th class=\"woocommerce-product-attributes-item__label\">Filter Thread<\/th>\n<td class=\"woocommerce-product-attributes-item__value\">\n<p>77mm<\/p>\n<\/td>\n<\/tr>\n<tr class=\"woocommerce-product-attributes-item wr-product-desc\">\n<th class=\"woocommerce-product-attributes-item__label\">Other Features<\/th>\n<td class=\"woocommerce-product-attributes-item__value\">\n<p>Nanopartikel-Linsenverg\u00fctung, Spritzwasser- und Staubschutz gew\u00e4hrleistet lt. Hersteller keinen vollst\u00e4ndigen Schutz vor Spritzwasser und Staub, Zoomdrehgeschwindigkeitsanpassung, Fokus-Limiter<\/p>\n<\/td>\n<\/tr>\n<tr class=\"woocommerce-product-attributes-item wr-product-desc\">\n<th class=\"woocommerce-product-attributes-item__label\">Dimensions (DxL)<\/th>\n<td class=\"woocommerce-product-attributes-item__value\">\n<p>approx. 94.0 x 205.0 mm<\/p>\n<\/td>\n<\/tr>\n<tr class=\"woocommerce-product-attributes-item wr-product-desc\">\n<th class=\"woocommerce-product-attributes-item__label\">Weight<\/th>\n<td class=\"woocommerce-product-attributes-item__value\">\n<p>approx. 1395g<\/p>\n<\/td>\n<\/tr>\n<tr class=\"woocommerce-product-attributes-item wr-product-desc empty\">\n<th>&nbsp;<\/th>\n<td>&nbsp;<\/td>\n<\/tr>\n<\/tbody>\n<\/table>\n","protected":false},"excerpt":{"rendered":"<p>Sony G Master super telephoto zoom with image stabiliser.<\/p>\n","protected":false},"featured_media":1072502,"template":"","meta":[],"product_brand":[],"product_cat":[288],"product_tag":[],"class_list":{"0":"post-1072515","1":"product","2":"type-product","3":"status-publish","4":"has-post-thumbnail","6":"product_cat-lenses-en","7":"product_shipping_class-mail-up-to-2-kg","8":"pa_marke-sony-en","10":"first","11":"outofstock","12":"purchasable","13":"product-type-simple"},"_links":{"self":[{"href":"https:\/\/fk-secondhand.com\/en\/wp-json\/wp\/v2\/product\/1072515","targetHints":{"allow":["GET"]}}],"collection":[{"href":"https:\/\/fk-secondhand.com\/en\/wp-json\/wp\/v2\/product"}],"about":[{"href":"https:\/\/fk-secondhand.com\/en\/wp-json\/wp\/v2\/types\/product"}],"wp:featuredmedia":[{"embeddable":true,"href":"https:\/\/fk-secondhand.com\/en\/wp-json\/wp\/v2\/media\/1072502"}],"wp:attachment":[{"href":"https:\/\/fk-secondhand.com\/en\/wp-json\/wp\/v2\/media?parent=1072515"}],"wp:term":[{"taxonomy":"product_brand","embeddable":true,"href":"https:\/\/fk-secondhand.com\/en\/wp-json\/wp\/v2\/product_brand?post=1072515"},{"taxonomy":"product_cat","embeddable":true,"href":"https:\/\/fk-secondhand.com\/en\/wp-json\/wp\/v2\/product_cat?post=1072515"},{"taxonomy":"product_tag","embeddable":true,"href":"https:\/\/fk-secondhand.com\/en\/wp-json\/wp\/v2\/product_tag?post=1072515"}],"curies":[{"name":"wp","href":"https:\/\/api.w.org\/{rel}","templated":true}]}}