{"id":1078815,"date":"2024-07-16T08:05:05","date_gmt":"2024-07-16T06:05:05","guid":{"rendered":"https:\/\/fk-secondhand.com\/shop\/x-wuerfel-3-packungen\/"},"modified":"2024-07-16T08:05:16","modified_gmt":"2024-07-16T06:05:16","slug":"x-wuerfel-3-packungen","status":"publish","type":"product","link":"https:\/\/fk-secondhand.com\/en\/shop\/x-wuerfel-3-packungen\/","title":{"rendered":"X-W\u00fcrfel &#8211; 3 Packungen"},"content":{"rendered":"","protected":false},"excerpt":{"rendered":"<p>Zauberw\u00fcrfel X-W\u00fcrfel 4<\/p>\n","protected":false},"featured_media":1078810,"template":"","meta":[],"product_brand":[],"product_cat":[1329],"product_tag":[],"class_list":{"0":"post-1078815","1":"product","2":"type-product","3":"status-publish","4":"has-post-thumbnail","6":"product_cat-accessories-for-flash-guns","7":"product_shipping_class-mail-up-to-2-kg","9":"first","10":"outofstock","11":"purchasable","12":"product-type-simple"},"_links":{"self":[{"href":"https:\/\/fk-secondhand.com\/en\/wp-json\/wp\/v2\/product\/1078815","targetHints":{"allow":["GET"]}}],"collection":[{"href":"https:\/\/fk-secondhand.com\/en\/wp-json\/wp\/v2\/product"}],"about":[{"href":"https:\/\/fk-secondhand.com\/en\/wp-json\/wp\/v2\/types\/product"}],"wp:featuredmedia":[{"embeddable":true,"href":"https:\/\/fk-secondhand.com\/en\/wp-json\/wp\/v2\/media\/1078810"}],"wp:attachment":[{"href":"https:\/\/fk-secondhand.com\/en\/wp-json\/wp\/v2\/media?parent=1078815"}],"wp:term":[{"taxonomy":"product_brand","embeddable":true,"href":"https:\/\/fk-secondhand.com\/en\/wp-json\/wp\/v2\/product_brand?post=1078815"},{"taxonomy":"product_cat","embeddable":true,"href":"https:\/\/fk-secondhand.com\/en\/wp-json\/wp\/v2\/product_cat?post=1078815"},{"taxonomy":"product_tag","embeddable":true,"href":"https:\/\/fk-secondhand.com\/en\/wp-json\/wp\/v2\/product_tag?post=1078815"}],"curies":[{"name":"wp","href":"https:\/\/api.w.org\/{rel}","templated":true}]}}