{"id":1089410,"date":"2024-08-08T10:18:21","date_gmt":"2024-08-08T08:18:21","guid":{"rendered":"https:\/\/fk-secondhand.com\/shop\/rrb-master-vergroesserungsrahmen-fuer-30x40-cm-papier\/"},"modified":"2024-08-08T10:19:14","modified_gmt":"2024-08-08T08:19:14","slug":"rrb-master-vergroesserungsrahmen-fuer-30x40-cm-papier","status":"publish","type":"product","link":"https:\/\/fk-secondhand.com\/en\/shop\/rrb-master-vergroesserungsrahmen-fuer-30x40-cm-papier\/","title":{"rendered":"RRB MASTER Vergr\u00f6\u00dferungsrahmen f\u00fcr 30&#215;40 cm Papier"},"content":{"rendered":"<table class=\"woocommerce-product-attributes shop_attributes\">\n<tbody>\n<tr class=\"woocommerce-product-attributes-item wr-product-desc\">\n<th class=\"woocommerce-product-attributes-item__label\">Type<\/th>\n<td class=\"woocommerce-product-attributes-item__value\">\n<p>Master Pro. Enlarging Easel<\/p>\n<\/td>\n<\/tr>\n<tr class=\"woocommerce-product-attributes-item wr-product-desc\">\n<th class=\"woocommerce-product-attributes-item__label\">Max. Paper size<\/th>\n<td class=\"woocommerce-product-attributes-item__value\">\n<p>30x40cm<br \/>\nWeight: approx. 5600g<br \/>\nOuter size: approx. 61x49cm<\/p>\n<\/td>\n<\/tr>\n<\/tbody>\n<\/table>\n","protected":false},"excerpt":{"rendered":"<p>Magnification frame mask by RRB London<\/p>\n","protected":false},"featured_media":1089403,"template":"","meta":[],"product_brand":[],"product_cat":[106],"product_tag":[],"class_list":{"0":"post-1089410","1":"product","2":"type-product","3":"status-publish","4":"has-post-thumbnail","6":"product_cat-enlarging-easel","7":"product_shipping_class-mail-up-to-12-kg","9":"first","10":"outofstock","11":"purchasable","12":"product-type-simple"},"_links":{"self":[{"href":"https:\/\/fk-secondhand.com\/en\/wp-json\/wp\/v2\/product\/1089410","targetHints":{"allow":["GET"]}}],"collection":[{"href":"https:\/\/fk-secondhand.com\/en\/wp-json\/wp\/v2\/product"}],"about":[{"href":"https:\/\/fk-secondhand.com\/en\/wp-json\/wp\/v2\/types\/product"}],"wp:featuredmedia":[{"embeddable":true,"href":"https:\/\/fk-secondhand.com\/en\/wp-json\/wp\/v2\/media\/1089403"}],"wp:attachment":[{"href":"https:\/\/fk-secondhand.com\/en\/wp-json\/wp\/v2\/media?parent=1089410"}],"wp:term":[{"taxonomy":"product_brand","embeddable":true,"href":"https:\/\/fk-secondhand.com\/en\/wp-json\/wp\/v2\/product_brand?post=1089410"},{"taxonomy":"product_cat","embeddable":true,"href":"https:\/\/fk-secondhand.com\/en\/wp-json\/wp\/v2\/product_cat?post=1089410"},{"taxonomy":"product_tag","embeddable":true,"href":"https:\/\/fk-secondhand.com\/en\/wp-json\/wp\/v2\/product_tag?post=1089410"}],"curies":[{"name":"wp","href":"https:\/\/api.w.org\/{rel}","templated":true}]}}