{"id":1104957,"date":"2024-09-13T10:33:15","date_gmt":"2024-09-13T08:33:15","guid":{"rendered":"https:\/\/fk-secondhand.com\/shop\/konvolut-diverse-fotogeraete-22-stueck-bastlergeraete\/"},"modified":"2024-09-13T10:33:28","modified_gmt":"2024-09-13T08:33:28","slug":"konvolut-diverse-fotogeraete-22-stueck-bastlergeraete","status":"publish","type":"product","link":"https:\/\/fk-secondhand.com\/en\/shop\/konvolut-diverse-fotogeraete-22-stueck-bastlergeraete\/","title":{"rendered":"Konvolut diverse Fotoger\u00e4te &#8211; 22 St\u00fcck Bastlerger\u00e4te"},"content":{"rendered":"<table class=\"woocommerce-product-attributes shop_attributes\">\n<tbody>\n<tr class=\"woocommerce-product-attributes-item wr-product-desc no-pair\">\n<th>&nbsp;<\/th>\n<td class=\"woocommerce-product-attributes-item__value\">Fed flash<\/td>\n<\/tr>\n<tr class=\"woocommerce-product-attributes-item wr-product-desc no-pair\">\n<th>&nbsp;<\/th>\n<td class=\"woocommerce-product-attributes-item__value\">Kodak Extra 22<\/td>\n<\/tr>\n<tr class=\"woocommerce-product-attributes-item wr-product-desc no-pair\">\n<th>&nbsp;<\/th>\n<td class=\"woocommerce-product-attributes-item__value\">Metz 25 B1<\/td>\n<\/tr>\n<tr class=\"woocommerce-product-attributes-item wr-product-desc no-pair\">\n<th>&nbsp;<\/th>\n<td class=\"woocommerce-product-attributes-item__value\">Minolta Pocket Autopak 470<\/td>\n<\/tr>\n<tr class=\"woocommerce-product-attributes-item wr-product-desc no-pair\">\n<th>&nbsp;<\/th>\n<td class=\"woocommerce-product-attributes-item__value\">Pholsy Receiver<\/td>\n<\/tr>\n<tr class=\"woocommerce-product-attributes-item wr-product-desc no-pair\">\n<th>&nbsp;<\/th>\n<td class=\"woocommerce-product-attributes-item__value\">Exakta Varex llb<\/td>\n<\/tr>\n<tr class=\"woocommerce-product-attributes-item wr-product-desc no-pair\">\n<th>&nbsp;<\/th>\n<td class=\"woocommerce-product-attributes-item__value\">Chinon Mini-55<\/td>\n<\/tr>\n<tr class=\"woocommerce-product-attributes-item wr-product-desc no-pair\">\n<th>&nbsp;<\/th>\n<td class=\"woocommerce-product-attributes-item__value\">Various lens <\/td>\n<\/tr>\n<tr class=\"woocommerce-product-attributes-item wr-product-desc no-pair\">\n<th>&nbsp;<\/th>\n<td class=\"woocommerce-product-attributes-item__value\">Pentax 8.0 megapixels <\/td>\n<\/tr>\n<tr class=\"woocommerce-product-attributes-item wr-product-desc no-pair\">\n<th>&nbsp;<\/th>\n<td class=\"woocommerce-product-attributes-item__value\">Adox<\/td>\n<\/tr>\n<tr class=\"woocommerce-product-attributes-item wr-product-desc no-pair\">\n<th>&nbsp;<\/th>\n<td class=\"woocommerce-product-attributes-item__value\">Eumig Mini 3<\/td>\n<\/tr>\n<tr class=\"woocommerce-product-attributes-item wr-product-desc no-pair\">\n<th>&nbsp;<\/th>\n<td class=\"woocommerce-product-attributes-item__value\">Minolta VE TIS S-1<\/td>\n<\/tr>\n<tr class=\"woocommerce-product-attributes-item wr-product-desc no-pair\">\n<th>&nbsp;<\/th>\n<td class=\"woocommerce-product-attributes-item__value\">Agfalux<\/td>\n<\/tr>\n<tr class=\"woocommerce-product-attributes-item wr-product-desc no-pair\">\n<th>&nbsp;<\/th>\n<td class=\"woocommerce-product-attributes-item__value\">Agfa Isolette<\/td>\n<\/tr>\n<tr class=\"woocommerce-product-attributes-item wr-product-desc no-pair\">\n<th>&nbsp;<\/th>\n<td class=\"woocommerce-product-attributes-item__value\">Meoskon<\/td>\n<\/tr>\n<tr class=\"woocommerce-product-attributes-item wr-product-desc no-pair\">\n<th>&nbsp;<\/th>\n<td class=\"woocommerce-product-attributes-item__value\">Braun Nizo 148 macro<\/td>\n<\/tr>\n<tr class=\"woocommerce-product-attributes-item wr-product-desc no-pair\">\n<th>&nbsp;<\/th>\n<td class=\"woocommerce-product-attributes-item__value\">Minolta VE TIS S-1<\/td>\n<\/tr>\n<tr class=\"woocommerce-product-attributes-item wr-product-desc no-pair\">\n<th>&nbsp;<\/th>\n<td class=\"woocommerce-product-attributes-item__value\">Canon 577G<\/td>\n<\/tr>\n<tr class=\"woocommerce-product-attributes-item wr-product-desc no-pair\">\n<th>&nbsp;<\/th>\n<td class=\"woocommerce-product-attributes-item__value\">Voiglander<\/td>\n<\/tr>\n<tr class=\"woocommerce-product-attributes-item wr-product-desc no-pair\">\n<th>&nbsp;<\/th>\n<td class=\"woocommerce-product-attributes-item__value\">Minolta Lightning <\/td>\n<\/tr>\n<tr class=\"woocommerce-product-attributes-item wr-product-desc no-pair\">\n<th>&nbsp;<\/th>\n<td class=\"woocommerce-product-attributes-item__value\">Canon Transistor Pack G<\/td>\n<\/tr>\n<\/tbody>\n<\/table>\n","protected":false},"excerpt":{"rendered":"<p>Mixed lot of various photo devices<br \/>\nPiece 22<br \/>\nhobbyist equipment<\/p>\n","protected":false},"featured_media":1104946,"template":"","meta":[],"product_brand":[],"product_cat":[2021],"product_tag":[],"class_list":{"0":"post-1104957","1":"product","2":"type-product","3":"status-publish","4":"has-post-thumbnail","6":"product_cat-other-photographica","7":"product_shipping_class-mail-up-to-12-kg","9":"first","10":"outofstock","11":"purchasable","12":"product-type-simple"},"_links":{"self":[{"href":"https:\/\/fk-secondhand.com\/en\/wp-json\/wp\/v2\/product\/1104957","targetHints":{"allow":["GET"]}}],"collection":[{"href":"https:\/\/fk-secondhand.com\/en\/wp-json\/wp\/v2\/product"}],"about":[{"href":"https:\/\/fk-secondhand.com\/en\/wp-json\/wp\/v2\/types\/product"}],"wp:featuredmedia":[{"embeddable":true,"href":"https:\/\/fk-secondhand.com\/en\/wp-json\/wp\/v2\/media\/1104946"}],"wp:attachment":[{"href":"https:\/\/fk-secondhand.com\/en\/wp-json\/wp\/v2\/media?parent=1104957"}],"wp:term":[{"taxonomy":"product_brand","embeddable":true,"href":"https:\/\/fk-secondhand.com\/en\/wp-json\/wp\/v2\/product_brand?post=1104957"},{"taxonomy":"product_cat","embeddable":true,"href":"https:\/\/fk-secondhand.com\/en\/wp-json\/wp\/v2\/product_cat?post=1104957"},{"taxonomy":"product_tag","embeddable":true,"href":"https:\/\/fk-secondhand.com\/en\/wp-json\/wp\/v2\/product_tag?post=1104957"}],"curies":[{"name":"wp","href":"https:\/\/api.w.org\/{rel}","templated":true}]}}