{"id":1114031,"date":"2024-10-03T09:31:06","date_gmt":"2024-10-03T07:31:06","guid":{"rendered":"https:\/\/fk-secondhand.com\/shop\/konvolut-diverse-sammlergeraete-26-stueck-bastlergeraete-2\/"},"modified":"2024-10-03T09:31:17","modified_gmt":"2024-10-03T07:31:17","slug":"konvolut-diverse-sammlergeraete-26-stueck-bastlergeraete-2","status":"publish","type":"product","link":"https:\/\/fk-secondhand.com\/en\/shop\/konvolut-diverse-sammlergeraete-26-stueck-bastlergeraete-2\/","title":{"rendered":"Konvolut diverse Sammlerger\u00e4te &#8211; 26 St\u00fcck Bastlerger\u00e4te"},"content":{"rendered":"<table class=\"woocommerce-product-attributes shop_attributes\">\n<tbody>\n<tr class=\"woocommerce-product-attributes-item wr-product-desc no-pair\">\n<th>&nbsp;<\/th>\n<td class=\"woocommerce-product-attributes-item__value\">Agfa Setronic S Agfa Color &#8211; Solinar 1:2.8\/45 Paratronic <\/td>\n<\/tr>\n<tr class=\"woocommerce-product-attributes-item wr-product-desc no-pair\">\n<th>&nbsp;<\/th>\n<td class=\"woocommerce-product-attributes-item__value\">Askmnia<\/td>\n<\/tr>\n<tr class=\"woocommerce-product-attributes-item wr-product-desc no-pair\">\n<th>&nbsp;<\/th>\n<td class=\"woocommerce-product-attributes-item__value\">C-N mount adapter Fujica <\/td>\n<\/tr>\n<tr class=\"woocommerce-product-attributes-item wr-product-desc no-pair\">\n<th>&nbsp;<\/th>\n<td class=\"woocommerce-product-attributes-item__value\">Carl Zeiss Jena Sonnar 1:4 f = 13.5cm <\/td>\n<\/tr>\n<tr class=\"woocommerce-product-attributes-item wr-product-desc no-pair\">\n<th>&nbsp;<\/th>\n<td class=\"woocommerce-product-attributes-item__value\">Various lens <\/td>\n<\/tr>\n<tr class=\"woocommerce-product-attributes-item wr-product-desc no-pair\">\n<th>&nbsp;<\/th>\n<td class=\"woocommerce-product-attributes-item__value\">Various lens <\/td>\n<\/tr>\n<tr class=\"woocommerce-product-attributes-item wr-product-desc no-pair\">\n<th>&nbsp;<\/th>\n<td class=\"woocommerce-product-attributes-item__value\">Various camera <\/td>\n<\/tr>\n<tr class=\"woocommerce-product-attributes-item wr-product-desc no-pair\">\n<th>&nbsp;<\/th>\n<td class=\"woocommerce-product-attributes-item__value\">Ernst Leitz <\/td>\n<\/tr>\n<tr class=\"woocommerce-product-attributes-item wr-product-desc no-pair\">\n<th>&nbsp;<\/th>\n<td class=\"woocommerce-product-attributes-item__value\">Exactly Varex Jhagee Dresden <\/td>\n<\/tr>\n<tr class=\"woocommerce-product-attributes-item wr-product-desc no-pair\">\n<th>&nbsp;<\/th>\n<td class=\"woocommerce-product-attributes-item__value\">Fris<\/td>\n<\/tr>\n<tr class=\"woocommerce-product-attributes-item wr-product-desc no-pair\">\n<th>&nbsp;<\/th>\n<td class=\"woocommerce-product-attributes-item__value\">Fivel\u00fcx <\/td>\n<\/tr>\n<tr class=\"woocommerce-product-attributes-item wr-product-desc no-pair\">\n<th>&nbsp;<\/th>\n<td class=\"woocommerce-product-attributes-item__value\">Helios -44 <\/td>\n<\/tr>\n<tr class=\"woocommerce-product-attributes-item wr-product-desc no-pair\">\n<th>&nbsp;<\/th>\n<td class=\"woocommerce-product-attributes-item__value\">Jena Lens <\/td>\n<\/tr>\n<tr class=\"woocommerce-product-attributes-item wr-product-desc\">\n<th class=\"woocommerce-product-attributes-item__label\">Kodak Retina S2 Schneider and Kreuznach Reomar f<\/th>\n<td class=\"woocommerce-product-attributes-item__value\">\n<p>2.8\/45 mm<\/p>\n<\/td>\n<\/tr>\n<tr class=\"woocommerce-product-attributes-item wr-product-desc no-pair\">\n<th>&nbsp;<\/th>\n<td class=\"woocommerce-product-attributes-item__value\">Mamiya Sekor Wide Conversion Lens Fits TL\/DTL Lenses &#8211; 48mm F2.8\/50mm F20<\/td>\n<\/tr>\n<tr class=\"woocommerce-product-attributes-item wr-product-desc no-pair\">\n<th>&nbsp;<\/th>\n<td class=\"woocommerce-product-attributes-item__value\">microscope<\/td>\n<\/tr>\n<tr class=\"woocommerce-product-attributes-item wr-product-desc no-pair\">\n<th>&nbsp;<\/th>\n<td class=\"woocommerce-product-attributes-item__value\">Olympus Infinity Zoom 200 Olympus Lens Zoom 38-80mm<\/td>\n<\/tr>\n<tr class=\"woocommerce-product-attributes-item wr-product-desc no-pair\">\n<th>&nbsp;<\/th>\n<td class=\"woocommerce-product-attributes-item__value\">Pentacon <\/td>\n<\/tr>\n<tr class=\"woocommerce-product-attributes-item wr-product-desc no-pair\">\n<th>&nbsp;<\/th>\n<td class=\"woocommerce-product-attributes-item__value\">Rollei XF 35 Sonnar 2.3\/40<\/td>\n<\/tr>\n<tr class=\"woocommerce-product-attributes-item wr-product-desc no-pair\">\n<th>&nbsp;<\/th>\n<td class=\"woocommerce-product-attributes-item__value\">Topcon Unirex <\/td>\n<\/tr>\n<tr class=\"woocommerce-product-attributes-item wr-product-desc no-pair\">\n<th>&nbsp;<\/th>\n<td class=\"woocommerce-product-attributes-item__value\">Topcon RE-2 <\/td>\n<\/tr>\n<tr class=\"woocommerce-product-attributes-item wr-product-desc no-pair\">\n<th>&nbsp;<\/th>\n<td class=\"woocommerce-product-attributes-item__value\">Voigl\u00e4nder Vitomatic II Voigl\u00e4nder Ultron 1:2\/50 <\/td>\n<\/tr>\n<tr class=\"woocommerce-product-attributes-item wr-product-desc no-pair\">\n<th>&nbsp;<\/th>\n<td class=\"woocommerce-product-attributes-item__value\">Voiglander <\/td>\n<\/tr>\n<tr class=\"woocommerce-product-attributes-item wr-product-desc no-pair\">\n<th>&nbsp;<\/th>\n<td class=\"woocommerce-product-attributes-item__value\">Yashica FR II <\/td>\n<\/tr>\n<tr class=\"woocommerce-product-attributes-item wr-product-desc no-pair\">\n<th>&nbsp;<\/th>\n<td class=\"woocommerce-product-attributes-item__value\">Zeiss Ikon Contaflex Synchro-Compur Carl Zeiss Tessar 1:2.8 f= 45mm<\/td>\n<\/tr>\n<tr class=\"woocommerce-product-attributes-item wr-product-desc no-pair\">\n<th>&nbsp;<\/th>\n<td class=\"woocommerce-product-attributes-item__value\">Zeiss Ikon Contessa LKE Prontor 500 LK Carl Zeiss Tessar 2.8\/50<\/td>\n<\/tr>\n<\/tbody>\n<\/table>\n","protected":false},"excerpt":{"rendered":"<p>Mixed lot of various collector&#8217;s devices<br \/>\nPieces: 26<br \/>\nhobbyist equipment<\/p>\n","protected":false},"featured_media":1114022,"template":"","meta":[],"product_brand":[],"product_cat":[1335],"product_tag":[],"class_list":{"0":"post-1114031","1":"product","2":"type-product","3":"status-publish","4":"has-post-thumbnail","6":"product_cat-sets-convolutes","7":"product_shipping_class-mail-up-to-12-kg","9":"first","10":"outofstock","11":"purchasable","12":"product-type-simple"},"_links":{"self":[{"href":"https:\/\/fk-secondhand.com\/en\/wp-json\/wp\/v2\/product\/1114031","targetHints":{"allow":["GET"]}}],"collection":[{"href":"https:\/\/fk-secondhand.com\/en\/wp-json\/wp\/v2\/product"}],"about":[{"href":"https:\/\/fk-secondhand.com\/en\/wp-json\/wp\/v2\/types\/product"}],"wp:featuredmedia":[{"embeddable":true,"href":"https:\/\/fk-secondhand.com\/en\/wp-json\/wp\/v2\/media\/1114022"}],"wp:attachment":[{"href":"https:\/\/fk-secondhand.com\/en\/wp-json\/wp\/v2\/media?parent=1114031"}],"wp:term":[{"taxonomy":"product_brand","embeddable":true,"href":"https:\/\/fk-secondhand.com\/en\/wp-json\/wp\/v2\/product_brand?post=1114031"},{"taxonomy":"product_cat","embeddable":true,"href":"https:\/\/fk-secondhand.com\/en\/wp-json\/wp\/v2\/product_cat?post=1114031"},{"taxonomy":"product_tag","embeddable":true,"href":"https:\/\/fk-secondhand.com\/en\/wp-json\/wp\/v2\/product_tag?post=1114031"}],"curies":[{"name":"wp","href":"https:\/\/api.w.org\/{rel}","templated":true}]}}