{"id":1118867,"date":"2024-10-11T12:06:27","date_gmt":"2024-10-11T10:06:27","guid":{"rendered":"https:\/\/fk-secondhand.com\/shop\/voigtlaender-filmkassetten-fuer-stereoflektoscop-8-stueck\/"},"modified":"2024-10-11T12:06:38","modified_gmt":"2024-10-11T10:06:38","slug":"voigtlaender-filmkassetten-fuer-stereoflektoscop-8-stueck","status":"publish","type":"product","link":"https:\/\/fk-secondhand.com\/en\/shop\/voigtlaender-filmkassetten-fuer-stereoflektoscop-8-stueck\/","title":{"rendered":"Voigtl\u00e4nder Filmkassetten f\u00fcr Stereoflektoscop &#8211; 8 St\u00fcck"},"content":{"rendered":"<table class=\"woocommerce-product-attributes shop_attributes\">\n<tbody>\n<tr class=\"woocommerce-product-attributes-item wr-product-desc no-pair\">\n<th>&nbsp;<\/th>\n<td class=\"woocommerce-product-attributes-item__value\">Metal film cassettes<\/td>\n<\/tr>\n<tr class=\"woocommerce-product-attributes-item wr-product-desc no-pair\">\n<th>&nbsp;<\/th>\n<td class=\"woocommerce-product-attributes-item__value\">For Stereoflektoscop <\/td>\n<\/tr>\n<tr class=\"woocommerce-product-attributes-item wr-product-desc\">\n<th class=\"woocommerce-product-attributes-item__label\">Quantity<\/th>\n<td class=\"woocommerce-product-attributes-item__value\">\n<p>8 pieces<\/p>\n<\/td>\n<\/tr>\n<tr class=\"woocommerce-product-attributes-item wr-product-desc\">\n<th class=\"woocommerce-product-attributes-item__label\">For flat film<\/th>\n<td class=\"woocommerce-product-attributes-item__value\">\n<p>12.5 x 6cm<\/p>\n<\/td>\n<\/tr>\n<\/tbody>\n<\/table>\n","protected":false},"excerpt":{"rendered":"<p>Film cassettes for Stereoflektoscop <\/p>\n","protected":false},"featured_media":1118862,"template":"","meta":[],"product_brand":[],"product_cat":[1345],"product_tag":[],"class_list":{"0":"post-1118867","1":"product","2":"type-product","3":"status-publish","4":"has-post-thumbnail","6":"product_cat-backs-magazines-cassettes","7":"product_shipping_class-mail-up-to-2-kg","8":"pa_marke-voigtlaender-en","10":"first","11":"outofstock","12":"purchasable","13":"product-type-simple"},"_links":{"self":[{"href":"https:\/\/fk-secondhand.com\/en\/wp-json\/wp\/v2\/product\/1118867","targetHints":{"allow":["GET"]}}],"collection":[{"href":"https:\/\/fk-secondhand.com\/en\/wp-json\/wp\/v2\/product"}],"about":[{"href":"https:\/\/fk-secondhand.com\/en\/wp-json\/wp\/v2\/types\/product"}],"wp:featuredmedia":[{"embeddable":true,"href":"https:\/\/fk-secondhand.com\/en\/wp-json\/wp\/v2\/media\/1118862"}],"wp:attachment":[{"href":"https:\/\/fk-secondhand.com\/en\/wp-json\/wp\/v2\/media?parent=1118867"}],"wp:term":[{"taxonomy":"product_brand","embeddable":true,"href":"https:\/\/fk-secondhand.com\/en\/wp-json\/wp\/v2\/product_brand?post=1118867"},{"taxonomy":"product_cat","embeddable":true,"href":"https:\/\/fk-secondhand.com\/en\/wp-json\/wp\/v2\/product_cat?post=1118867"},{"taxonomy":"product_tag","embeddable":true,"href":"https:\/\/fk-secondhand.com\/en\/wp-json\/wp\/v2\/product_tag?post=1118867"}],"curies":[{"name":"wp","href":"https:\/\/api.w.org\/{rel}","templated":true}]}}