{"id":1126911,"date":"2024-10-29T14:50:01","date_gmt":"2024-10-29T13:50:01","guid":{"rendered":"https:\/\/fk-secondhand.com\/shop\/haehnel-akku-hl-pcm13-fuer-panasonic-2-stueck\/"},"modified":"2024-10-30T11:06:21","modified_gmt":"2024-10-30T10:06:21","slug":"haehnel-akku-hl-pcm13-fuer-panasonic-2-stueck","status":"publish","type":"product","link":"https:\/\/fk-secondhand.com\/en\/shop\/haehnel-akku-hl-pcm13-fuer-panasonic-2-stueck\/","title":{"rendered":"H\u00e4hnel Akku HL-PCM13 f\u00fcr Panasonic &#8211; 2 St\u00fcck"},"content":{"rendered":"<table class=\"woocommerce-product-attributes shop_attributes\">\n<tbody>\n<tr class=\"woocommerce-product-attributes-item wr-product-desc\">\n<th class=\"woocommerce-product-attributes-item__label\">Brand<\/th>\n<td class=\"woocommerce-product-attributes-item__value\">\n<p>H\u00e4hnel<br \/>\nHL-PCM13 Li-ion<\/p>\n<\/td>\n<\/tr>\n<\/tbody>\n<\/table>\n","protected":false},"excerpt":{"rendered":"<p>Battery pack for Panasonic<\/p>\n","protected":false},"featured_media":1126906,"template":"","meta":[],"product_brand":[],"product_cat":[340],"product_tag":[],"class_list":{"0":"post-1126911","1":"product","2":"type-product","3":"status-publish","4":"has-post-thumbnail","6":"product_cat-battery-hand-grips","7":"product_shipping_class-mail-up-to-2-kg","8":"pa_marke-haehnel-en","10":"first","11":"instock","12":"purchasable","13":"product-type-simple"},"_links":{"self":[{"href":"https:\/\/fk-secondhand.com\/en\/wp-json\/wp\/v2\/product\/1126911","targetHints":{"allow":["GET"]}}],"collection":[{"href":"https:\/\/fk-secondhand.com\/en\/wp-json\/wp\/v2\/product"}],"about":[{"href":"https:\/\/fk-secondhand.com\/en\/wp-json\/wp\/v2\/types\/product"}],"wp:featuredmedia":[{"embeddable":true,"href":"https:\/\/fk-secondhand.com\/en\/wp-json\/wp\/v2\/media\/1126906"}],"wp:attachment":[{"href":"https:\/\/fk-secondhand.com\/en\/wp-json\/wp\/v2\/media?parent=1126911"}],"wp:term":[{"taxonomy":"product_brand","embeddable":true,"href":"https:\/\/fk-secondhand.com\/en\/wp-json\/wp\/v2\/product_brand?post=1126911"},{"taxonomy":"product_cat","embeddable":true,"href":"https:\/\/fk-secondhand.com\/en\/wp-json\/wp\/v2\/product_cat?post=1126911"},{"taxonomy":"product_tag","embeddable":true,"href":"https:\/\/fk-secondhand.com\/en\/wp-json\/wp\/v2\/product_tag?post=1126911"}],"curies":[{"name":"wp","href":"https:\/\/api.w.org\/{rel}","templated":true}]}}