{"id":1139958,"date":"2024-11-27T10:13:59","date_gmt":"2024-11-27T09:13:59","guid":{"rendered":"https:\/\/fk-secondhand.com\/shop\/konvolut-diverse-fotogeraete-23-stueck-bastlergeraete-3\/"},"modified":"2024-11-27T10:14:09","modified_gmt":"2024-11-27T09:14:09","slug":"konvolut-diverse-fotogeraete-23-stueck-bastlergeraete-3","status":"publish","type":"product","link":"https:\/\/fk-secondhand.com\/en\/shop\/konvolut-diverse-fotogeraete-23-stueck-bastlergeraete-3\/","title":{"rendered":"Konvolut diverse Fotoger\u00e4te &#8211; 23 St\u00fcck Bastlerger\u00e4te"},"content":{"rendered":"<table class=\"woocommerce-product-attributes shop_attributes\">\n<tbody>\n<tr class=\"woocommerce-product-attributes-item wr-product-desc no-pair\">\n<th>&nbsp;<\/th>\n<td class=\"woocommerce-product-attributes-item__value\">Tripod Biloret from Bilora with Biloclip \/ Model 2037 with original packaging<br \/>\nBell &amp; Howel 1EA film cassette with original packaging<br \/>\nCarl Zeiss Jena Prisma 60mm No. 734<br \/>\nKonica Auto S3 with Hexanon 38mm f\/1.8<br \/>\nCoronet 3-D with binocular viewfinder<br \/>\nMinolta Autocord with Rokkor 75mm 1:3.5<br \/>\nIsco-G\u00f6ttingen 1:5.6\/75 and Isco-G\u00f6ttingen 1:5.6\/50<br \/>\nSusi&#8217;s tripod<br \/>\nTamron 200mm 1:3.5 BBAR MULTI C.<br \/>\nMinolta MD Zoom 70-210mm 1:4<br \/>\nRollei Vario-Projar 70-120<br \/>\nDacora Digna I with leather case<br \/>\nWill Wetzlar Maginon 1:2.8\/40<br \/>\nDouble Anastigmat Eurynar 1:6,5 f=13,5cm<br \/>\nCanon Demi C<br \/>\n2 x slide projector lenses<br \/>\nPanagor Auto Tele Converter 2x<br \/>\nCarl Zeiss Jena Tessar 4.5<br \/>\nChinon 672 Autozoom with zoom lens 8-48mm f\/1.7<br \/>\nMedium format camera<br \/>\nPanagor Auto Tele Converter 2x PK<br \/>\nGeophysics 1:3,5 f=10,5cm<br \/>\n+ small accessories<\/td>\n<\/tr>\n<\/tbody>\n<\/table>\n","protected":false},"excerpt":{"rendered":"<p>Various photographic equipment &#8211; 23 pieces of hobbyist equipment &#8211; DEFECTIVE<\/p>\n","protected":false},"featured_media":1139947,"template":"","meta":[],"product_brand":[],"product_cat":[1335],"product_tag":[],"class_list":{"0":"post-1139958","1":"product","2":"type-product","3":"status-publish","4":"has-post-thumbnail","6":"product_cat-sets-convolutes","7":"product_shipping_class-mail-up-to-20-kg","9":"first","10":"outofstock","11":"purchasable","12":"product-type-simple"},"_links":{"self":[{"href":"https:\/\/fk-secondhand.com\/en\/wp-json\/wp\/v2\/product\/1139958","targetHints":{"allow":["GET"]}}],"collection":[{"href":"https:\/\/fk-secondhand.com\/en\/wp-json\/wp\/v2\/product"}],"about":[{"href":"https:\/\/fk-secondhand.com\/en\/wp-json\/wp\/v2\/types\/product"}],"wp:featuredmedia":[{"embeddable":true,"href":"https:\/\/fk-secondhand.com\/en\/wp-json\/wp\/v2\/media\/1139947"}],"wp:attachment":[{"href":"https:\/\/fk-secondhand.com\/en\/wp-json\/wp\/v2\/media?parent=1139958"}],"wp:term":[{"taxonomy":"product_brand","embeddable":true,"href":"https:\/\/fk-secondhand.com\/en\/wp-json\/wp\/v2\/product_brand?post=1139958"},{"taxonomy":"product_cat","embeddable":true,"href":"https:\/\/fk-secondhand.com\/en\/wp-json\/wp\/v2\/product_cat?post=1139958"},{"taxonomy":"product_tag","embeddable":true,"href":"https:\/\/fk-secondhand.com\/en\/wp-json\/wp\/v2\/product_tag?post=1139958"}],"curies":[{"name":"wp","href":"https:\/\/api.w.org\/{rel}","templated":true}]}}