{"id":1141036,"date":"2024-11-28T10:50:32","date_gmt":"2024-11-28T09:50:32","guid":{"rendered":"https:\/\/fk-secondhand.com\/shop\/haehnel-procube2-doppelladegeraet-fuer-sony-np-fw50\/"},"modified":"2024-11-28T10:50:54","modified_gmt":"2024-11-28T09:50:54","slug":"haehnel-procube2-doppelladegeraet-fuer-sony-np-fw50","status":"publish","type":"product","link":"https:\/\/fk-secondhand.com\/en\/shop\/haehnel-procube2-doppelladegeraet-fuer-sony-np-fw50\/","title":{"rendered":"H\u00e4hnel proCube2 Doppelladeger\u00e4t f\u00fcr Sony NP-FW50"},"content":{"rendered":"<table class=\"woocommerce-product-attributes shop_attributes\">\n<tbody>\n<tr class=\"woocommerce-product-attributes-item wr-product-desc\">\n<th class=\"woocommerce-product-attributes-item__label\">Compatible batteries<\/th>\n<td class=\"woocommerce-product-attributes-item__value\">\n<p>Sony NP-FW50<\/p>\n<\/td>\n<\/tr>\n<tr class=\"woocommerce-product-attributes-item wr-product-desc\">\n<th class=\"woocommerce-product-attributes-item__label\">Features<\/th>\n<td class=\"woocommerce-product-attributes-item__value\">\n<p>LC display, intelligent fast IC charge control<\/p>\n<\/td>\n<\/tr>\n<\/tbody>\n<\/table>\n","protected":false},"excerpt":{"rendered":"<p>Double charger from H\u00e4hnel for various Sony camera batteries and AA batteries. Can charge one or two batteries simultaneously, an LCD display shows the charging status.<\/p>\n","protected":false},"featured_media":1141031,"template":"","meta":[],"product_brand":[],"product_cat":[344],"product_tag":[],"class_list":{"0":"post-1141036","1":"product","2":"type-product","3":"status-publish","4":"has-post-thumbnail","6":"product_cat-power-supply","7":"product_shipping_class-mail-up-to-2-kg","8":"pa_marke-haehnel-en","10":"first","11":"outofstock","12":"purchasable","13":"product-type-simple"},"_links":{"self":[{"href":"https:\/\/fk-secondhand.com\/en\/wp-json\/wp\/v2\/product\/1141036","targetHints":{"allow":["GET"]}}],"collection":[{"href":"https:\/\/fk-secondhand.com\/en\/wp-json\/wp\/v2\/product"}],"about":[{"href":"https:\/\/fk-secondhand.com\/en\/wp-json\/wp\/v2\/types\/product"}],"wp:featuredmedia":[{"embeddable":true,"href":"https:\/\/fk-secondhand.com\/en\/wp-json\/wp\/v2\/media\/1141031"}],"wp:attachment":[{"href":"https:\/\/fk-secondhand.com\/en\/wp-json\/wp\/v2\/media?parent=1141036"}],"wp:term":[{"taxonomy":"product_brand","embeddable":true,"href":"https:\/\/fk-secondhand.com\/en\/wp-json\/wp\/v2\/product_brand?post=1141036"},{"taxonomy":"product_cat","embeddable":true,"href":"https:\/\/fk-secondhand.com\/en\/wp-json\/wp\/v2\/product_cat?post=1141036"},{"taxonomy":"product_tag","embeddable":true,"href":"https:\/\/fk-secondhand.com\/en\/wp-json\/wp\/v2\/product_tag?post=1141036"}],"curies":[{"name":"wp","href":"https:\/\/api.w.org\/{rel}","templated":true}]}}