{"id":1151235,"date":"2024-12-20T09:19:44","date_gmt":"2024-12-20T08:19:44","guid":{"rendered":"https:\/\/fk-secondhand.com\/shop\/minolta-eb-90-100-ausloesungen-rueckteil-fuer-9000\/"},"modified":"2024-12-20T09:20:01","modified_gmt":"2024-12-20T08:20:01","slug":"minolta-eb-90-100-ausloesungen-rueckteil-fuer-9000","status":"publish","type":"product","link":"https:\/\/fk-secondhand.com\/en\/shop\/minolta-eb-90-100-ausloesungen-rueckteil-fuer-9000\/","title":{"rendered":"Minolta EB-90 100 Ausl\u00f6sungen R\u00fcckteil f\u00fcr 9000"},"content":{"rendered":"<table class=\"woocommerce-product-attributes shop_attributes\">\n<tbody>\n<tr class=\"woocommerce-product-attributes-item wr-product-desc no-pair\">\n<th>&nbsp;<\/th>\n<td class=\"woocommerce-product-attributes-item__value\">Back part for 100 releases<\/td>\n<\/tr>\n<tr class=\"woocommerce-product-attributes-item wr-product-desc no-pair\">\n<th>&nbsp;<\/th>\n<td class=\"woocommerce-product-attributes-item__value\">Suitable for Minolta Maxxum 9000 AF<\/td>\n<\/tr>\n<\/tbody>\n<\/table>\n","protected":false},"excerpt":{"rendered":"<p>Minolta EB-90 back for Minolta Maxxum 9000 AF<\/p>\n","protected":false},"featured_media":1151226,"template":"","meta":[],"product_brand":[],"product_cat":[1341],"product_tag":[],"class_list":{"0":"post-1151235","1":"product","2":"type-product","3":"status-publish","4":"has-post-thumbnail","6":"product_cat-miscellaneous-accessories","7":"product_shipping_class-mail-up-to-2-kg","8":"pa_marke-minolta-en","10":"first","11":"outofstock","12":"purchasable","13":"product-type-simple"},"_links":{"self":[{"href":"https:\/\/fk-secondhand.com\/en\/wp-json\/wp\/v2\/product\/1151235","targetHints":{"allow":["GET"]}}],"collection":[{"href":"https:\/\/fk-secondhand.com\/en\/wp-json\/wp\/v2\/product"}],"about":[{"href":"https:\/\/fk-secondhand.com\/en\/wp-json\/wp\/v2\/types\/product"}],"wp:featuredmedia":[{"embeddable":true,"href":"https:\/\/fk-secondhand.com\/en\/wp-json\/wp\/v2\/media\/1151226"}],"wp:attachment":[{"href":"https:\/\/fk-secondhand.com\/en\/wp-json\/wp\/v2\/media?parent=1151235"}],"wp:term":[{"taxonomy":"product_brand","embeddable":true,"href":"https:\/\/fk-secondhand.com\/en\/wp-json\/wp\/v2\/product_brand?post=1151235"},{"taxonomy":"product_cat","embeddable":true,"href":"https:\/\/fk-secondhand.com\/en\/wp-json\/wp\/v2\/product_cat?post=1151235"},{"taxonomy":"product_tag","embeddable":true,"href":"https:\/\/fk-secondhand.com\/en\/wp-json\/wp\/v2\/product_tag?post=1151235"}],"curies":[{"name":"wp","href":"https:\/\/api.w.org\/{rel}","templated":true}]}}