{"id":1154409,"date":"2025-01-02T15:25:24","date_gmt":"2025-01-02T14:25:24","guid":{"rendered":"https:\/\/fk-secondhand.com\/shop\/linhof-kaltlichteinheit-fuer-vergroesserer-4x5-inch\/"},"modified":"2025-01-02T15:25:31","modified_gmt":"2025-01-02T14:25:31","slug":"linhof-kaltlichteinheit-fuer-vergroesserer-4x5-inch","status":"publish","type":"product","link":"https:\/\/fk-secondhand.com\/en\/shop\/linhof-kaltlichteinheit-fuer-vergroesserer-4x5-inch\/","title":{"rendered":"Linhof Kaltlichteinheit f\u00fcr Vergr\u00f6\u00dferer 4&#215;5 inch"},"content":{"rendered":"<table class=\"woocommerce-product-attributes shop_attributes\">\n<tbody>\n<tr class=\"woocommerce-product-attributes-item wr-product-desc no-pair\">\n<th>&nbsp;<\/th>\n<td class=\"woocommerce-product-attributes-item__value\">Cold light unit for enlarger 4&#215;5 \/ inch or 13&#215;18<\/td>\n<\/tr>\n<\/tbody>\n<\/table>\n","protected":false},"excerpt":{"rendered":"<p>Linhof cold light unit for enlargers<\/p>\n","protected":false},"featured_media":1154404,"template":"","meta":[],"product_brand":[],"product_cat":[105],"product_tag":[],"class_list":{"0":"post-1154409","1":"product","2":"type-product","3":"status-publish","4":"has-post-thumbnail","6":"product_cat-enlarging-accessories","7":"product_shipping_class-mail-up-to-6-kg","8":"pa_marke-linhof-en","10":"first","11":"outofstock","12":"purchasable","13":"product-type-simple"},"_links":{"self":[{"href":"https:\/\/fk-secondhand.com\/en\/wp-json\/wp\/v2\/product\/1154409","targetHints":{"allow":["GET"]}}],"collection":[{"href":"https:\/\/fk-secondhand.com\/en\/wp-json\/wp\/v2\/product"}],"about":[{"href":"https:\/\/fk-secondhand.com\/en\/wp-json\/wp\/v2\/types\/product"}],"wp:featuredmedia":[{"embeddable":true,"href":"https:\/\/fk-secondhand.com\/en\/wp-json\/wp\/v2\/media\/1154404"}],"wp:attachment":[{"href":"https:\/\/fk-secondhand.com\/en\/wp-json\/wp\/v2\/media?parent=1154409"}],"wp:term":[{"taxonomy":"product_brand","embeddable":true,"href":"https:\/\/fk-secondhand.com\/en\/wp-json\/wp\/v2\/product_brand?post=1154409"},{"taxonomy":"product_cat","embeddable":true,"href":"https:\/\/fk-secondhand.com\/en\/wp-json\/wp\/v2\/product_cat?post=1154409"},{"taxonomy":"product_tag","embeddable":true,"href":"https:\/\/fk-secondhand.com\/en\/wp-json\/wp\/v2\/product_tag?post=1154409"}],"curies":[{"name":"wp","href":"https:\/\/api.w.org\/{rel}","templated":true}]}}