{"id":1155303,"date":"2025-01-03T15:26:24","date_gmt":"2025-01-03T14:26:24","guid":{"rendered":"https:\/\/fk-secondhand.com\/shop\/panasonic-lumix-dmc-fz300-digitalkamera-005056\/"},"modified":"2025-01-03T15:26:50","modified_gmt":"2025-01-03T14:26:50","slug":"panasonic-lumix-dmc-fz300-digitalkamera-005056","status":"publish","type":"product","link":"https:\/\/fk-secondhand.com\/en\/shop\/panasonic-lumix-dmc-fz300-digitalkamera-005056\/","title":{"rendered":"Panasonic Lumix DMC-FZ300 Digitalkamera &#8211; #005056"},"content":{"rendered":"<table class=\"woocommerce-product-attributes shop_attributes\">\n<tbody>\n<tr class=\"woocommerce-product-attributes-item wr-product-desc\">\n<th class=\"woocommerce-product-attributes-item__label\">Introduced<\/th>\n<td class=\"woocommerce-product-attributes-item__value\">\n<p>September 2015<\/p>\n<\/td>\n<\/tr>\n<tr class=\"woocommerce-product-attributes-item wr-product-desc\">\n<th class=\"woocommerce-product-attributes-item__label\">Sensor<\/th>\n<td class=\"woocommerce-product-attributes-item__value\">\n<p>1\/2.3&#8243; 6.2 x 4.6 mm<\/p>\n<\/td>\n<\/tr>\n<tr class=\"woocommerce-product-attributes-item wr-product-desc\">\n<th class=\"woocommerce-product-attributes-item__label\">Pixel (effective)<\/th>\n<td class=\"woocommerce-product-attributes-item__value\">\n<p>12.1 million pixel<\/p>\n<\/td>\n<\/tr>\n<tr class=\"woocommerce-product-attributes-item wr-product-desc\">\n<th class=\"woocommerce-product-attributes-item__label\">Crop Factor<\/th>\n<td class=\"woocommerce-product-attributes-item__value\">\n<p>5,6x<\/p>\n<\/td>\n<\/tr>\n<tr class=\"woocommerce-product-attributes-item wr-product-desc\">\n<th class=\"woocommerce-product-attributes-item__label\">Image Stabilizer<\/th>\n<td class=\"woocommerce-product-attributes-item__value\">\n<p>Optical image stabilizer (integrated into lens)<\/p>\n<\/td>\n<\/tr>\n<tr class=\"woocommerce-product-attributes-item wr-product-desc\">\n<th class=\"woocommerce-product-attributes-item__label\">ISO Sensitivity<\/th>\n<td class=\"woocommerce-product-attributes-item__value\">\n<p>100 bis ISO 6.400 (Automatik), ISO 100 bis ISO 6.400 (manuell)<\/p>\n<\/td>\n<\/tr>\n<tr class=\"woocommerce-product-attributes-item wr-product-desc\">\n<th class=\"woocommerce-product-attributes-item__label\">Continuous Shooting<\/th>\n<td class=\"woocommerce-product-attributes-item__value\">\n<p>approx. 12 Bilder\/s bei h\u00f6chster Aufl\u00f6sung, 6 B\/s mit Live-View, 2 B\/s mit Live-View und AF-C, 4K-Fotomodus 30 B\/s max. 29 min 59 s, Pre-Burst-Funktion fps<\/p>\n<\/td>\n<\/tr>\n<tr class=\"woocommerce-product-attributes-item wr-product-desc\">\n<th class=\"woocommerce-product-attributes-item__label\">Autofocus<\/th>\n<td class=\"woocommerce-product-attributes-item__value\">\n<p>Einzel-Autofokus, kontinuierlicher Autofokus, Verfolgungs-Autofokus, Manuell, AFL-Funktion, AF-Hilfslicht (LED), Fokus-Peaking, Fokuslupe (6-fach)<\/p>\n<\/td>\n<\/tr>\n<tr class=\"woocommerce-product-attributes-item wr-product-desc\">\n<th class=\"woocommerce-product-attributes-item__label\">Shutter<\/th>\n<td class=\"woocommerce-product-attributes-item__value\">\n<p>Automatik<\/p>\n<\/td>\n<\/tr>\n<tr class=\"woocommerce-product-attributes-item wr-product-desc\">\n<th class=\"woocommerce-product-attributes-item__label\">Shutter Speed<\/th>\n<td class=\"woocommerce-product-attributes-item__value\">\n<p>1\/16.000 bis 60 s (Automatik), 1\/16.000 bis 60 s (Manuell), Bulb mit maximal 60 s sec.<\/p>\n<\/td>\n<\/tr>\n<tr class=\"woocommerce-product-attributes-item wr-product-desc\">\n<th class=\"woocommerce-product-attributes-item__label\">Metering Methods<\/th>\n<td class=\"woocommerce-product-attributes-item__value\">\n<p>Center-weighted integral, Matrix, Multi-segment, Spot<\/p>\n<\/td>\n<\/tr>\n<tr class=\"woocommerce-product-attributes-item wr-product-desc\">\n<th class=\"woocommerce-product-attributes-item__label\">Exposure Control<\/th>\n<td class=\"woocommerce-product-attributes-item__value\">\n<p>Full Auto, Auto Program, Time Value, Aperture Value, Manual, Scene Auto<\/p>\n<\/td>\n<\/tr>\n<tr class=\"woocommerce-product-attributes-item wr-product-desc\">\n<th class=\"woocommerce-product-attributes-item__label\">View Finder<\/th>\n<td class=\"woocommerce-product-attributes-item__value\">\n<p>Videosucher (100 % Bildfeldabdeckung) mit 1.440.000 Bildpunkten, Vergr\u00f6\u00dferungsfaktor 3,88-fach (0,70-fach KB-\u00e4quiv.), Dioptrienausgleich<\/p>\n<\/td>\n<\/tr>\n<tr class=\"woocommerce-product-attributes-item wr-product-desc\">\n<th class=\"woocommerce-product-attributes-item__label\">Monitor<\/th>\n<td class=\"woocommerce-product-attributes-item__value\">\n<p>3.0&#8243; (7.5 cm) TFT LCD Monitor mit 1,040,000 Bildpunkten, Touchscreen, Helligkeit einstellbar, Farbe einstellbar, schwenkbar um 180\u00b0, drehbar um 270\u00b0<\/p>\n<\/td>\n<\/tr>\n<tr class=\"woocommerce-product-attributes-item wr-product-desc\">\n<th class=\"woocommerce-product-attributes-item__label\">File Formats<\/th>\n<td class=\"woocommerce-product-attributes-item__value\">\n<p>JPEG, RAW<\/p>\n<\/td>\n<\/tr>\n<tr class=\"woocommerce-product-attributes-item wr-product-desc\">\n<th class=\"woocommerce-product-attributes-item__label\">Video Recording<\/th>\n<td class=\"woocommerce-product-attributes-item__value\">\n<p>4K UHD (16:9, 3.840 x 2.160, 30p), Full-HD (1.920 x 1.080, 30p), HD (1.280 x 720, 30p)<\/p>\n<\/td>\n<\/tr>\n<tr class=\"woocommerce-product-attributes-item wr-product-desc\">\n<th class=\"woocommerce-product-attributes-item__label\">Flash<\/th>\n<td class=\"woocommerce-product-attributes-item__value\">\n<p>Built-in &#8211; GN<\/p>\n<\/td>\n<\/tr>\n<tr class=\"woocommerce-product-attributes-item wr-product-desc\">\n<th class=\"woocommerce-product-attributes-item__label\">Weight<\/th>\n<td class=\"woocommerce-product-attributes-item__value\">\n<p>approx. 730 g<\/p>\n<\/td>\n<\/tr>\n<tr class=\"woocommerce-product-attributes-item wr-product-desc empty\">\n<th>&nbsp;<\/th>\n<td>&nbsp;<\/td>\n<\/tr>\n<tr class=\"woocommerce-product-attributes-item wr-product-desc no-pair\">\n<th>&nbsp;<\/th>\n<td class=\"woocommerce-product-attributes-item__value\">Leica DC Vario-Elmarit f\/2.8<\/td>\n<\/tr>\n<tr class=\"woocommerce-product-attributes-item wr-product-desc\">\n<th class=\"woocommerce-product-attributes-item__label\">Focussing<\/th>\n<td class=\"woocommerce-product-attributes-item__value\">\n<p>Autofocus<\/p>\n<\/td>\n<\/tr>\n<tr class=\"woocommerce-product-attributes-item wr-product-desc\">\n<th class=\"woocommerce-product-attributes-item__label\">Focal Length<\/th>\n<td class=\"woocommerce-product-attributes-item__value\">\n<p>25-600mm<\/p>\n<\/td>\n<\/tr>\n<tr class=\"woocommerce-product-attributes-item wr-product-desc\">\n<th class=\"woocommerce-product-attributes-item__label\">Max. Aperture<\/th>\n<td class=\"woocommerce-product-attributes-item__value\">\n<p>1:2,8\/4,5-108<\/p>\n<\/td>\n<\/tr>\n<tr class=\"woocommerce-product-attributes-item wr-product-desc\">\n<th class=\"woocommerce-product-attributes-item__label\">Filter Thread<\/th>\n<td class=\"woocommerce-product-attributes-item__value\">\n<p>52mm<\/p>\n<\/td>\n<\/tr>\n<\/tbody>\n<\/table>\n","protected":false},"excerpt":{"rendered":"<p>Superzoom-Camera Panasonic Lumix DMC-FZ300<\/p>\n","protected":false},"featured_media":1155290,"template":"","meta":[],"product_brand":[],"product_cat":[111],"product_tag":[],"class_list":{"0":"post-1155303","1":"product","2":"type-product","3":"status-publish","4":"has-post-thumbnail","6":"product_cat-digital-cameras","7":"product_shipping_class-mail-up-to-2-kg","8":"pa_marke-panasonic-en","10":"first","11":"outofstock","12":"purchasable","13":"product-type-simple"},"_links":{"self":[{"href":"https:\/\/fk-secondhand.com\/en\/wp-json\/wp\/v2\/product\/1155303","targetHints":{"allow":["GET"]}}],"collection":[{"href":"https:\/\/fk-secondhand.com\/en\/wp-json\/wp\/v2\/product"}],"about":[{"href":"https:\/\/fk-secondhand.com\/en\/wp-json\/wp\/v2\/types\/product"}],"wp:featuredmedia":[{"embeddable":true,"href":"https:\/\/fk-secondhand.com\/en\/wp-json\/wp\/v2\/media\/1155290"}],"wp:attachment":[{"href":"https:\/\/fk-secondhand.com\/en\/wp-json\/wp\/v2\/media?parent=1155303"}],"wp:term":[{"taxonomy":"product_brand","embeddable":true,"href":"https:\/\/fk-secondhand.com\/en\/wp-json\/wp\/v2\/product_brand?post=1155303"},{"taxonomy":"product_cat","embeddable":true,"href":"https:\/\/fk-secondhand.com\/en\/wp-json\/wp\/v2\/product_cat?post=1155303"},{"taxonomy":"product_tag","embeddable":true,"href":"https:\/\/fk-secondhand.com\/en\/wp-json\/wp\/v2\/product_tag?post=1155303"}],"curies":[{"name":"wp","href":"https:\/\/api.w.org\/{rel}","templated":true}]}}