{"id":1159403,"date":"2025-01-14T10:29:28","date_gmt":"2025-01-14T09:29:28","guid":{"rendered":"https:\/\/fk-secondhand.com\/shop\/konvolut-diverse-fotogeraete-14-stueck-bastlergeraete\/"},"modified":"2025-01-14T11:47:33","modified_gmt":"2025-01-14T10:47:33","slug":"konvolut-diverse-fotogeraete-14-stueck-bastlergeraete","status":"publish","type":"product","link":"https:\/\/fk-secondhand.com\/en\/shop\/konvolut-diverse-fotogeraete-14-stueck-bastlergeraete\/","title":{"rendered":"Konvolut diverse Fotoger\u00e4te &#8211; 14 St\u00fcck Bastlerger\u00e4te"},"content":{"rendered":"<table class=\"woocommerce-product-attributes shop_attributes\">\n<tbody>\n<tr class=\"woocommerce-product-attributes-item wr-product-desc no-pair\">\n<th>&nbsp;<\/th>\n<td class=\"woocommerce-product-attributes-item__value\">Sun Zoom Macro Lens 35-135mm f\/1:4-5.6<br \/>\nCanon Zoom Lens EF 35-105mm f\/1:4.5-5.6<br \/>\nKowa Lens-S f\/1:3.5\/150mm<br \/>\nSigma zoom lens 28-200mm f\/1:3.5-5.6<br \/>\nNikon teleconverter PK-13<br \/>\nDomiplan lens 50mm f\/2.8<br \/>\nTamron 70-300mm f\/1:4-5.6<br \/>\nMakinon P42 x2 converter<br \/>\nSuper Danubia M.C Macro Zoom f\/1:4.5 80-200mm<br \/>\nOlympus u700<br \/>\nHeni 2x converter<br \/>\nMetz flash 36CT2 SCA 310<br \/>\nVivitar flash 283<br \/>\nOlympus flash electronic flash T20<\/td>\n<\/tr>\n<\/tbody>\n<\/table>\n","protected":false},"excerpt":{"rendered":"<p>Mixed lot of various photographic equipment &#8211; 14 pieces of hobbyist equipment &#8211; DEFECTIVE<\/p>\n","protected":false},"featured_media":1159393,"template":"","meta":[],"product_brand":[],"product_cat":[1335],"product_tag":[],"class_list":{"0":"post-1159403","1":"product","2":"type-product","3":"status-publish","4":"has-post-thumbnail","6":"product_cat-sets-convolutes","7":"product_shipping_class-mail-up-to-6-kg","9":"first","10":"instock","11":"purchasable","12":"product-type-simple"},"_links":{"self":[{"href":"https:\/\/fk-secondhand.com\/en\/wp-json\/wp\/v2\/product\/1159403","targetHints":{"allow":["GET"]}}],"collection":[{"href":"https:\/\/fk-secondhand.com\/en\/wp-json\/wp\/v2\/product"}],"about":[{"href":"https:\/\/fk-secondhand.com\/en\/wp-json\/wp\/v2\/types\/product"}],"wp:featuredmedia":[{"embeddable":true,"href":"https:\/\/fk-secondhand.com\/en\/wp-json\/wp\/v2\/media\/1159393"}],"wp:attachment":[{"href":"https:\/\/fk-secondhand.com\/en\/wp-json\/wp\/v2\/media?parent=1159403"}],"wp:term":[{"taxonomy":"product_brand","embeddable":true,"href":"https:\/\/fk-secondhand.com\/en\/wp-json\/wp\/v2\/product_brand?post=1159403"},{"taxonomy":"product_cat","embeddable":true,"href":"https:\/\/fk-secondhand.com\/en\/wp-json\/wp\/v2\/product_cat?post=1159403"},{"taxonomy":"product_tag","embeddable":true,"href":"https:\/\/fk-secondhand.com\/en\/wp-json\/wp\/v2\/product_tag?post=1159403"}],"curies":[{"name":"wp","href":"https:\/\/api.w.org\/{rel}","templated":true}]}}