{"id":1159434,"date":"2025-01-14T10:49:29","date_gmt":"2025-01-14T09:49:29","guid":{"rendered":"https:\/\/fk-secondhand.com\/shop\/konvolut-diverse-sammlergeraete-14-stueck-bastlergeraete\/"},"modified":"2025-01-14T11:45:00","modified_gmt":"2025-01-14T10:45:00","slug":"konvolut-diverse-sammlergeraete-14-stueck-bastlergeraete","status":"publish","type":"product","link":"https:\/\/fk-secondhand.com\/en\/shop\/konvolut-diverse-sammlergeraete-14-stueck-bastlergeraete\/","title":{"rendered":"Konvolut diverse Sammlerger\u00e4te &#8211; 14 St\u00fcck Bastlerger\u00e4te"},"content":{"rendered":"<table class=\"woocommerce-product-attributes shop_attributes\">\n<tbody>\n<tr class=\"woocommerce-product-attributes-item wr-product-desc no-pair\">\n<th>&nbsp;<\/th>\n<td class=\"woocommerce-product-attributes-item__value\">Olympus AZ-100 Zoom 35-70mm<br \/>\nHalina AF800 f\/3.5 35mm<br \/>\nCanon AF35M 38mm f\/1:2.8<br \/>\nFlash Cullmann MC30<br \/>\nFlash Polatronic Polaroid 2350<br \/>\nArgus Pre Viewer<br \/>\nKodak Kodamat Type A 221<br \/>\nLeica Winder M<br \/>\nSuper Trafo slide viewer<br \/>\nEumig C6 film camera<br \/>\nEumig Mini 3 Servofocus film camera<br \/>\nEumig 128XL film camera<br \/>\nCarena Super-8 758M film camera<br \/>\nMicro projection magnifier Meridian<\/td>\n<\/tr>\n<\/tbody>\n<\/table>\n","protected":false},"excerpt":{"rendered":"<p>Mixed lot of various collectors&#8217; appliances &#8211; 14 pieces of hobbyist appliances &#8211; DEFECTIVE<\/p>\n","protected":false},"featured_media":1159424,"template":"","meta":[],"product_brand":[],"product_cat":[1335],"product_tag":[],"class_list":{"0":"post-1159434","1":"product","2":"type-product","3":"status-publish","4":"has-post-thumbnail","6":"product_cat-sets-convolutes","7":"product_shipping_class-mail-up-to-12-kg","9":"first","10":"instock","11":"purchasable","12":"product-type-simple"},"_links":{"self":[{"href":"https:\/\/fk-secondhand.com\/en\/wp-json\/wp\/v2\/product\/1159434","targetHints":{"allow":["GET"]}}],"collection":[{"href":"https:\/\/fk-secondhand.com\/en\/wp-json\/wp\/v2\/product"}],"about":[{"href":"https:\/\/fk-secondhand.com\/en\/wp-json\/wp\/v2\/types\/product"}],"wp:featuredmedia":[{"embeddable":true,"href":"https:\/\/fk-secondhand.com\/en\/wp-json\/wp\/v2\/media\/1159424"}],"wp:attachment":[{"href":"https:\/\/fk-secondhand.com\/en\/wp-json\/wp\/v2\/media?parent=1159434"}],"wp:term":[{"taxonomy":"product_brand","embeddable":true,"href":"https:\/\/fk-secondhand.com\/en\/wp-json\/wp\/v2\/product_brand?post=1159434"},{"taxonomy":"product_cat","embeddable":true,"href":"https:\/\/fk-secondhand.com\/en\/wp-json\/wp\/v2\/product_cat?post=1159434"},{"taxonomy":"product_tag","embeddable":true,"href":"https:\/\/fk-secondhand.com\/en\/wp-json\/wp\/v2\/product_tag?post=1159434"}],"curies":[{"name":"wp","href":"https:\/\/api.w.org\/{rel}","templated":true}]}}