{"id":1159459,"date":"2025-01-14T11:10:44","date_gmt":"2025-01-14T10:10:44","guid":{"rendered":"https:\/\/fk-secondhand.com\/shop\/konvolut-diverse-sammlergeraete-23-stueck-bastlergeraete-6\/"},"modified":"2025-01-14T11:41:06","modified_gmt":"2025-01-14T10:41:06","slug":"konvolut-diverse-sammlergeraete-23-stueck-bastlergeraete-6","status":"publish","type":"product","link":"https:\/\/fk-secondhand.com\/en\/shop\/konvolut-diverse-sammlergeraete-23-stueck-bastlergeraete-6\/","title":{"rendered":"Konvolut diverse Sammlerger\u00e4te &#8211; 23 St\u00fcck Bastlerger\u00e4te"},"content":{"rendered":"<table class=\"woocommerce-product-attributes shop_attributes\">\n<tbody>\n<tr class=\"woocommerce-product-attributes-item wr-product-desc no-pair\">\n<th>&nbsp;<\/th>\n<td class=\"woocommerce-product-attributes-item__value\">Viewfinder camera Agfa Karat 55mm f\/4.5<br \/>\nViewfinder camera Franka Pronto Westar 45mm f\/2.8<br \/>\nVoigtl\u00e4nder bessy ak color lanthar 38mm f\/2.8<br \/>\nRollei XF 35 Sonnar 40mm f\/2.3<br \/>\nKodak Retina III S 50mm f\/2.8<br \/>\nFolding camera Franka Pronto Westar 75mm f\/3.5<br \/>\nFolding camera<br \/>\nVoigtl\u00e4nder camera 50mm f\/2.8<br \/>\nFolding camera Zeiss Ikon<br \/>\nFolding camera Agfa Billy 1<br \/>\nZeiss Ikon Ikonta<br \/>\nFolding camera Agfa Isolette<br \/>\nOlympus FTL<br \/>\nPraktina II A<br \/>\nFolding camera Zeiss Ikon<br \/>\nTopcon Uni<br \/>\nDacora electric-S<br \/>\nBraun Colorette 50mm f\/2.8<br \/>\nBoxtengor Zeiss Ikon<br \/>\nPentacon FM<br \/>\nWhocmb 45mm f\/3.5<br \/>\nCarena Vivan<\/td>\n<\/tr>\n<tr class=\"woocommerce-product-attributes-item wr-product-desc no-pair\">\n<th>&nbsp;<\/th>\n<td class=\"woocommerce-product-attributes-item__value\">Lens adapter<\/td>\n<\/tr>\n<\/tbody>\n<\/table>\n","protected":false},"excerpt":{"rendered":"<p>Mixed lot of various collectors&#8217; appliances &#8211; 23 pieces of hobbyist appliances &#8211; DEFECTIVE<\/p>\n","protected":false},"featured_media":1159445,"template":"","meta":[],"product_brand":[],"product_cat":[1335],"product_tag":[],"class_list":{"0":"post-1159459","1":"product","2":"type-product","3":"status-publish","4":"has-post-thumbnail","6":"product_cat-sets-convolutes","7":"product_shipping_class-mail-up-to-20-kg","9":"first","10":"instock","11":"purchasable","12":"product-type-simple"},"_links":{"self":[{"href":"https:\/\/fk-secondhand.com\/en\/wp-json\/wp\/v2\/product\/1159459","targetHints":{"allow":["GET"]}}],"collection":[{"href":"https:\/\/fk-secondhand.com\/en\/wp-json\/wp\/v2\/product"}],"about":[{"href":"https:\/\/fk-secondhand.com\/en\/wp-json\/wp\/v2\/types\/product"}],"wp:featuredmedia":[{"embeddable":true,"href":"https:\/\/fk-secondhand.com\/en\/wp-json\/wp\/v2\/media\/1159445"}],"wp:attachment":[{"href":"https:\/\/fk-secondhand.com\/en\/wp-json\/wp\/v2\/media?parent=1159459"}],"wp:term":[{"taxonomy":"product_brand","embeddable":true,"href":"https:\/\/fk-secondhand.com\/en\/wp-json\/wp\/v2\/product_brand?post=1159459"},{"taxonomy":"product_cat","embeddable":true,"href":"https:\/\/fk-secondhand.com\/en\/wp-json\/wp\/v2\/product_cat?post=1159459"},{"taxonomy":"product_tag","embeddable":true,"href":"https:\/\/fk-secondhand.com\/en\/wp-json\/wp\/v2\/product_tag?post=1159459"}],"curies":[{"name":"wp","href":"https:\/\/api.w.org\/{rel}","templated":true}]}}