{"id":1159584,"date":"2025-01-14T12:06:17","date_gmt":"2025-01-14T11:06:17","guid":{"rendered":"https:\/\/fk-secondhand.com\/shop\/konvolut-diverse-fotogeraete-16-stueck-bastlergeraete-3\/"},"modified":"2025-01-14T16:39:35","modified_gmt":"2025-01-14T15:39:35","slug":"konvolut-diverse-fotogeraete-16-stueck-bastlergeraete-3","status":"publish","type":"product","link":"https:\/\/fk-secondhand.com\/en\/shop\/konvolut-diverse-fotogeraete-16-stueck-bastlergeraete-3\/","title":{"rendered":"Konvolut diverse Fotoger\u00e4te &#8211; 16 St\u00fcck Bastlerger\u00e4te"},"content":{"rendered":"<table class=\"woocommerce-product-attributes shop_attributes\">\n<tbody>\n<tr class=\"woocommerce-product-attributes-item wr-product-desc no-pair\">\n<th>&nbsp;<\/th>\n<td class=\"woocommerce-product-attributes-item__value\">Binoculars Glockner 10&#215;30 coated<br \/>\nBinoculars Revue Mini 8&#215;21 122mm\/1000m<br \/>\nBinoculars Kosmos<br \/>\nBinoculars Carl Zeiss Ikon<br \/>\nBinoculars Atlas for men Optical 8&#215;21<br \/>\nBinoculars Mautner Thespis II<br \/>\nBinoculars Optisan Mini-U<br \/>\nNikon Nuvis V<br \/>\nZeiss Ikon Talon 85mm f\/2.8<br \/>\nBinoculars TCM 10&#215;25<br \/>\nBinoculars Everlite 7&#215;50<br \/>\nMini tripod<br \/>\nBinoculars Alois S.<br \/>\nBinoculars Minor Carl Schutz<br \/>\nBinoculars unbranded &#8211; made in Germany<br \/>\nBinoculars Prisma 7&#215;50<\/td>\n<\/tr>\n<\/tbody>\n<\/table>\n","protected":false},"excerpt":{"rendered":"<p>Mixed lot of various photo devices &#8211; 16 pieces hobbyist devices &#8211; DEFECTIVE<\/p>\n","protected":false},"featured_media":1159576,"template":"","meta":[],"product_brand":[],"product_cat":[1335],"product_tag":[],"class_list":{"0":"post-1159584","1":"product","2":"type-product","3":"status-publish","4":"has-post-thumbnail","6":"product_cat-sets-convolutes","7":"product_shipping_class-mail-up-to-12-kg","9":"first","10":"outofstock","11":"purchasable","12":"product-type-simple"},"_links":{"self":[{"href":"https:\/\/fk-secondhand.com\/en\/wp-json\/wp\/v2\/product\/1159584","targetHints":{"allow":["GET"]}}],"collection":[{"href":"https:\/\/fk-secondhand.com\/en\/wp-json\/wp\/v2\/product"}],"about":[{"href":"https:\/\/fk-secondhand.com\/en\/wp-json\/wp\/v2\/types\/product"}],"wp:featuredmedia":[{"embeddable":true,"href":"https:\/\/fk-secondhand.com\/en\/wp-json\/wp\/v2\/media\/1159576"}],"wp:attachment":[{"href":"https:\/\/fk-secondhand.com\/en\/wp-json\/wp\/v2\/media?parent=1159584"}],"wp:term":[{"taxonomy":"product_brand","embeddable":true,"href":"https:\/\/fk-secondhand.com\/en\/wp-json\/wp\/v2\/product_brand?post=1159584"},{"taxonomy":"product_cat","embeddable":true,"href":"https:\/\/fk-secondhand.com\/en\/wp-json\/wp\/v2\/product_cat?post=1159584"},{"taxonomy":"product_tag","embeddable":true,"href":"https:\/\/fk-secondhand.com\/en\/wp-json\/wp\/v2\/product_tag?post=1159584"}],"curies":[{"name":"wp","href":"https:\/\/api.w.org\/{rel}","templated":true}]}}