{"id":1159617,"date":"2025-01-14T12:22:57","date_gmt":"2025-01-14T11:22:57","guid":{"rendered":"https:\/\/fk-secondhand.com\/shop\/konvolut-diverse-fotogeraete-23-stueck-bastlergeraete-5\/"},"modified":"2025-01-14T12:23:06","modified_gmt":"2025-01-14T11:23:06","slug":"konvolut-diverse-fotogeraete-23-stueck-bastlergeraete-5","status":"publish","type":"product","link":"https:\/\/fk-secondhand.com\/en\/shop\/konvolut-diverse-fotogeraete-23-stueck-bastlergeraete-5\/","title":{"rendered":"Konvolut diverse Fotoger\u00e4te &#8211; 23 St\u00fcck Bastlerger\u00e4te"},"content":{"rendered":"<table class=\"woocommerce-product-attributes shop_attributes\">\n<tbody>\n<tr class=\"woocommerce-product-attributes-item wr-product-desc no-pair\">\n<th>&nbsp;<\/th>\n<td class=\"woocommerce-product-attributes-item__value\">Jhagee Proj. anastigmat 75mm f\/2.5<br \/>\nFlash Philips P516<br \/>\nLight meter Lumasix<br \/>\nLight meter Sixtomat<br \/>\nLight meter Agfa Tully<br \/>\nTipix MiniCam 300K f\/2.5<br \/>\nPocket Instamatic 60 camera<br \/>\nKodak EKTRA 22-EF camera<br \/>\nPraktica super TL<br \/>\nBaldinette folding camera<br \/>\nBilora Bella 66 1,5m<br \/>\nPentacon electric 135mm f\/2.8<br \/>\nPentacon electric 29mm f\/2.8<br \/>\nRevue pocket 250<br \/>\nFujica single-8 P1<br \/>\nFolding camera Agfa Isolette<br \/>\nFolding camera Bessa<br \/>\nFolding camera Agfa Isolette<br \/>\nUniversa Zoom reflex 540<br \/>\nZeiss Ikon Colora 50mm f\/2.8<br \/>\nAgfa Color Apotar 45mm f\/2.8<br \/>\nAgfa Color Apotar 45mm f\/2.8<br \/>\nAgfa Karat Compur 50mm f\/3.5<\/td>\n<\/tr>\n<\/tbody>\n<\/table>\n","protected":false},"excerpt":{"rendered":"<p>Mixed lot of various photographic equipment &#8211; 23 pieces of hobbyist equipment &#8211; DEFECTIVE<\/p>\n","protected":false},"featured_media":1159608,"template":"","meta":[],"product_brand":[],"product_cat":[1335],"product_tag":[],"class_list":{"0":"post-1159617","1":"product","2":"type-product","3":"status-publish","4":"has-post-thumbnail","6":"product_cat-sets-convolutes","7":"product_shipping_class-mail-up-to-12-kg","9":"first","10":"outofstock","11":"purchasable","12":"product-type-simple"},"_links":{"self":[{"href":"https:\/\/fk-secondhand.com\/en\/wp-json\/wp\/v2\/product\/1159617","targetHints":{"allow":["GET"]}}],"collection":[{"href":"https:\/\/fk-secondhand.com\/en\/wp-json\/wp\/v2\/product"}],"about":[{"href":"https:\/\/fk-secondhand.com\/en\/wp-json\/wp\/v2\/types\/product"}],"wp:featuredmedia":[{"embeddable":true,"href":"https:\/\/fk-secondhand.com\/en\/wp-json\/wp\/v2\/media\/1159608"}],"wp:attachment":[{"href":"https:\/\/fk-secondhand.com\/en\/wp-json\/wp\/v2\/media?parent=1159617"}],"wp:term":[{"taxonomy":"product_brand","embeddable":true,"href":"https:\/\/fk-secondhand.com\/en\/wp-json\/wp\/v2\/product_brand?post=1159617"},{"taxonomy":"product_cat","embeddable":true,"href":"https:\/\/fk-secondhand.com\/en\/wp-json\/wp\/v2\/product_cat?post=1159617"},{"taxonomy":"product_tag","embeddable":true,"href":"https:\/\/fk-secondhand.com\/en\/wp-json\/wp\/v2\/product_tag?post=1159617"}],"curies":[{"name":"wp","href":"https:\/\/api.w.org\/{rel}","templated":true}]}}