{"id":1159637,"date":"2025-01-14T13:08:28","date_gmt":"2025-01-14T12:08:28","guid":{"rendered":"https:\/\/fk-secondhand.com\/shop\/konvolut-diverse-sammlergeraete-13-stueck-bastlergeraete\/"},"modified":"2025-01-14T13:08:38","modified_gmt":"2025-01-14T12:08:38","slug":"konvolut-diverse-sammlergeraete-13-stueck-bastlergeraete","status":"publish","type":"product","link":"https:\/\/fk-secondhand.com\/en\/shop\/konvolut-diverse-sammlergeraete-13-stueck-bastlergeraete\/","title":{"rendered":"Konvolut diverse Sammlerger\u00e4te &#8211; 13 St\u00fcck Bastlerger\u00e4te"},"content":{"rendered":"<table class=\"woocommerce-product-attributes shop_attributes\">\n<tbody>\n<tr class=\"woocommerce-product-attributes-item wr-product-desc no-pair\">\n<th>&nbsp;<\/th>\n<td class=\"woocommerce-product-attributes-item__value\">Folding camera Nettar<br \/>\nRolleiflex 75mm f\/2.8<br \/>\nRolleiflex 75mm f\/2.8<br \/>\nOlympus -PEN F<br \/>\nVotigl\u00e4nder Vitessa 1000 SR 42mm f\/2.8<br \/>\nDacora Achromat<br \/>\nfocusing screen for 6&#215;6<br \/>\nVoigtl\u00e4nder Compur Anastigmat Skopar 105mm f\/4.5<br \/>\nVoigtl\u00e4nder VF 135 40mm f\/2.3<br \/>\nWEP Auto Kinotelex 2x<br \/>\nBauer electric S 75-30mm f\/1.8<br \/>\nGoltz &amp; Breutmann Mentor camera part<br \/>\nflash<\/td>\n<\/tr>\n<\/tbody>\n<\/table>\n","protected":false},"excerpt":{"rendered":"<p>Mixed lot of various collectors&#8217; appliances &#8211; 13 pieces of hobbyist appliances &#8211; DEFECTIVE<\/p>\n","protected":false},"featured_media":1159627,"template":"","meta":[],"product_brand":[],"product_cat":[1335],"product_tag":[],"class_list":{"0":"post-1159637","1":"product","2":"type-product","3":"status-publish","4":"has-post-thumbnail","6":"product_cat-sets-convolutes","7":"product_shipping_class-mail-up-to-12-kg","9":"first","10":"outofstock","11":"purchasable","12":"product-type-simple"},"_links":{"self":[{"href":"https:\/\/fk-secondhand.com\/en\/wp-json\/wp\/v2\/product\/1159637","targetHints":{"allow":["GET"]}}],"collection":[{"href":"https:\/\/fk-secondhand.com\/en\/wp-json\/wp\/v2\/product"}],"about":[{"href":"https:\/\/fk-secondhand.com\/en\/wp-json\/wp\/v2\/types\/product"}],"wp:featuredmedia":[{"embeddable":true,"href":"https:\/\/fk-secondhand.com\/en\/wp-json\/wp\/v2\/media\/1159627"}],"wp:attachment":[{"href":"https:\/\/fk-secondhand.com\/en\/wp-json\/wp\/v2\/media?parent=1159637"}],"wp:term":[{"taxonomy":"product_brand","embeddable":true,"href":"https:\/\/fk-secondhand.com\/en\/wp-json\/wp\/v2\/product_brand?post=1159637"},{"taxonomy":"product_cat","embeddable":true,"href":"https:\/\/fk-secondhand.com\/en\/wp-json\/wp\/v2\/product_cat?post=1159637"},{"taxonomy":"product_tag","embeddable":true,"href":"https:\/\/fk-secondhand.com\/en\/wp-json\/wp\/v2\/product_tag?post=1159637"}],"curies":[{"name":"wp","href":"https:\/\/api.w.org\/{rel}","templated":true}]}}