{"id":1159651,"date":"2025-01-14T13:28:20","date_gmt":"2025-01-14T12:28:20","guid":{"rendered":"https:\/\/fk-secondhand.com\/shop\/konvolut-diverse-sammlergeraete-23-stueck-bastlergeraete-7\/"},"modified":"2025-01-14T13:28:30","modified_gmt":"2025-01-14T12:28:30","slug":"konvolut-diverse-sammlergeraete-23-stueck-bastlergeraete-7","status":"publish","type":"product","link":"https:\/\/fk-secondhand.com\/en\/shop\/konvolut-diverse-sammlergeraete-23-stueck-bastlergeraete-7\/","title":{"rendered":"Konvolut diverse Sammlerger\u00e4te &#8211; 23 St\u00fcck Bastlerger\u00e4te"},"content":{"rendered":"<table class=\"woocommerce-product-attributes shop_attributes\">\n<tbody>\n<tr class=\"woocommerce-product-attributes-item wr-product-desc no-pair\">\n<th>&nbsp;<\/th>\n<td class=\"woocommerce-product-attributes-item__value\">Binoculars Nature 8x21b<br \/>\nExtension ring by Real<br \/>\nAgfa Tele-Centon Move Reflex<br \/>\nAccura wide angle Coated Model V-W<br \/>\nAccura AUX. Telephoto Coated Model V-T<br \/>\nTele-Ennalyt 135mm f\/3.5<br \/>\nLight meter Zeiss<br \/>\nUnbranded extension ring<br \/>\n2 x Sony battery NP &#8211; F530<br \/>\nSony remote control Video 8 RMT-716<br \/>\nSony power adaptor AC-V315<br \/>\nSony Handycam video Hi8<br \/>\nFujifilm Fotonex 4000SL<br \/>\nFolding camera Zeiss Ikon<br \/>\nYashica MG-1 Yashinon 45mm f\/2.8<br \/>\nAgfa Isola I<br \/>\nAgfa Flexilette<br \/>\nSixtomat light meter<br \/>\n2 x Agfa Color Magnolar 60mm f\/4.5<br \/>\nAgfa Color Magnolar 105mm f\/4.5<br \/>\nMinolta AF Zoom 35-105mm f\/3.5-4.5<br \/>\nOlympus Pen-EE 28mm f\/3.5<br \/>\nYashica FX-1<br \/>\nUnbranded folding camera<br \/>\nAgfa Colorflex 50mm f\/2.8<br \/>\nYakumo Mega Image IV CX200<\/td>\n<\/tr>\n<\/tbody>\n<\/table>\n","protected":false},"excerpt":{"rendered":"<p>Mixed lot of various collectors&#8217; appliances &#8211; 23 pieces of hobbyist appliances &#8211; DEFECTIVE<\/p>\n","protected":false},"featured_media":1159639,"template":"","meta":[],"product_brand":[],"product_cat":[1335],"product_tag":[],"class_list":{"0":"post-1159651","1":"product","2":"type-product","3":"status-publish","4":"has-post-thumbnail","6":"product_cat-sets-convolutes","7":"product_shipping_class-mail-up-to-20-kg","9":"first","10":"outofstock","11":"purchasable","12":"product-type-simple"},"_links":{"self":[{"href":"https:\/\/fk-secondhand.com\/en\/wp-json\/wp\/v2\/product\/1159651","targetHints":{"allow":["GET"]}}],"collection":[{"href":"https:\/\/fk-secondhand.com\/en\/wp-json\/wp\/v2\/product"}],"about":[{"href":"https:\/\/fk-secondhand.com\/en\/wp-json\/wp\/v2\/types\/product"}],"wp:featuredmedia":[{"embeddable":true,"href":"https:\/\/fk-secondhand.com\/en\/wp-json\/wp\/v2\/media\/1159639"}],"wp:attachment":[{"href":"https:\/\/fk-secondhand.com\/en\/wp-json\/wp\/v2\/media?parent=1159651"}],"wp:term":[{"taxonomy":"product_brand","embeddable":true,"href":"https:\/\/fk-secondhand.com\/en\/wp-json\/wp\/v2\/product_brand?post=1159651"},{"taxonomy":"product_cat","embeddable":true,"href":"https:\/\/fk-secondhand.com\/en\/wp-json\/wp\/v2\/product_cat?post=1159651"},{"taxonomy":"product_tag","embeddable":true,"href":"https:\/\/fk-secondhand.com\/en\/wp-json\/wp\/v2\/product_tag?post=1159651"}],"curies":[{"name":"wp","href":"https:\/\/api.w.org\/{rel}","templated":true}]}}