{"id":1159681,"date":"2025-01-14T13:58:05","date_gmt":"2025-01-14T12:58:05","guid":{"rendered":"https:\/\/fk-secondhand.com\/shop\/konvolut-diverse-fotogeraete-28-stueck-bastlergeraet\/"},"modified":"2025-01-14T13:58:14","modified_gmt":"2025-01-14T12:58:14","slug":"konvolut-diverse-fotogeraete-28-stueck-bastlergeraet","status":"publish","type":"product","link":"https:\/\/fk-secondhand.com\/en\/shop\/konvolut-diverse-fotogeraete-28-stueck-bastlergeraet\/","title":{"rendered":"Konvolut diverse Fotoger\u00e4te &#8211; 28 St\u00fcck Bastlerger\u00e4t"},"content":{"rendered":"<table class=\"woocommerce-product-attributes shop_attributes\">\n<tbody>\n<tr class=\"woocommerce-product-attributes-item wr-product-desc no-pair\">\n<th>&nbsp;<\/th>\n<td class=\"woocommerce-product-attributes-item__value\">Noristar 150mm f\/3.5<br \/>\nKodak Instamatic camera 304<br \/>\nUnbranded folding camera<br \/>\nTravenar 500mm 1:8<br \/>\n2 x Starflash 3000BT-TWIN<br \/>\nViewfinder camera model P56L 65mm<br \/>\nLight meter Revue<br \/>\nPetri Color 35 40mm f\/2.8<br \/>\n2 x film slider<br \/>\nViewfinder camera PN951A<br \/>\nAgfamatic 3008<br \/>\nMinolta flash 2800 AF<br \/>\nNational PE-280C flash<br \/>\nCanon Speedlite 199A<br \/>\nAgfa Agfalux flash<br \/>\nVoigtl\u00e4nder VF 135<br \/>\nSoligor Flash MK-17A<br \/>\nMetz Flash 20 8C 6<br \/>\nViewfinder camera Zorki-6<br \/>\nNikon Speedlight SB-600<br \/>\nMetz flash 35 CT 3<br \/>\nPanasonic PE-145 Flash<br \/>\nVoigtl\u00e4nder folding camera<br \/>\nMetz Flash 30 BCT 4<br \/>\nUnbranded binoculars<br \/>\nFolding camera Super Baldax<br \/>\nElectronic Flash A11 from Olympus<br \/>\nWynes&#8217;s Infallible Exposure Meter<\/td>\n<\/tr>\n<\/tbody>\n<\/table>\n","protected":false},"excerpt":{"rendered":"<p>Mixed lot of various photographic equipment &#8211; 28 pieces of hobbyist equipment &#8211; DEFECTIVE<\/p>\n","protected":false},"featured_media":1159669,"template":"","meta":[],"product_brand":[],"product_cat":[1335],"product_tag":[],"class_list":{"0":"post-1159681","1":"product","2":"type-product","3":"status-publish","4":"has-post-thumbnail","6":"product_cat-sets-convolutes","7":"product_shipping_class-mail-up-to-12-kg","9":"first","10":"instock","11":"purchasable","12":"product-type-simple"},"_links":{"self":[{"href":"https:\/\/fk-secondhand.com\/en\/wp-json\/wp\/v2\/product\/1159681","targetHints":{"allow":["GET"]}}],"collection":[{"href":"https:\/\/fk-secondhand.com\/en\/wp-json\/wp\/v2\/product"}],"about":[{"href":"https:\/\/fk-secondhand.com\/en\/wp-json\/wp\/v2\/types\/product"}],"wp:featuredmedia":[{"embeddable":true,"href":"https:\/\/fk-secondhand.com\/en\/wp-json\/wp\/v2\/media\/1159669"}],"wp:attachment":[{"href":"https:\/\/fk-secondhand.com\/en\/wp-json\/wp\/v2\/media?parent=1159681"}],"wp:term":[{"taxonomy":"product_brand","embeddable":true,"href":"https:\/\/fk-secondhand.com\/en\/wp-json\/wp\/v2\/product_brand?post=1159681"},{"taxonomy":"product_cat","embeddable":true,"href":"https:\/\/fk-secondhand.com\/en\/wp-json\/wp\/v2\/product_cat?post=1159681"},{"taxonomy":"product_tag","embeddable":true,"href":"https:\/\/fk-secondhand.com\/en\/wp-json\/wp\/v2\/product_tag?post=1159681"}],"curies":[{"name":"wp","href":"https:\/\/api.w.org\/{rel}","templated":true}]}}