{"id":1159727,"date":"2025-01-14T14:25:12","date_gmt":"2025-01-14T13:25:12","guid":{"rendered":"https:\/\/fk-secondhand.com\/shop\/konvolut-diverse-sammlergeraete-25-stueck-bastlergeraete-2\/"},"modified":"2025-01-14T14:25:21","modified_gmt":"2025-01-14T13:25:21","slug":"konvolut-diverse-sammlergeraete-25-stueck-bastlergeraete-2","status":"publish","type":"product","link":"https:\/\/fk-secondhand.com\/en\/shop\/konvolut-diverse-sammlergeraete-25-stueck-bastlergeraete-2\/","title":{"rendered":"Konvolut diverse Sammlerger\u00e4te &#8211; 25 St\u00fcck Bastlerger\u00e4te"},"content":{"rendered":"<table class=\"woocommerce-product-attributes shop_attributes\">\n<tbody>\n<tr class=\"woocommerce-product-attributes-item wr-product-desc no-pair\">\n<th>&nbsp;<\/th>\n<td class=\"woocommerce-product-attributes-item__value\">Agfa viewfinder camera<br \/>\nVoigtl\u00e4nder Vitomatic IIb<br \/>\nExposure meter Sixtomat<br \/>\nViewfinder camera Voigtl\u00e4nder 50mm f\/2.8<br \/>\nIhagee Exa II<br \/>\nAgfa Color Solinar 50mm f\/2.8<br \/>\nRollei B35<br \/>\nAstro-Cinema IV 65mm f\/1.5<br \/>\nLight meter Sixtus<br \/>\nCanon AV-1<br \/>\nAgfa Color Apotar 30mm f\/2.8<br \/>\nFolding camera Contessa Zeiss Ikon<br \/>\nOlympus i Zoom7 5<br \/>\nRevue AM Quartz<br \/>\n4 x folding camera Zeiss Ikon<br \/>\nZeiss Ikon S 312 40mm f\/2.8<br \/>\nAgfa Super Silette Automatic 50mm f\/2.8<br \/>\nVivitar Flash Auto Thyristor 4600<br \/>\nVivitar Flash Auto Thyristor 283<br \/>\nAuto Tamron 300mm f\/5.6<br \/>\nEumig glue press<br \/>\nCarl Zeiss Jena 54mm<\/td>\n<\/tr>\n<\/tbody>\n<\/table>\n","protected":false},"excerpt":{"rendered":"<p>Mixed lot of various collectors&#8217; appliances &#8211; 25 pieces of hobbyist appliances &#8211; DEFECTIVE<\/p>\n","protected":false},"featured_media":1159715,"template":"","meta":[],"product_brand":[],"product_cat":[1335],"product_tag":[],"class_list":{"0":"post-1159727","1":"product","2":"type-product","3":"status-publish","4":"has-post-thumbnail","6":"product_cat-sets-convolutes","7":"product_shipping_class-mail-up-to-20-kg","9":"first","10":"instock","11":"purchasable","12":"product-type-simple"},"_links":{"self":[{"href":"https:\/\/fk-secondhand.com\/en\/wp-json\/wp\/v2\/product\/1159727","targetHints":{"allow":["GET"]}}],"collection":[{"href":"https:\/\/fk-secondhand.com\/en\/wp-json\/wp\/v2\/product"}],"about":[{"href":"https:\/\/fk-secondhand.com\/en\/wp-json\/wp\/v2\/types\/product"}],"wp:featuredmedia":[{"embeddable":true,"href":"https:\/\/fk-secondhand.com\/en\/wp-json\/wp\/v2\/media\/1159715"}],"wp:attachment":[{"href":"https:\/\/fk-secondhand.com\/en\/wp-json\/wp\/v2\/media?parent=1159727"}],"wp:term":[{"taxonomy":"product_brand","embeddable":true,"href":"https:\/\/fk-secondhand.com\/en\/wp-json\/wp\/v2\/product_brand?post=1159727"},{"taxonomy":"product_cat","embeddable":true,"href":"https:\/\/fk-secondhand.com\/en\/wp-json\/wp\/v2\/product_cat?post=1159727"},{"taxonomy":"product_tag","embeddable":true,"href":"https:\/\/fk-secondhand.com\/en\/wp-json\/wp\/v2\/product_tag?post=1159727"}],"curies":[{"name":"wp","href":"https:\/\/api.w.org\/{rel}","templated":true}]}}