{"id":1159791,"date":"2025-01-14T14:56:58","date_gmt":"2025-01-14T13:56:58","guid":{"rendered":"https:\/\/fk-secondhand.com\/shop\/konvolut-diverse-sammlergeraete-14-stueck-bastlergeraete-2\/"},"modified":"2025-01-14T14:57:07","modified_gmt":"2025-01-14T13:57:07","slug":"konvolut-diverse-sammlergeraete-14-stueck-bastlergeraete-2","status":"publish","type":"product","link":"https:\/\/fk-secondhand.com\/en\/shop\/konvolut-diverse-sammlergeraete-14-stueck-bastlergeraete-2\/","title":{"rendered":"Konvolut diverse Sammlerger\u00e4te &#8211; 14 St\u00fcck Bastlerger\u00e4te"},"content":{"rendered":"<table class=\"woocommerce-product-attributes shop_attributes\">\n<tbody>\n<tr class=\"woocommerce-product-attributes-item wr-product-desc no-pair\">\n<th>&nbsp;<\/th>\n<td class=\"woocommerce-product-attributes-item__value\">Canon Canonet 28 40mm f\/2.8<br \/>\nToshiba PDR-M70<br \/>\nViewfinder camera Ihagee Dresden<br \/>\nViewfinder camera Agfa<br \/>\nViewfinder camera Agfa Isola 75mm f\/6.3<br \/>\nIhagee Exacta<br \/>\nBlaupunkt Color camera TVC-150<br \/>\nKodak lens attachment<br \/>\nAgfa Colorflex 50mm f\/2.8<br \/>\nViewfinder camera Pionyr<br \/>\nMinolta x-300<br \/>\nCurt Bentzin G\u00f6rlitz<br \/>\nLens adapter<br \/>\nClose-up lens<br \/>\nBell &amp; Howell 16mm f\/1.4<\/td>\n<\/tr>\n<\/tbody>\n<\/table>\n","protected":false},"excerpt":{"rendered":"<p>Mixed lot of various collectors&#8217; appliances &#8211; 14 pieces of hobbyist appliances &#8211; DEFECTIVE<\/p>\n","protected":false},"featured_media":1159781,"template":"","meta":[],"product_brand":[],"product_cat":[1335],"product_tag":[],"class_list":{"0":"post-1159791","1":"product","2":"type-product","3":"status-publish","4":"has-post-thumbnail","6":"product_cat-sets-convolutes","7":"product_shipping_class-mail-up-to-12-kg","9":"first","10":"outofstock","11":"purchasable","12":"product-type-simple"},"_links":{"self":[{"href":"https:\/\/fk-secondhand.com\/en\/wp-json\/wp\/v2\/product\/1159791","targetHints":{"allow":["GET"]}}],"collection":[{"href":"https:\/\/fk-secondhand.com\/en\/wp-json\/wp\/v2\/product"}],"about":[{"href":"https:\/\/fk-secondhand.com\/en\/wp-json\/wp\/v2\/types\/product"}],"wp:featuredmedia":[{"embeddable":true,"href":"https:\/\/fk-secondhand.com\/en\/wp-json\/wp\/v2\/media\/1159781"}],"wp:attachment":[{"href":"https:\/\/fk-secondhand.com\/en\/wp-json\/wp\/v2\/media?parent=1159791"}],"wp:term":[{"taxonomy":"product_brand","embeddable":true,"href":"https:\/\/fk-secondhand.com\/en\/wp-json\/wp\/v2\/product_brand?post=1159791"},{"taxonomy":"product_cat","embeddable":true,"href":"https:\/\/fk-secondhand.com\/en\/wp-json\/wp\/v2\/product_cat?post=1159791"},{"taxonomy":"product_tag","embeddable":true,"href":"https:\/\/fk-secondhand.com\/en\/wp-json\/wp\/v2\/product_tag?post=1159791"}],"curies":[{"name":"wp","href":"https:\/\/api.w.org\/{rel}","templated":true}]}}