{"id":1159861,"date":"2025-01-14T15:28:36","date_gmt":"2025-01-14T14:28:36","guid":{"rendered":"https:\/\/fk-secondhand.com\/shop\/platinen-fuer-vergroesserer-m39-fuer-80-105mm\/"},"modified":"2025-01-14T15:28:45","modified_gmt":"2025-01-14T14:28:45","slug":"platinen-fuer-vergroesserer-m39-fuer-80-105mm","status":"publish","type":"product","link":"https:\/\/fk-secondhand.com\/en\/shop\/platinen-fuer-vergroesserer-m39-fuer-80-105mm\/","title":{"rendered":"Platinen f\u00fcr Vergr\u00f6\u00dferer M39 (f\u00fcr 80\/105mm)"},"content":{"rendered":"<table class=\"woocommerce-product-attributes shop_attributes\">\n<tbody>\n<tr class=\"woocommerce-product-attributes-item wr-product-desc no-pair\">\n<th>&nbsp;<\/th>\n<td class=\"woocommerce-product-attributes-item__value\">For M39 lens threads (80\/105mm)<\/td>\n<\/tr>\n<\/tbody>\n<\/table>\n","protected":false},"excerpt":{"rendered":"<p>Boards for enlargers<\/p>\n","protected":false},"featured_media":1159855,"template":"","meta":[],"product_brand":[],"product_cat":[105],"product_tag":[],"class_list":{"0":"post-1159861","1":"product","2":"type-product","3":"status-publish","4":"has-post-thumbnail","6":"product_cat-enlarging-accessories","7":"product_shipping_class-mail-up-to-2-kg","9":"first","10":"instock","11":"purchasable","12":"product-type-simple"},"_links":{"self":[{"href":"https:\/\/fk-secondhand.com\/en\/wp-json\/wp\/v2\/product\/1159861","targetHints":{"allow":["GET"]}}],"collection":[{"href":"https:\/\/fk-secondhand.com\/en\/wp-json\/wp\/v2\/product"}],"about":[{"href":"https:\/\/fk-secondhand.com\/en\/wp-json\/wp\/v2\/types\/product"}],"wp:featuredmedia":[{"embeddable":true,"href":"https:\/\/fk-secondhand.com\/en\/wp-json\/wp\/v2\/media\/1159855"}],"wp:attachment":[{"href":"https:\/\/fk-secondhand.com\/en\/wp-json\/wp\/v2\/media?parent=1159861"}],"wp:term":[{"taxonomy":"product_brand","embeddable":true,"href":"https:\/\/fk-secondhand.com\/en\/wp-json\/wp\/v2\/product_brand?post=1159861"},{"taxonomy":"product_cat","embeddable":true,"href":"https:\/\/fk-secondhand.com\/en\/wp-json\/wp\/v2\/product_cat?post=1159861"},{"taxonomy":"product_tag","embeddable":true,"href":"https:\/\/fk-secondhand.com\/en\/wp-json\/wp\/v2\/product_tag?post=1159861"}],"curies":[{"name":"wp","href":"https:\/\/api.w.org\/{rel}","templated":true}]}}