{"id":1165166,"date":"2025-01-24T14:59:07","date_gmt":"2025-01-24T13:59:07","guid":{"rendered":"https:\/\/fk-secondhand.com\/shop\/hama-gelatinefilter-fuer-farbvergroesserungen\/"},"modified":"2025-01-24T15:00:32","modified_gmt":"2025-01-24T14:00:32","slug":"hama-gelatinefilter-fuer-farbvergroesserungen","status":"publish","type":"product","link":"https:\/\/fk-secondhand.com\/en\/shop\/hama-gelatinefilter-fuer-farbvergroesserungen\/","title":{"rendered":"Hama Gelatinefilter f\u00fcr Farbvergr\u00f6\u00dferungen"},"content":{"rendered":"<table class=\"woocommerce-product-attributes shop_attributes\">\n<tbody>\n<tr class=\"woocommerce-product-attributes-item wr-product-desc\">\n<th class=\"woocommerce-product-attributes-item__label\">Brand<\/th>\n<td class=\"woocommerce-product-attributes-item__value\">\n<p>Hama<br \/>\n12 x yellow<br \/>\n12 x magenta<br \/>\n12 x cyan<\/p>\n<\/td>\n<\/tr>\n<\/tbody>\n<\/table>\n","protected":false},"excerpt":{"rendered":"<p>Gelatine filter for color enlargements<\/p>\n","protected":false},"featured_media":1165158,"template":"","meta":[],"product_brand":[],"product_cat":[316],"product_tag":[],"class_list":{"0":"post-1165166","1":"product","2":"type-product","3":"status-publish","4":"has-post-thumbnail","6":"product_cat-filter-sets-auxiliary-lenses","7":"product_shipping_class-mail-up-to-2-kg","8":"pa_marke-hama-en","10":"first","11":"instock","12":"purchasable","13":"product-type-simple"},"_links":{"self":[{"href":"https:\/\/fk-secondhand.com\/en\/wp-json\/wp\/v2\/product\/1165166","targetHints":{"allow":["GET"]}}],"collection":[{"href":"https:\/\/fk-secondhand.com\/en\/wp-json\/wp\/v2\/product"}],"about":[{"href":"https:\/\/fk-secondhand.com\/en\/wp-json\/wp\/v2\/types\/product"}],"wp:featuredmedia":[{"embeddable":true,"href":"https:\/\/fk-secondhand.com\/en\/wp-json\/wp\/v2\/media\/1165158"}],"wp:attachment":[{"href":"https:\/\/fk-secondhand.com\/en\/wp-json\/wp\/v2\/media?parent=1165166"}],"wp:term":[{"taxonomy":"product_brand","embeddable":true,"href":"https:\/\/fk-secondhand.com\/en\/wp-json\/wp\/v2\/product_brand?post=1165166"},{"taxonomy":"product_cat","embeddable":true,"href":"https:\/\/fk-secondhand.com\/en\/wp-json\/wp\/v2\/product_cat?post=1165166"},{"taxonomy":"product_tag","embeddable":true,"href":"https:\/\/fk-secondhand.com\/en\/wp-json\/wp\/v2\/product_tag?post=1165166"}],"curies":[{"name":"wp","href":"https:\/\/api.w.org\/{rel}","templated":true}]}}