{"id":1171530,"date":"2025-02-05T11:14:13","date_gmt":"2025-02-05T10:14:13","guid":{"rendered":"https:\/\/fk-secondhand.com\/shop\/konvolut-diverse-fotogeraete-20-stueck-bastlergeraete-5\/"},"modified":"2025-02-05T11:14:22","modified_gmt":"2025-02-05T10:14:22","slug":"konvolut-diverse-fotogeraete-20-stueck-bastlergeraete-5","status":"publish","type":"product","link":"https:\/\/fk-secondhand.com\/en\/shop\/konvolut-diverse-fotogeraete-20-stueck-bastlergeraete-5\/","title":{"rendered":"Konvolut diverse Fotoger\u00e4te &#8211; 20 St\u00fcck Bastlerger\u00e4te"},"content":{"rendered":"<table class=\"woocommerce-product-attributes shop_attributes\">\n<tbody>\n<tr class=\"woocommerce-product-attributes-item wr-product-desc no-pair\">\n<th>&nbsp;<\/th>\n<td class=\"woocommerce-product-attributes-item__value\">Flash Braun Hobby 23BC<br \/>\nFlash Metz 30 BCT 4<br \/>\nFlash Metz 28 AF-4 M<br \/>\nFlash Vivitar auto thyristor 283<br \/>\nFlash Minolta program 2800 AF<br \/>\nTripod Braun<br \/>\nViewfinder camera Paxette 45mm f\/2.8<br \/>\nViewfinder camera Bessamatic Voigtl\u00e4nder<br \/>\nViewfinder camera Chinon Auto GLX 35mm f\/3.9<br \/>\nViewfinder camera Voigtl\u00e4nder<br \/>\nViewfinder camera Konica C35<br \/>\nViewfinder camera Canon AF 35 J<br \/>\nViewfinder camera Contaflex by Zeiss 45mm f\/2.8<br \/>\nViewfinder camera Canon Prima Zoom 70F<br \/>\nViewfinder camera Olympus LT Zoom 105<br \/>\nRollei A26<br \/>\nVideo camera Chinon GS-7<br \/>\nVideo camera Philips VKR6890<br \/>\nViewfinder camera Minox 35 EL<br \/>\nPolaroid Automatic 340 Land Camera<\/td>\n<\/tr>\n<\/tbody>\n<\/table>\n","protected":false},"excerpt":{"rendered":"<p>Mixed lot of various photographic devices &#8211; function not tested<\/p>\n","protected":false},"featured_media":1171518,"template":"","meta":[],"product_brand":[],"product_cat":[1335],"product_tag":[],"class_list":{"0":"post-1171530","1":"product","2":"type-product","3":"status-publish","4":"has-post-thumbnail","6":"product_cat-sets-convolutes","7":"product_shipping_class-mail-up-to-20-kg","9":"first","10":"instock","11":"purchasable","12":"product-type-simple"},"_links":{"self":[{"href":"https:\/\/fk-secondhand.com\/en\/wp-json\/wp\/v2\/product\/1171530","targetHints":{"allow":["GET"]}}],"collection":[{"href":"https:\/\/fk-secondhand.com\/en\/wp-json\/wp\/v2\/product"}],"about":[{"href":"https:\/\/fk-secondhand.com\/en\/wp-json\/wp\/v2\/types\/product"}],"wp:featuredmedia":[{"embeddable":true,"href":"https:\/\/fk-secondhand.com\/en\/wp-json\/wp\/v2\/media\/1171518"}],"wp:attachment":[{"href":"https:\/\/fk-secondhand.com\/en\/wp-json\/wp\/v2\/media?parent=1171530"}],"wp:term":[{"taxonomy":"product_brand","embeddable":true,"href":"https:\/\/fk-secondhand.com\/en\/wp-json\/wp\/v2\/product_brand?post=1171530"},{"taxonomy":"product_cat","embeddable":true,"href":"https:\/\/fk-secondhand.com\/en\/wp-json\/wp\/v2\/product_cat?post=1171530"},{"taxonomy":"product_tag","embeddable":true,"href":"https:\/\/fk-secondhand.com\/en\/wp-json\/wp\/v2\/product_tag?post=1171530"}],"curies":[{"name":"wp","href":"https:\/\/api.w.org\/{rel}","templated":true}]}}