{"id":1176358,"date":"2025-02-13T12:47:30","date_gmt":"2025-02-13T11:47:30","guid":{"rendered":"https:\/\/fk-secondhand.com\/shop\/sony-zv-e10-ii-body-spiegellose-digitalkamera-2053423\/"},"modified":"2025-02-13T12:47:58","modified_gmt":"2025-02-13T11:47:58","slug":"sony-zv-e10-ii-body-spiegellose-digitalkamera-2053423","status":"publish","type":"product","link":"https:\/\/fk-secondhand.com\/en\/shop\/sony-zv-e10-ii-body-spiegellose-digitalkamera-2053423\/","title":{"rendered":"Sony ZV-E10 II Body &#8211; spiegellose Digitalkamera &#8211; #2053423"},"content":{"rendered":"<table class=\"woocommerce-product-attributes shop_attributes\">\n<tbody>\n<tr class=\"woocommerce-product-attributes-item wr-product-desc\">\n<th class=\"woocommerce-product-attributes-item__label\">Introduced<\/th>\n<td class=\"woocommerce-product-attributes-item__value\">\n<p>Juli 2024<\/p>\n<\/td>\n<\/tr>\n<tr class=\"woocommerce-product-attributes-item wr-product-desc\">\n<th class=\"woocommerce-product-attributes-item__label\">Type<\/th>\n<td class=\"woocommerce-product-attributes-item__value\">\n<p>Mirrorless System Camera<\/p>\n<\/td>\n<\/tr>\n<tr class=\"woocommerce-product-attributes-item wr-product-desc\">\n<th class=\"woocommerce-product-attributes-item__label\">Sensor<\/th>\n<td class=\"woocommerce-product-attributes-item__value\">\n<p>CMOS (23,6 x 15,8 mm)<\/p>\n<\/td>\n<\/tr>\n<tr class=\"woocommerce-product-attributes-item wr-product-desc\">\n<th class=\"woocommerce-product-attributes-item__label\">Pixel (effective)<\/th>\n<td class=\"woocommerce-product-attributes-item__value\">\n<p>26.0 million pixel<\/p>\n<\/td>\n<\/tr>\n<tr class=\"woocommerce-product-attributes-item wr-product-desc\">\n<th class=\"woocommerce-product-attributes-item__label\">Image Size<\/th>\n<td class=\"woocommerce-product-attributes-item__value\">\n<p>APS-C Format<\/p>\n<\/td>\n<\/tr>\n<tr class=\"woocommerce-product-attributes-item wr-product-desc\">\n<th class=\"woocommerce-product-attributes-item__label\">Crop Factor<\/th>\n<td class=\"woocommerce-product-attributes-item__value\">\n<p>1,5x<\/p>\n<\/td>\n<\/tr>\n<tr class=\"woocommerce-product-attributes-item wr-product-desc\">\n<th class=\"woocommerce-product-attributes-item__label\">Bayonet<\/th>\n<td class=\"woocommerce-product-attributes-item__value\">\n<p>Sony E<\/p>\n<\/td>\n<\/tr>\n<tr class=\"woocommerce-product-attributes-item wr-product-desc\">\n<th class=\"woocommerce-product-attributes-item__label\">ISO Sensitivity<\/th>\n<td class=\"woocommerce-product-attributes-item__value\">\n<p>100 bis ISO 6.400 (Automatik), ISO 50 bis ISO 51.200 (manuell)<\/p>\n<\/td>\n<\/tr>\n<tr class=\"woocommerce-product-attributes-item wr-product-desc\">\n<th class=\"woocommerce-product-attributes-item__label\">Continuous Shooting<\/th>\n<td class=\"woocommerce-product-attributes-item__value\">\n<p>approx. Serienbildfunktion max. 11.0 Bilder\/s bei h\u00f6chster Aufl\u00f6sung und max. 116 gespeicherten Fotos, Serienbildfunktion inklusive AF- und AE-Nachf\u00fchrung fps<\/p>\n<\/td>\n<\/tr>\n<tr class=\"woocommerce-product-attributes-item wr-product-desc\">\n<th class=\"woocommerce-product-attributes-item__label\">Shutter<\/th>\n<td class=\"woocommerce-product-attributes-item__value\">\n<p>Automatik, Aufhellblitz, Blitz ein, Blitz aus, Highspeed Synchronisation, Langzeitsynchronisation, Blitzen auf den zweiten Verschlussvorhang, Rote-Augen-Reduktion durch Vorblitz, Masterfunktion, Blitzbelichtungskorrektur von -3,0 EV bis +3,0 EV<\/p>\n<\/td>\n<\/tr>\n<tr class=\"woocommerce-product-attributes-item wr-product-desc\">\n<th class=\"woocommerce-product-attributes-item__label\">Shutter Speed<\/th>\n<td class=\"woocommerce-product-attributes-item__value\">\n<p>1\/4.000 bis 30 s (Automatik), 1\/4.000 bis 30 s (Manuell), 1\/8.000 bis 30 s (elektronischer Verschluss), Bulb-Funktion sec.<\/p>\n<\/td>\n<\/tr>\n<tr class=\"woocommerce-product-attributes-item wr-product-desc\">\n<th class=\"woocommerce-product-attributes-item__label\">Metering Methods<\/th>\n<td class=\"woocommerce-product-attributes-item__value\">\n<p>Center-weighted integral, Multi-segment, Matrix, Spot<\/p>\n<\/td>\n<\/tr>\n<tr class=\"woocommerce-product-attributes-item wr-product-desc\">\n<th class=\"woocommerce-product-attributes-item__label\">Exposure Control<\/th>\n<td class=\"woocommerce-product-attributes-item__value\">\n<p>Full Auto, Auto Program, Time Value, Aperture Value, Manual<\/p>\n<\/td>\n<\/tr>\n<tr class=\"woocommerce-product-attributes-item wr-product-desc\">\n<th class=\"woocommerce-product-attributes-item__label\">Monitor<\/th>\n<td class=\"woocommerce-product-attributes-item__value\">\n<p>3,0&#8243;<\/p>\n<\/td>\n<\/tr>\n<tr class=\"woocommerce-product-attributes-item wr-product-desc\">\n<th class=\"woocommerce-product-attributes-item__label\">File Formats<\/th>\n<td class=\"woocommerce-product-attributes-item__value\">\n<p>JPEG, RAW, MPEG-4, AVCHD<\/p>\n<\/td>\n<\/tr>\n<tr class=\"woocommerce-product-attributes-item wr-product-desc\">\n<th class=\"woocommerce-product-attributes-item__label\">Video Recording<\/th>\n<td class=\"woocommerce-product-attributes-item__value\">\n<p>Full-HD (1.920 x 1.080, 30p), 4K UHD (16:9, 3.840 x 2.160, 30p)<\/p>\n<\/td>\n<\/tr>\n<tr class=\"woocommerce-product-attributes-item wr-product-desc\">\n<th class=\"woocommerce-product-attributes-item__label\">Storage media<\/th>\n<td class=\"woocommerce-product-attributes-item__value\">\n<p>Secure Digital &#8211; SD, Secure Digital &#8211; SDHC, Secure Digital &#8211; SDXC<\/p>\n<\/td>\n<\/tr>\n<tr class=\"woocommerce-product-attributes-item wr-product-desc\">\n<th class=\"woocommerce-product-attributes-item__label\">Dimensions (WxHxD)<\/th>\n<td class=\"woocommerce-product-attributes-item__value\">\n<p>approx. 115 x 67 x 54 mm<\/p>\n<\/td>\n<\/tr>\n<tr class=\"woocommerce-product-attributes-item wr-product-desc\">\n<th class=\"woocommerce-product-attributes-item__label\">Weight<\/th>\n<td class=\"woocommerce-product-attributes-item__value\">\n<p>approx. 292 g<\/p>\n<\/td>\n<\/tr>\n<\/tbody>\n<\/table>\n","protected":false},"excerpt":{"rendered":"<p>Mirrorless digital camera from Sony<\/p>\n<p>::: Shutter count not readable :::<\/p>\n","protected":false},"featured_media":1176342,"template":"","meta":[],"product_brand":[],"product_cat":[111],"product_tag":[],"class_list":{"0":"post-1176358","1":"product","2":"type-product","3":"status-publish","4":"has-post-thumbnail","6":"product_cat-digital-cameras","7":"product_shipping_class-mail-up-to-2-kg","8":"pa_marke-sony-en","10":"first","11":"outofstock","12":"purchasable","13":"product-type-simple"},"_links":{"self":[{"href":"https:\/\/fk-secondhand.com\/en\/wp-json\/wp\/v2\/product\/1176358","targetHints":{"allow":["GET"]}}],"collection":[{"href":"https:\/\/fk-secondhand.com\/en\/wp-json\/wp\/v2\/product"}],"about":[{"href":"https:\/\/fk-secondhand.com\/en\/wp-json\/wp\/v2\/types\/product"}],"wp:featuredmedia":[{"embeddable":true,"href":"https:\/\/fk-secondhand.com\/en\/wp-json\/wp\/v2\/media\/1176342"}],"wp:attachment":[{"href":"https:\/\/fk-secondhand.com\/en\/wp-json\/wp\/v2\/media?parent=1176358"}],"wp:term":[{"taxonomy":"product_brand","embeddable":true,"href":"https:\/\/fk-secondhand.com\/en\/wp-json\/wp\/v2\/product_brand?post=1176358"},{"taxonomy":"product_cat","embeddable":true,"href":"https:\/\/fk-secondhand.com\/en\/wp-json\/wp\/v2\/product_cat?post=1176358"},{"taxonomy":"product_tag","embeddable":true,"href":"https:\/\/fk-secondhand.com\/en\/wp-json\/wp\/v2\/product_tag?post=1176358"}],"curies":[{"name":"wp","href":"https:\/\/api.w.org\/{rel}","templated":true}]}}