{"id":1179635,"date":"2025-02-19T09:41:41","date_gmt":"2025-02-19T08:41:41","guid":{"rendered":"https:\/\/fk-secondhand.com\/shop\/haehnel-giga-t-pro-ii-funk-fernausloeser-fuer-sony\/"},"modified":"2025-02-19T09:41:54","modified_gmt":"2025-02-19T08:41:54","slug":"haehnel-giga-t-pro-ii-funk-fernausloeser-fuer-sony","status":"publish","type":"product","link":"https:\/\/fk-secondhand.com\/en\/shop\/haehnel-giga-t-pro-ii-funk-fernausloeser-fuer-sony\/","title":{"rendered":"H\u00e4hnel Giga T Pro II Funk-Fernausl\u00f6ser f\u00fcr Sony"},"content":{"rendered":"<table class=\"woocommerce-product-attributes shop_attributes\">\n<tbody>\n<tr class=\"woocommerce-product-attributes-item wr-product-desc\">\n<th class=\"woocommerce-product-attributes-item__label\">Brand<\/th>\n<td class=\"woocommerce-product-attributes-item__value\">\n<p>H\u00e4hnel<br \/>\n2.4GHz Wireless timer remote<br \/>\nAlmost unlimited setting options<br \/>\nRadio range of over 100 m<br \/>\nPower supply: CR2 battery (receiver), CR2032 battery (transmitter)<\/p>\n<\/td>\n<\/tr>\n<\/tbody>\n<\/table>\n","protected":false},"excerpt":{"rendered":"<p>Remote shutter release for Sony &#8211; function not tested<\/p>\n","protected":false},"featured_media":1179629,"template":"","meta":[],"product_brand":[],"product_cat":[342],"product_tag":[],"class_list":{"0":"post-1179635","1":"product","2":"type-product","3":"status-publish","4":"has-post-thumbnail","6":"product_cat-camera-triggers-remotes","7":"product_shipping_class-mail-up-to-2-kg","8":"pa_marke-haehnel-en","10":"first","11":"outofstock","12":"purchasable","13":"product-type-simple"},"_links":{"self":[{"href":"https:\/\/fk-secondhand.com\/en\/wp-json\/wp\/v2\/product\/1179635","targetHints":{"allow":["GET"]}}],"collection":[{"href":"https:\/\/fk-secondhand.com\/en\/wp-json\/wp\/v2\/product"}],"about":[{"href":"https:\/\/fk-secondhand.com\/en\/wp-json\/wp\/v2\/types\/product"}],"wp:featuredmedia":[{"embeddable":true,"href":"https:\/\/fk-secondhand.com\/en\/wp-json\/wp\/v2\/media\/1179629"}],"wp:attachment":[{"href":"https:\/\/fk-secondhand.com\/en\/wp-json\/wp\/v2\/media?parent=1179635"}],"wp:term":[{"taxonomy":"product_brand","embeddable":true,"href":"https:\/\/fk-secondhand.com\/en\/wp-json\/wp\/v2\/product_brand?post=1179635"},{"taxonomy":"product_cat","embeddable":true,"href":"https:\/\/fk-secondhand.com\/en\/wp-json\/wp\/v2\/product_cat?post=1179635"},{"taxonomy":"product_tag","embeddable":true,"href":"https:\/\/fk-secondhand.com\/en\/wp-json\/wp\/v2\/product_tag?post=1179635"}],"curies":[{"name":"wp","href":"https:\/\/api.w.org\/{rel}","templated":true}]}}