{"id":1181339,"date":"2025-02-21T13:02:15","date_gmt":"2025-02-21T12:02:15","guid":{"rendered":"https:\/\/fk-secondhand.com\/shop\/canon-mattscheibe-eg-s-fuer-eos-5d-mark-ii\/"},"modified":"2025-02-21T13:02:28","modified_gmt":"2025-02-21T12:02:28","slug":"canon-mattscheibe-eg-s-fuer-eos-5d-mark-ii","status":"publish","type":"product","link":"https:\/\/fk-secondhand.com\/en\/shop\/canon-mattscheibe-eg-s-fuer-eos-5d-mark-ii\/","title":{"rendered":"Canon Mattscheibe Eg S \/ f\u00fcr EOS 5D Mark II"},"content":{"rendered":"<table class=\"woocommerce-product-attributes shop_attributes\">\n<tbody>\n<tr class=\"woocommerce-product-attributes-item wr-product-desc no-pair\">\n<th>&nbsp;<\/th>\n<td class=\"woocommerce-product-attributes-item__value\">CZ6-9567<br \/>\nDiese \u201eS\u201c-Fokussierscheibe verringert die Sch\u00e4rfe der leicht unscharfen Bereiche um Ihr scharfes Motiv herum und sorgt so f\u00fcr einen sch\u00e4rferen Kontrast.<br \/>\nKompatibel mit Canon EOS 5D Mk II und 6D.<\/td>\n<\/tr>\n<\/tbody>\n<\/table>\n","protected":false},"excerpt":{"rendered":"<p>Focusing screen by Canon<\/p>\n","protected":false},"featured_media":1181333,"template":"","meta":[],"product_brand":[],"product_cat":[1344],"product_tag":[],"class_list":{"0":"post-1181339","1":"product","2":"type-product","3":"status-publish","4":"has-post-thumbnail","6":"product_cat-focus-screens-viewfinders-eyecups","7":"product_shipping_class-mail-up-to-2-kg","8":"pa_marke-canon-en","10":"first","11":"outofstock","12":"taxable","13":"shipping-taxable","14":"purchasable","15":"product-type-simple"},"_links":{"self":[{"href":"https:\/\/fk-secondhand.com\/en\/wp-json\/wp\/v2\/product\/1181339","targetHints":{"allow":["GET"]}}],"collection":[{"href":"https:\/\/fk-secondhand.com\/en\/wp-json\/wp\/v2\/product"}],"about":[{"href":"https:\/\/fk-secondhand.com\/en\/wp-json\/wp\/v2\/types\/product"}],"wp:featuredmedia":[{"embeddable":true,"href":"https:\/\/fk-secondhand.com\/en\/wp-json\/wp\/v2\/media\/1181333"}],"wp:attachment":[{"href":"https:\/\/fk-secondhand.com\/en\/wp-json\/wp\/v2\/media?parent=1181339"}],"wp:term":[{"taxonomy":"product_brand","embeddable":true,"href":"https:\/\/fk-secondhand.com\/en\/wp-json\/wp\/v2\/product_brand?post=1181339"},{"taxonomy":"product_cat","embeddable":true,"href":"https:\/\/fk-secondhand.com\/en\/wp-json\/wp\/v2\/product_cat?post=1181339"},{"taxonomy":"product_tag","embeddable":true,"href":"https:\/\/fk-secondhand.com\/en\/wp-json\/wp\/v2\/product_tag?post=1181339"}],"curies":[{"name":"wp","href":"https:\/\/api.w.org\/{rel}","templated":true}]}}