{"id":1183116,"date":"2025-02-26T11:05:09","date_gmt":"2025-02-26T10:05:09","guid":{"rendered":"https:\/\/fk-secondhand.com\/shop\/meopta-farbmischkopf-color-3-fuer-vergroesserungsgeraete-2\/"},"modified":"2025-02-26T11:05:21","modified_gmt":"2025-02-26T10:05:21","slug":"meopta-farbmischkopf-color-3-fuer-vergroesserungsgeraete-2","status":"publish","type":"product","link":"https:\/\/fk-secondhand.com\/en\/shop\/meopta-farbmischkopf-color-3-fuer-vergroesserungsgeraete-2\/","title":{"rendered":"Meopta Farbmischkopf Color 3 f\u00fcr Vergr\u00f6\u00dferungsger\u00e4te"},"content":{"rendered":"<table class=\"woocommerce-product-attributes shop_attributes\">\n<tbody>\n<tr class=\"woocommerce-product-attributes-item wr-product-desc\">\n<th class=\"woocommerce-product-attributes-item__label\">Type<\/th>\n<td class=\"woocommerce-product-attributes-item__value\">\n<p>Color 3<br \/>\nFor Axomat 5, Opemus 6, Opemus 7 and Magnifax 4<br \/>\nWith color mixing box and transformer<br \/>\nFor cold light mirror lamp 12V 100W with pin base<\/p>\n<\/td>\n<\/tr>\n<\/tbody>\n<\/table>\n","protected":false},"excerpt":{"rendered":"<p>MEOPTA color mixing head &#8211; function not tested<\/p>\n","protected":false},"featured_media":1183106,"template":"","meta":[],"product_brand":[],"product_cat":[105],"product_tag":[],"class_list":{"0":"post-1183116","1":"product","2":"type-product","3":"status-publish","4":"has-post-thumbnail","6":"product_cat-enlarging-accessories","7":"product_shipping_class-mail-up-to-4-kg","8":"pa_marke-meopta-en","10":"first","11":"outofstock","12":"purchasable","13":"product-type-simple"},"_links":{"self":[{"href":"https:\/\/fk-secondhand.com\/en\/wp-json\/wp\/v2\/product\/1183116","targetHints":{"allow":["GET"]}}],"collection":[{"href":"https:\/\/fk-secondhand.com\/en\/wp-json\/wp\/v2\/product"}],"about":[{"href":"https:\/\/fk-secondhand.com\/en\/wp-json\/wp\/v2\/types\/product"}],"wp:featuredmedia":[{"embeddable":true,"href":"https:\/\/fk-secondhand.com\/en\/wp-json\/wp\/v2\/media\/1183106"}],"wp:attachment":[{"href":"https:\/\/fk-secondhand.com\/en\/wp-json\/wp\/v2\/media?parent=1183116"}],"wp:term":[{"taxonomy":"product_brand","embeddable":true,"href":"https:\/\/fk-secondhand.com\/en\/wp-json\/wp\/v2\/product_brand?post=1183116"},{"taxonomy":"product_cat","embeddable":true,"href":"https:\/\/fk-secondhand.com\/en\/wp-json\/wp\/v2\/product_cat?post=1183116"},{"taxonomy":"product_tag","embeddable":true,"href":"https:\/\/fk-secondhand.com\/en\/wp-json\/wp\/v2\/product_tag?post=1183116"}],"curies":[{"name":"wp","href":"https:\/\/api.w.org\/{rel}","templated":true}]}}