{"id":1204094,"date":"2025-04-11T15:53:58","date_gmt":"2025-04-11T13:53:58","guid":{"rendered":"https:\/\/fk-secondhand.com\/shop\/haehnel-viper-ttl-funk-gruppen-blitzausloeser-fuer-canon\/"},"modified":"2025-04-11T15:54:09","modified_gmt":"2025-04-11T13:54:09","slug":"haehnel-viper-ttl-funk-gruppen-blitzausloeser-fuer-canon","status":"publish","type":"product","link":"https:\/\/fk-secondhand.com\/en\/shop\/haehnel-viper-ttl-funk-gruppen-blitzausloeser-fuer-canon\/","title":{"rendered":"H\u00e4hnel Viper TTL Funk Gruppen-Blitzausl\u00f6ser f\u00fcr Canon"},"content":{"rendered":"<table class=\"woocommerce-product-attributes shop_attributes\">\n<tbody>\n<tr class=\"woocommerce-product-attributes-item wr-product-desc no-pair\">\n<th>&nbsp;<\/th>\n<td class=\"woocommerce-product-attributes-item__value\">LCD control via 3 groups<br \/>\nManual, TTL and Multi Modes<br \/>\n2.4GHz wireless frequency &#8211; up to 100m range<\/td>\n<\/tr>\n<\/tbody>\n<\/table>\n","protected":false},"excerpt":{"rendered":"<p>Flash trigger for Canon<\/p>\n","protected":false},"featured_media":1204088,"template":"","meta":[],"product_brand":[],"product_cat":[1329],"product_tag":[],"class_list":{"0":"post-1204094","1":"product","2":"type-product","3":"status-publish","4":"has-post-thumbnail","6":"product_cat-accessories-for-flash-guns","7":"product_shipping_class-mail-up-to-2-kg","8":"pa_marke-haehnel-en","10":"first","11":"outofstock","12":"taxable","13":"shipping-taxable","14":"purchasable","15":"product-type-simple"},"_links":{"self":[{"href":"https:\/\/fk-secondhand.com\/en\/wp-json\/wp\/v2\/product\/1204094","targetHints":{"allow":["GET"]}}],"collection":[{"href":"https:\/\/fk-secondhand.com\/en\/wp-json\/wp\/v2\/product"}],"about":[{"href":"https:\/\/fk-secondhand.com\/en\/wp-json\/wp\/v2\/types\/product"}],"wp:featuredmedia":[{"embeddable":true,"href":"https:\/\/fk-secondhand.com\/en\/wp-json\/wp\/v2\/media\/1204088"}],"wp:attachment":[{"href":"https:\/\/fk-secondhand.com\/en\/wp-json\/wp\/v2\/media?parent=1204094"}],"wp:term":[{"taxonomy":"product_brand","embeddable":true,"href":"https:\/\/fk-secondhand.com\/en\/wp-json\/wp\/v2\/product_brand?post=1204094"},{"taxonomy":"product_cat","embeddable":true,"href":"https:\/\/fk-secondhand.com\/en\/wp-json\/wp\/v2\/product_cat?post=1204094"},{"taxonomy":"product_tag","embeddable":true,"href":"https:\/\/fk-secondhand.com\/en\/wp-json\/wp\/v2\/product_tag?post=1204094"}],"curies":[{"name":"wp","href":"https:\/\/api.w.org\/{rel}","templated":true}]}}