{"id":1204102,"date":"2025-04-11T15:57:46","date_gmt":"2025-04-11T13:57:46","guid":{"rendered":"https:\/\/fk-secondhand.com\/shop\/haehnel-captur-ausloeseset-fuer-olympus-panasonic\/"},"modified":"2025-04-11T15:58:00","modified_gmt":"2025-04-11T13:58:00","slug":"haehnel-captur-ausloeseset-fuer-olympus-panasonic","status":"publish","type":"product","link":"https:\/\/fk-secondhand.com\/en\/shop\/haehnel-captur-ausloeseset-fuer-olympus-panasonic\/","title":{"rendered":"H\u00e4hnel Captur Ausl\u00f6seset f\u00fcr Olympus Panasonic"},"content":{"rendered":"<table class=\"woocommerce-product-attributes shop_attributes\">\n<tbody>\n<tr class=\"woocommerce-product-attributes-item wr-product-desc no-pair\">\n<th>&nbsp;<\/th>\n<td class=\"woocommerce-product-attributes-item__value\">Includes interchangeable camera connection cables per brand<br \/>\nAutofocus and trigger with continuous shooting function and bulb mode<br \/>\nOperation with AA batteries<br \/>\nDCM &#8211; Digital Channel Matching<\/td>\n<\/tr>\n<\/tbody>\n<\/table>\n","protected":false},"excerpt":{"rendered":"<p>Remote control and flash trigger<\/p>\n","protected":false},"featured_media":1204096,"template":"","meta":[],"product_brand":[],"product_cat":[342],"product_tag":[],"class_list":{"0":"post-1204102","1":"product","2":"type-product","3":"status-publish","4":"has-post-thumbnail","6":"product_cat-camera-triggers-remotes","7":"product_shipping_class-mail-up-to-2-kg","8":"pa_marke-haehnel-en","10":"first","11":"outofstock","12":"taxable","13":"shipping-taxable","14":"purchasable","15":"product-type-simple"},"_links":{"self":[{"href":"https:\/\/fk-secondhand.com\/en\/wp-json\/wp\/v2\/product\/1204102","targetHints":{"allow":["GET"]}}],"collection":[{"href":"https:\/\/fk-secondhand.com\/en\/wp-json\/wp\/v2\/product"}],"about":[{"href":"https:\/\/fk-secondhand.com\/en\/wp-json\/wp\/v2\/types\/product"}],"wp:featuredmedia":[{"embeddable":true,"href":"https:\/\/fk-secondhand.com\/en\/wp-json\/wp\/v2\/media\/1204096"}],"wp:attachment":[{"href":"https:\/\/fk-secondhand.com\/en\/wp-json\/wp\/v2\/media?parent=1204102"}],"wp:term":[{"taxonomy":"product_brand","embeddable":true,"href":"https:\/\/fk-secondhand.com\/en\/wp-json\/wp\/v2\/product_brand?post=1204102"},{"taxonomy":"product_cat","embeddable":true,"href":"https:\/\/fk-secondhand.com\/en\/wp-json\/wp\/v2\/product_cat?post=1204102"},{"taxonomy":"product_tag","embeddable":true,"href":"https:\/\/fk-secondhand.com\/en\/wp-json\/wp\/v2\/product_tag?post=1204102"}],"curies":[{"name":"wp","href":"https:\/\/api.w.org\/{rel}","templated":true}]}}