{"id":1206816,"date":"2025-04-16T11:53:22","date_gmt":"2025-04-16T09:53:22","guid":{"rendered":"https:\/\/fk-secondhand.com\/shop\/leica-db-2-datenrueckwand-fuer-r-kameras-bastlergeraet\/"},"modified":"2025-04-16T11:53:35","modified_gmt":"2025-04-16T09:53:35","slug":"leica-db-2-datenrueckwand-fuer-r-kameras-bastlergeraet","status":"publish","type":"product","link":"https:\/\/fk-secondhand.com\/en\/shop\/leica-db-2-datenrueckwand-fuer-r-kameras-bastlergeraet\/","title":{"rendered":"Leica DB-2 Datenr\u00fcckwand f\u00fcr R Kameras &#8211; Bastlerger\u00e4t"},"content":{"rendered":"<table class=\"woocommerce-product-attributes shop_attributes\">\n<tbody>\n<tr class=\"woocommerce-product-attributes-item wr-product-desc no-pair\">\n<th>&nbsp;<\/th>\n<td class=\"woocommerce-product-attributes-item__value\">Leica Data Backplane DB-2<br \/>\nFor Leica-R 5<\/td>\n<\/tr>\n<\/tbody>\n<\/table>\n","protected":false},"excerpt":{"rendered":"<p>Data backplate made by Leica<\/p>\n<p>::: Collector&#8217;s item :::<\/p>\n","protected":false},"featured_media":1206810,"template":"","meta":[],"product_brand":[],"product_cat":[1342],"product_tag":[],"class_list":{"0":"post-1206816","1":"product","2":"type-product","3":"status-publish","4":"has-post-thumbnail","6":"product_cat-device-protection-caps-covers","7":"product_shipping_class-mail-up-to-2-kg","8":"pa_marke-leica-en","10":"first","11":"instock","12":"purchasable","13":"product-type-simple"},"_links":{"self":[{"href":"https:\/\/fk-secondhand.com\/en\/wp-json\/wp\/v2\/product\/1206816","targetHints":{"allow":["GET"]}}],"collection":[{"href":"https:\/\/fk-secondhand.com\/en\/wp-json\/wp\/v2\/product"}],"about":[{"href":"https:\/\/fk-secondhand.com\/en\/wp-json\/wp\/v2\/types\/product"}],"wp:featuredmedia":[{"embeddable":true,"href":"https:\/\/fk-secondhand.com\/en\/wp-json\/wp\/v2\/media\/1206810"}],"wp:attachment":[{"href":"https:\/\/fk-secondhand.com\/en\/wp-json\/wp\/v2\/media?parent=1206816"}],"wp:term":[{"taxonomy":"product_brand","embeddable":true,"href":"https:\/\/fk-secondhand.com\/en\/wp-json\/wp\/v2\/product_brand?post=1206816"},{"taxonomy":"product_cat","embeddable":true,"href":"https:\/\/fk-secondhand.com\/en\/wp-json\/wp\/v2\/product_cat?post=1206816"},{"taxonomy":"product_tag","embeddable":true,"href":"https:\/\/fk-secondhand.com\/en\/wp-json\/wp\/v2\/product_tag?post=1206816"}],"curies":[{"name":"wp","href":"https:\/\/api.w.org\/{rel}","templated":true}]}}