{"id":1208091,"date":"2025-04-22T11:05:13","date_gmt":"2025-04-22T09:05:13","guid":{"rendered":"https:\/\/fk-secondhand.com\/shop\/leica-loofv-5x-vergroesserungslupe-fuer-wechselschlitten\/"},"modified":"2025-04-22T11:05:27","modified_gmt":"2025-04-22T09:05:27","slug":"leica-loofv-5x-vergroesserungslupe-fuer-wechselschlitten","status":"publish","type":"product","link":"https:\/\/fk-secondhand.com\/en\/shop\/leica-loofv-5x-vergroesserungslupe-fuer-wechselschlitten\/","title":{"rendered":"Leica LOOFV 5x Vergr\u00f6\u00dferungslupe f\u00fcr Wechselschlitten"},"content":{"rendered":"<table class=\"woocommerce-product-attributes shop_attributes\">\n<tbody>\n<tr class=\"woocommerce-product-attributes-item wr-product-desc no-pair\">\n<th>&nbsp;<\/th>\n<td class=\"woocommerce-product-attributes-item__value\">For interchangeable slides<\/td>\n<\/tr>\n<tr class=\"woocommerce-product-attributes-item wr-product-desc\">\n<th class=\"woocommerce-product-attributes-item__label\">Magnification<\/th>\n<td class=\"woocommerce-product-attributes-item__value\">\n<p>5x<\/p>\n<\/td>\n<\/tr>\n<\/tbody>\n<\/table>\n","protected":false},"excerpt":{"rendered":"<p>Magnifying glass by Leica<\/p>\n","protected":false},"featured_media":1208085,"template":"","meta":[],"product_brand":[],"product_cat":[321],"product_tag":[],"class_list":{"0":"post-1208091","1":"product","2":"type-product","3":"status-publish","4":"has-post-thumbnail","6":"product_cat-small-parts-accessories","7":"product_shipping_class-mail-up-to-2-kg","8":"pa_marke-leica-en","10":"first","11":"outofstock","12":"purchasable","13":"product-type-simple"},"_links":{"self":[{"href":"https:\/\/fk-secondhand.com\/en\/wp-json\/wp\/v2\/product\/1208091","targetHints":{"allow":["GET"]}}],"collection":[{"href":"https:\/\/fk-secondhand.com\/en\/wp-json\/wp\/v2\/product"}],"about":[{"href":"https:\/\/fk-secondhand.com\/en\/wp-json\/wp\/v2\/types\/product"}],"wp:featuredmedia":[{"embeddable":true,"href":"https:\/\/fk-secondhand.com\/en\/wp-json\/wp\/v2\/media\/1208085"}],"wp:attachment":[{"href":"https:\/\/fk-secondhand.com\/en\/wp-json\/wp\/v2\/media?parent=1208091"}],"wp:term":[{"taxonomy":"product_brand","embeddable":true,"href":"https:\/\/fk-secondhand.com\/en\/wp-json\/wp\/v2\/product_brand?post=1208091"},{"taxonomy":"product_cat","embeddable":true,"href":"https:\/\/fk-secondhand.com\/en\/wp-json\/wp\/v2\/product_cat?post=1208091"},{"taxonomy":"product_tag","embeddable":true,"href":"https:\/\/fk-secondhand.com\/en\/wp-json\/wp\/v2\/product_tag?post=1208091"}],"curies":[{"name":"wp","href":"https:\/\/api.w.org\/{rel}","templated":true}]}}