{"id":1209102,"date":"2025-04-23T10:38:52","date_gmt":"2025-04-23T08:38:52","guid":{"rendered":"https:\/\/fk-secondhand.com\/shop\/konvolut-diverse-sammlergeraete-15-stueck-bastlergeraete\/"},"modified":"2025-09-29T09:46:19","modified_gmt":"2025-09-29T07:46:19","slug":"konvolut-diverse-sammlergeraete-15-stueck-bastlergeraete","status":"publish","type":"product","link":"https:\/\/fk-secondhand.com\/en\/shop\/konvolut-diverse-sammlergeraete-15-stueck-bastlergeraete\/","title":{"rendered":"Konvolut diverse Sammlerger\u00e4te &#8211; 15 St\u00fcck Bastlerger\u00e4te"},"content":{"rendered":"<table class=\"woocommerce-product-attributes shop_attributes\">\n<tbody>\n<tr class=\"woocommerce-product-attributes-item wr-product-desc no-pair\">\n<th>&nbsp;<\/th>\n<td class=\"woocommerce-product-attributes-item__value\">Agfa Isomat Rapid Color Agnar 1:4.5\/38mm with camera bag<br \/>\nVoigtl\u00e4nder Jubilar<br \/>\nAgfa Silette &#8211; LK Color Apotar 1:2,8\/45mm with camera bag<br \/>\nAgfa Silette Color Apotar 1:2,8\/45mm with camera bag<br \/>\nCerto-phot camera with camera bag<br \/>\nStafetta Duo camera with camera bag<br \/>\nFolding camera from Langer &amp; Comp. Vienna<br \/>\nAgfa Isolette Apotar 1:4.5\/85mm<br \/>\nDacora Anastigmat 1:5.6\/75mm<br \/>\nBox camera from Zeiss Ikon Goerz Prontar<br \/>\nBox camera from Zeiss Ikon Goerz Prontat Box-Tengor<br \/>\nBilora box with camera bag<br \/>\nVoigtl\u00e4nder folding camera Anastigmat Voigtar 1:7.7<br \/>\nIsing tripod<br \/>\n3 Pagen viewfinder camera<br \/>\nSixtar light meter<br \/>\nSelenium light meter<br \/>\nMicro 110 camera<\/td>\n<\/tr>\n<\/tbody>\n<\/table>\n","protected":false},"excerpt":{"rendered":"<p>Various collector&#8217;s items &#8211; 15 pieces<\/p>\n<p>::: Collector\u00b4s items :::<\/p>\n","protected":false},"featured_media":1209092,"template":"","meta":[],"product_brand":[],"product_cat":[1335],"product_tag":[],"class_list":{"0":"post-1209102","1":"product","2":"type-product","3":"status-publish","4":"has-post-thumbnail","6":"product_cat-sets-convolutes","7":"product_shipping_class-mail-up-to-12-kg","9":"first","10":"outofstock","11":"purchasable","12":"product-type-simple"},"_links":{"self":[{"href":"https:\/\/fk-secondhand.com\/en\/wp-json\/wp\/v2\/product\/1209102","targetHints":{"allow":["GET"]}}],"collection":[{"href":"https:\/\/fk-secondhand.com\/en\/wp-json\/wp\/v2\/product"}],"about":[{"href":"https:\/\/fk-secondhand.com\/en\/wp-json\/wp\/v2\/types\/product"}],"wp:featuredmedia":[{"embeddable":true,"href":"https:\/\/fk-secondhand.com\/en\/wp-json\/wp\/v2\/media\/1209092"}],"wp:attachment":[{"href":"https:\/\/fk-secondhand.com\/en\/wp-json\/wp\/v2\/media?parent=1209102"}],"wp:term":[{"taxonomy":"product_brand","embeddable":true,"href":"https:\/\/fk-secondhand.com\/en\/wp-json\/wp\/v2\/product_brand?post=1209102"},{"taxonomy":"product_cat","embeddable":true,"href":"https:\/\/fk-secondhand.com\/en\/wp-json\/wp\/v2\/product_cat?post=1209102"},{"taxonomy":"product_tag","embeddable":true,"href":"https:\/\/fk-secondhand.com\/en\/wp-json\/wp\/v2\/product_tag?post=1209102"}],"curies":[{"name":"wp","href":"https:\/\/api.w.org\/{rel}","templated":true}]}}