{"id":1209208,"date":"2025-04-23T11:25:10","date_gmt":"2025-04-23T09:25:10","guid":{"rendered":"https:\/\/fk-secondhand.com\/shop\/konvolut-diverse-sammlergeraete-25-stueck-bastlergeraete-3\/"},"modified":"2025-04-23T11:25:20","modified_gmt":"2025-04-23T09:25:20","slug":"konvolut-diverse-sammlergeraete-25-stueck-bastlergeraete-3","status":"publish","type":"product","link":"https:\/\/fk-secondhand.com\/en\/shop\/konvolut-diverse-sammlergeraete-25-stueck-bastlergeraete-3\/","title":{"rendered":"Konvolut diverse Sammlerger\u00e4te &#8211; 25 St\u00fcck Bastlerger\u00e4te"},"content":{"rendered":"<table class=\"woocommerce-product-attributes shop_attributes\">\n<tbody>\n<tr class=\"woocommerce-product-attributes-item wr-product-desc no-pair\">\n<th>&nbsp;<\/th>\n<td class=\"woocommerce-product-attributes-item__value\">Voigtl\u00e4nder Ultramatic CS<br \/>\nWEFO VEB Meister-Korelle<br \/>\nBraun Colorette<br \/>\nAgfa Color Solinar 1:2,8\/50mm<br \/>\nZenit-E<br \/>\nAgfa Optima 500 SN Paratic<br \/>\nKodak Advantix preview<br \/>\nKonica MT-9 1:3.5\/35mm<br \/>\nVoigtl\u00e4nder folding camera Anastigmat Skopar 1:4,5\/105mm<br \/>\nKodak Anastigmat 1:6,3\/50mm<br \/>\nRollei XF 35<br \/>\nKodak Retina Xenon 1:2\/50mm<br \/>\nGoldeck camera<br \/>\nStereo camera David White Anastigmat 1:3,5\/35mm<br \/>\nSixtomat exposure meter<br \/>\nBinoculars Goerz<br \/>\nHanimex 100 TF motor<br \/>\nPolaroid SX-70 Land camera<br \/>\nKodak Extra camera<br \/>\nWeimar Lux light meter<br \/>\nOlympus AF 300 Super Zoom<br \/>\nJonan Com light meter<br \/>\nFilm cassette<br \/>\nLinhof 120mm roll film cassette<\/td>\n<\/tr>\n<tr class=\"woocommerce-product-attributes-item wr-product-desc no-pair\">\n<th>&nbsp;<\/th>\n<td class=\"woocommerce-product-attributes-item__value\">16mm film casette<\/td>\n<\/tr>\n<tr class=\"woocommerce-product-attributes-item wr-product-desc no-pair\">\n<th>&nbsp;<\/th>\n<td class=\"woocommerce-product-attributes-item__value\">Miniature camera ActionSampler<\/td>\n<\/tr>\n<\/tbody>\n<\/table>\n","protected":false},"excerpt":{"rendered":"<p>Various collector&#8217;s items &#8211; 25 pieces<\/p>\n<p>::: Collectors&#8217;s items :::<\/p>\n","protected":false},"featured_media":1209194,"template":"","meta":[],"product_brand":[],"product_cat":[1335],"product_tag":[],"class_list":{"0":"post-1209208","1":"product","2":"type-product","3":"status-publish","4":"has-post-thumbnail","6":"product_cat-sets-convolutes","7":"product_shipping_class-mail-up-to-20-kg","9":"first","10":"outofstock","11":"purchasable","12":"product-type-simple"},"_links":{"self":[{"href":"https:\/\/fk-secondhand.com\/en\/wp-json\/wp\/v2\/product\/1209208","targetHints":{"allow":["GET"]}}],"collection":[{"href":"https:\/\/fk-secondhand.com\/en\/wp-json\/wp\/v2\/product"}],"about":[{"href":"https:\/\/fk-secondhand.com\/en\/wp-json\/wp\/v2\/types\/product"}],"wp:featuredmedia":[{"embeddable":true,"href":"https:\/\/fk-secondhand.com\/en\/wp-json\/wp\/v2\/media\/1209194"}],"wp:attachment":[{"href":"https:\/\/fk-secondhand.com\/en\/wp-json\/wp\/v2\/media?parent=1209208"}],"wp:term":[{"taxonomy":"product_brand","embeddable":true,"href":"https:\/\/fk-secondhand.com\/en\/wp-json\/wp\/v2\/product_brand?post=1209208"},{"taxonomy":"product_cat","embeddable":true,"href":"https:\/\/fk-secondhand.com\/en\/wp-json\/wp\/v2\/product_cat?post=1209208"},{"taxonomy":"product_tag","embeddable":true,"href":"https:\/\/fk-secondhand.com\/en\/wp-json\/wp\/v2\/product_tag?post=1209208"}],"curies":[{"name":"wp","href":"https:\/\/api.w.org\/{rel}","templated":true}]}}