{"id":1209228,"date":"2025-04-23T11:44:42","date_gmt":"2025-04-23T09:44:42","guid":{"rendered":"https:\/\/fk-secondhand.com\/shop\/linhof-kondensorkopf-sw-fuer-4x5-inch-vergroesserer\/"},"modified":"2025-04-23T11:44:49","modified_gmt":"2025-04-23T09:44:49","slug":"linhof-kondensorkopf-sw-fuer-4x5-inch-vergroesserer","status":"publish","type":"product","link":"https:\/\/fk-secondhand.com\/en\/shop\/linhof-kondensorkopf-sw-fuer-4x5-inch-vergroesserer\/","title":{"rendered":"Linhof Kondensorkopf SW f\u00fcr 4&#215;5 inch Vergr\u00f6\u00dferer"},"content":{"rendered":"<table class=\"woocommerce-product-attributes shop_attributes\">\n<tbody>\n<tr class=\"woocommerce-product-attributes-item wr-product-desc\">\n<th class=\"woocommerce-product-attributes-item__label\">Brand<\/th>\n<td class=\"woocommerce-product-attributes-item__value\">\n<p>Linhof<\/p>\n<\/td>\n<\/tr>\n<tr class=\"woocommerce-product-attributes-item wr-product-desc\">\n<th class=\"woocommerce-product-attributes-item__label\">Product type<\/th>\n<td class=\"woocommerce-product-attributes-item__value\">\n<p>4 x 5<\/p>\n<\/td>\n<\/tr>\n<tr class=\"woocommerce-product-attributes-item wr-product-desc\">\n<th class=\"woocommerce-product-attributes-item__label\">Model<\/th>\n<td class=\"woocommerce-product-attributes-item__value\">\n<p>Condenser magnification attachment for 9&#215;12 \/ 4&#215;5 camera Technika or Cardan Color<\/p>\n<\/td>\n<\/tr>\n<tr class=\"woocommerce-product-attributes-item wr-product-desc\">\n<th class=\"woocommerce-product-attributes-item__label\">Weight<\/th>\n<td class=\"woocommerce-product-attributes-item__value\">\n<p>4,500g<\/p>\n<\/td>\n<\/tr>\n<\/tbody>\n<\/table>\n","protected":false},"excerpt":{"rendered":"<p>Linhof enlarger 9&#215;12 \/ 4&#215;5\u201d repro column<\/p>\n","protected":false},"featured_media":1209222,"template":"","meta":[],"product_brand":[],"product_cat":[103],"product_tag":[],"class_list":{"0":"post-1209228","1":"product","2":"type-product","3":"status-publish","4":"has-post-thumbnail","6":"product_cat-enlargers","7":"product_shipping_class-mail-up-to-6-kg","8":"pa_marke-linhof-en","10":"first","11":"outofstock","12":"purchasable","13":"product-type-simple"},"_links":{"self":[{"href":"https:\/\/fk-secondhand.com\/en\/wp-json\/wp\/v2\/product\/1209228","targetHints":{"allow":["GET"]}}],"collection":[{"href":"https:\/\/fk-secondhand.com\/en\/wp-json\/wp\/v2\/product"}],"about":[{"href":"https:\/\/fk-secondhand.com\/en\/wp-json\/wp\/v2\/types\/product"}],"wp:featuredmedia":[{"embeddable":true,"href":"https:\/\/fk-secondhand.com\/en\/wp-json\/wp\/v2\/media\/1209222"}],"wp:attachment":[{"href":"https:\/\/fk-secondhand.com\/en\/wp-json\/wp\/v2\/media?parent=1209228"}],"wp:term":[{"taxonomy":"product_brand","embeddable":true,"href":"https:\/\/fk-secondhand.com\/en\/wp-json\/wp\/v2\/product_brand?post=1209228"},{"taxonomy":"product_cat","embeddable":true,"href":"https:\/\/fk-secondhand.com\/en\/wp-json\/wp\/v2\/product_cat?post=1209228"},{"taxonomy":"product_tag","embeddable":true,"href":"https:\/\/fk-secondhand.com\/en\/wp-json\/wp\/v2\/product_tag?post=1209228"}],"curies":[{"name":"wp","href":"https:\/\/api.w.org\/{rel}","templated":true}]}}