{"id":1209240,"date":"2025-04-23T11:53:39","date_gmt":"2025-04-23T09:53:39","guid":{"rendered":"https:\/\/fk-secondhand.com\/shop\/konvolut-diverse-sammlergeraete-20-stueck-bastlergeraete-6\/"},"modified":"2025-04-23T11:53:49","modified_gmt":"2025-04-23T09:53:49","slug":"konvolut-diverse-sammlergeraete-20-stueck-bastlergeraete-6","status":"publish","type":"product","link":"https:\/\/fk-secondhand.com\/en\/shop\/konvolut-diverse-sammlergeraete-20-stueck-bastlergeraete-6\/","title":{"rendered":"Konvolut diverse Sammlerger\u00e4te &#8211; 20 St\u00fcck Bastlerger\u00e4te"},"content":{"rendered":"<table class=\"woocommerce-product-attributes shop_attributes\">\n<tbody>\n<tr class=\"woocommerce-product-attributes-item wr-product-desc no-pair\">\n<th>&nbsp;<\/th>\n<td class=\"woocommerce-product-attributes-item__value\">Felicette Vredeborch Nordinar 1:3.5\/45mm<br \/>\nAgfamatic 100 sensor with camera bag<br \/>\nGomz Turist Russian Medium 6&#215;9 camera<br \/>\nAgfa Clack with camera bag<br \/>\nSoviet camera Vilia Auto<br \/>\nDacora camera Dignar 1:2.8\/45mm<br \/>\nBilora camera Bella Achromat 1:8 with camera bag<br \/>\nVoigtl\u00e4nder Vitoret LR Color Lanthar 2,8\/50mm with camera bag<br \/>\nTripod Ising<br \/>\nMetz flash 402<br \/>\nVivitar viewfinder camera CV35 27mm<br \/>\nVoigtl\u00e4nder Brillant Anastigmat Skopar 1:4,5\/75mm<br \/>\nAgfamatic 2008 sensor<br \/>\nAgfatronic 221CB computer flash<br \/>\nInstamatic camera 100 with camera bag<br \/>\nAgfa Billy Record folding camera with camera bag<br \/>\nPocket camera Porst 1000F with camera bag<br \/>\nTickytest light meter with case<br \/>\nAgfalux flash unit<br \/>\nGossen Sixon Selenium light meter<\/td>\n<\/tr>\n<\/tbody>\n<\/table>\n","protected":false},"excerpt":{"rendered":"<p>Various collector&#8217;s items &#8211; 20 pieces<\/p>\n<p>::: Collector&#8217;s items :::<\/p>\n","protected":false},"featured_media":1209230,"template":"","meta":[],"product_brand":[],"product_cat":[1335],"product_tag":[],"class_list":{"0":"post-1209240","1":"product","2":"type-product","3":"status-publish","4":"has-post-thumbnail","6":"product_cat-sets-convolutes","7":"product_shipping_class-mail-up-to-12-kg","9":"first","10":"outofstock","11":"purchasable","12":"product-type-simple"},"_links":{"self":[{"href":"https:\/\/fk-secondhand.com\/en\/wp-json\/wp\/v2\/product\/1209240","targetHints":{"allow":["GET"]}}],"collection":[{"href":"https:\/\/fk-secondhand.com\/en\/wp-json\/wp\/v2\/product"}],"about":[{"href":"https:\/\/fk-secondhand.com\/en\/wp-json\/wp\/v2\/types\/product"}],"wp:featuredmedia":[{"embeddable":true,"href":"https:\/\/fk-secondhand.com\/en\/wp-json\/wp\/v2\/media\/1209230"}],"wp:attachment":[{"href":"https:\/\/fk-secondhand.com\/en\/wp-json\/wp\/v2\/media?parent=1209240"}],"wp:term":[{"taxonomy":"product_brand","embeddable":true,"href":"https:\/\/fk-secondhand.com\/en\/wp-json\/wp\/v2\/product_brand?post=1209240"},{"taxonomy":"product_cat","embeddable":true,"href":"https:\/\/fk-secondhand.com\/en\/wp-json\/wp\/v2\/product_cat?post=1209240"},{"taxonomy":"product_tag","embeddable":true,"href":"https:\/\/fk-secondhand.com\/en\/wp-json\/wp\/v2\/product_tag?post=1209240"}],"curies":[{"name":"wp","href":"https:\/\/api.w.org\/{rel}","templated":true}]}}