{"id":1209276,"date":"2025-04-23T12:16:25","date_gmt":"2025-04-23T10:16:25","guid":{"rendered":"https:\/\/fk-secondhand.com\/shop\/konvolut-diverse-sammlergeraete-39-stueck-bastlergeraete\/"},"modified":"2025-04-23T12:16:35","modified_gmt":"2025-04-23T10:16:35","slug":"konvolut-diverse-sammlergeraete-39-stueck-bastlergeraete","status":"publish","type":"product","link":"https:\/\/fk-secondhand.com\/en\/shop\/konvolut-diverse-sammlergeraete-39-stueck-bastlergeraete\/","title":{"rendered":"Konvolut diverse Sammlerger\u00e4te &#8211; 39 St\u00fcck Bastlerger\u00e4te"},"content":{"rendered":"<table class=\"woocommerce-product-attributes shop_attributes\">\n<tbody>\n<tr class=\"woocommerce-product-attributes-item wr-product-desc no-pair\">\n<th>&nbsp;<\/th>\n<td class=\"woocommerce-product-attributes-item__value\">2 x Traveler AF mini viewfinder camera<br \/>\nVivitar PS77 viewfinder camera<br \/>\nMinolta 115 Riva Zoom viewfinder camera<br \/>\nSamsung AF Slim Zoom viewfinder camera<br \/>\nJenoptik JD 4100 Z3s viewfinder camera<br \/>\nAgfa Optima Rapid 500V<br \/>\nKodak 835AF 35mm camera<br \/>\nAgfamatic 508 Sensor<br \/>\nAgfamatic 2008 Sensor<br \/>\nAgfa mini<br \/>\nAgfamatic 2000<br \/>\nAgfamatic 4008<br \/>\nAgfamatic 508<br \/>\nAgfamatic 6008<br \/>\nAgfamatic 3008<br \/>\nAgfamatic 4000<br \/>\nAgfamatic 901 motor<br \/>\n2 x Agfa Optima 5000<br \/>\nAgfa Iso-Rapid Ic<br \/>\nBolsey Model B2<br \/>\nAgfa Billy Clack<br \/>\nAgfa Dilette Apotar 1:3.5\/45mm<br \/>\nMinox 35PL<br \/>\nMetz mecablitz 25CT3<br \/>\nAgfa Optima Sensor Solitar 1:2.8\/40mm<br \/>\nAdox Golf<br \/>\nLens Kit Vivitar<br \/>\nElectro Bewi exposure meter<br \/>\nCanon Speedlite 160E<br \/>\nNational PE-170 flash<br \/>\nMetz Flash 36 CT 2<br \/>\nMetz flash 50 AF-1 digital<br \/>\nVivitar flash auto thyristor 283<br \/>\nFlash Unomat B24CTD<br \/>\nFilter adapter for Vivitar model 282<br \/>\nLens Agfa Color Telinear 1:4\/130mm<br \/>\nCamera grip with flash shoe from Vivitar<\/td>\n<\/tr>\n<\/tbody>\n<\/table>\n","protected":false},"excerpt":{"rendered":"<p>Various collector&#8217;s items &#8211; 39 pieces<\/p>\n<p>::: Collector&#8217;s items :::<\/p>\n","protected":false},"featured_media":1209260,"template":"","meta":[],"product_brand":[],"product_cat":[1335],"product_tag":[],"class_list":{"0":"post-1209276","1":"product","2":"type-product","3":"status-publish","4":"has-post-thumbnail","6":"product_cat-sets-convolutes","7":"product_shipping_class-mail-up-to-12-kg","9":"first","10":"instock","11":"purchasable","12":"product-type-simple"},"_links":{"self":[{"href":"https:\/\/fk-secondhand.com\/en\/wp-json\/wp\/v2\/product\/1209276","targetHints":{"allow":["GET"]}}],"collection":[{"href":"https:\/\/fk-secondhand.com\/en\/wp-json\/wp\/v2\/product"}],"about":[{"href":"https:\/\/fk-secondhand.com\/en\/wp-json\/wp\/v2\/types\/product"}],"wp:featuredmedia":[{"embeddable":true,"href":"https:\/\/fk-secondhand.com\/en\/wp-json\/wp\/v2\/media\/1209260"}],"wp:attachment":[{"href":"https:\/\/fk-secondhand.com\/en\/wp-json\/wp\/v2\/media?parent=1209276"}],"wp:term":[{"taxonomy":"product_brand","embeddable":true,"href":"https:\/\/fk-secondhand.com\/en\/wp-json\/wp\/v2\/product_brand?post=1209276"},{"taxonomy":"product_cat","embeddable":true,"href":"https:\/\/fk-secondhand.com\/en\/wp-json\/wp\/v2\/product_cat?post=1209276"},{"taxonomy":"product_tag","embeddable":true,"href":"https:\/\/fk-secondhand.com\/en\/wp-json\/wp\/v2\/product_tag?post=1209276"}],"curies":[{"name":"wp","href":"https:\/\/api.w.org\/{rel}","templated":true}]}}