{"id":1213195,"date":"2025-04-29T15:07:56","date_gmt":"2025-04-29T13:07:56","guid":{"rendered":"https:\/\/fk-secondhand.com\/shop\/leica-db-datenrueckwand-fuer-r-kameras-bastlergeraet\/"},"modified":"2025-04-29T15:08:10","modified_gmt":"2025-04-29T13:08:10","slug":"leica-db-datenrueckwand-fuer-r-kameras-bastlergeraet","status":"publish","type":"product","link":"https:\/\/fk-secondhand.com\/en\/shop\/leica-db-datenrueckwand-fuer-r-kameras-bastlergeraet\/","title":{"rendered":"Leica DB Datenr\u00fcckwand f\u00fcr R Kameras &#8211; Bastlerger\u00e4t"},"content":{"rendered":"<table class=\"woocommerce-product-attributes shop_attributes\">\n<tbody>\n<tr class=\"woocommerce-product-attributes-item wr-product-desc no-pair\">\n<th>&nbsp;<\/th>\n<td class=\"woocommerce-product-attributes-item__value\">Leica Data Backplane DB-2<br \/>\nFor Leica-R 5<\/td>\n<\/tr>\n<\/tbody>\n<\/table>\n","protected":false},"excerpt":{"rendered":"<p>Data backplate made by Leica<\/p>\n<p>::: Collector&#8217;s item :::<\/p>\n","protected":false},"featured_media":1213189,"template":"","meta":[],"product_brand":[],"product_cat":[1345],"product_tag":[],"class_list":{"0":"post-1213195","1":"product","2":"type-product","3":"status-publish","4":"has-post-thumbnail","6":"product_cat-backs-magazines-cassettes","7":"product_shipping_class-mail-up-to-2-kg","8":"pa_marke-leica-en","10":"first","11":"outofstock","12":"purchasable","13":"product-type-simple"},"_links":{"self":[{"href":"https:\/\/fk-secondhand.com\/en\/wp-json\/wp\/v2\/product\/1213195","targetHints":{"allow":["GET"]}}],"collection":[{"href":"https:\/\/fk-secondhand.com\/en\/wp-json\/wp\/v2\/product"}],"about":[{"href":"https:\/\/fk-secondhand.com\/en\/wp-json\/wp\/v2\/types\/product"}],"wp:featuredmedia":[{"embeddable":true,"href":"https:\/\/fk-secondhand.com\/en\/wp-json\/wp\/v2\/media\/1213189"}],"wp:attachment":[{"href":"https:\/\/fk-secondhand.com\/en\/wp-json\/wp\/v2\/media?parent=1213195"}],"wp:term":[{"taxonomy":"product_brand","embeddable":true,"href":"https:\/\/fk-secondhand.com\/en\/wp-json\/wp\/v2\/product_brand?post=1213195"},{"taxonomy":"product_cat","embeddable":true,"href":"https:\/\/fk-secondhand.com\/en\/wp-json\/wp\/v2\/product_cat?post=1213195"},{"taxonomy":"product_tag","embeddable":true,"href":"https:\/\/fk-secondhand.com\/en\/wp-json\/wp\/v2\/product_tag?post=1213195"}],"curies":[{"name":"wp","href":"https:\/\/api.w.org\/{rel}","templated":true}]}}