{"id":1218982,"date":"2025-05-14T11:06:54","date_gmt":"2025-05-14T09:06:54","guid":{"rendered":"https:\/\/fk-secondhand.com\/shop\/konvolut-diverse-sammlergeraete-17-stueck-bastlergeraete-2\/"},"modified":"2025-05-14T11:07:04","modified_gmt":"2025-05-14T09:07:04","slug":"konvolut-diverse-sammlergeraete-17-stueck-bastlergeraete-2","status":"publish","type":"product","link":"https:\/\/fk-secondhand.com\/en\/shop\/konvolut-diverse-sammlergeraete-17-stueck-bastlergeraete-2\/","title":{"rendered":"Konvolut diverse Sammlerger\u00e4te &#8211; 17 St\u00fcck Bastlerger\u00e4te"},"content":{"rendered":"<table class=\"woocommerce-product-attributes shop_attributes\">\n<tbody>\n<tr class=\"woocommerce-product-attributes-item wr-product-desc no-pair\">\n<th>&nbsp;<\/th>\n<td class=\"woocommerce-product-attributes-item__value\">Rollei A26<br \/>\nZeiss Ikon Contessa<br \/>\n2x Zeiss Ikon Tenax<br \/>\nViewfinder camera Viennatone 35mm<br \/>\nFolding camera Voigtl\u00e4nder Bessa<br \/>\nKodak Instamatic 250 with case<br \/>\nBox camera from Agfa with case<br \/>\nViewfinder camera Cohen Photo<br \/>\nBox camera from Kodak Goerz Frontar D.R.P.<br \/>\nSynchro Box from Agfa<br \/>\nBox Tengor from Zeiss Ikon<br \/>\nFolding camera Super Ikonta from Zeiss<br \/>\nFolding camera Hekla<br \/>\nComet special camera<br \/>\nKako SpeedLite<br \/>\nFolding camera from Christoph Schaller with cassettes and case<\/td>\n<\/tr>\n<\/tbody>\n<\/table>\n","protected":false},"excerpt":{"rendered":"<p>Various collector\u00b4s items<\/p>\n","protected":false},"featured_media":1218968,"template":"","meta":[],"product_brand":[],"product_cat":[1335],"product_tag":[],"class_list":{"0":"post-1218982","1":"product","2":"type-product","3":"status-publish","4":"has-post-thumbnail","6":"product_cat-sets-convolutes","7":"product_shipping_class-mail-up-to-12-kg","9":"first","10":"outofstock","11":"purchasable","12":"product-type-simple"},"_links":{"self":[{"href":"https:\/\/fk-secondhand.com\/en\/wp-json\/wp\/v2\/product\/1218982","targetHints":{"allow":["GET"]}}],"collection":[{"href":"https:\/\/fk-secondhand.com\/en\/wp-json\/wp\/v2\/product"}],"about":[{"href":"https:\/\/fk-secondhand.com\/en\/wp-json\/wp\/v2\/types\/product"}],"wp:featuredmedia":[{"embeddable":true,"href":"https:\/\/fk-secondhand.com\/en\/wp-json\/wp\/v2\/media\/1218968"}],"wp:attachment":[{"href":"https:\/\/fk-secondhand.com\/en\/wp-json\/wp\/v2\/media?parent=1218982"}],"wp:term":[{"taxonomy":"product_brand","embeddable":true,"href":"https:\/\/fk-secondhand.com\/en\/wp-json\/wp\/v2\/product_brand?post=1218982"},{"taxonomy":"product_cat","embeddable":true,"href":"https:\/\/fk-secondhand.com\/en\/wp-json\/wp\/v2\/product_cat?post=1218982"},{"taxonomy":"product_tag","embeddable":true,"href":"https:\/\/fk-secondhand.com\/en\/wp-json\/wp\/v2\/product_tag?post=1218982"}],"curies":[{"name":"wp","href":"https:\/\/api.w.org\/{rel}","templated":true}]}}