{"id":1218994,"date":"2025-05-14T11:26:09","date_gmt":"2025-05-14T09:26:09","guid":{"rendered":"https:\/\/fk-secondhand.com\/shop\/konvolut-diverse-sammlergeraete-27-stueck-bastlergeraete-3\/"},"modified":"2025-05-14T11:26:18","modified_gmt":"2025-05-14T09:26:18","slug":"konvolut-diverse-sammlergeraete-27-stueck-bastlergeraete-3","status":"publish","type":"product","link":"https:\/\/fk-secondhand.com\/en\/shop\/konvolut-diverse-sammlergeraete-27-stueck-bastlergeraete-3\/","title":{"rendered":"Konvolut diverse Sammlerger\u00e4te -27 St\u00fcck Bastlerger\u00e4te"},"content":{"rendered":"<table class=\"woocommerce-product-attributes shop_attributes\">\n<tbody>\n<tr class=\"woocommerce-product-attributes-item wr-product-desc no-pair\">\n<th>&nbsp;<\/th>\n<td class=\"woocommerce-product-attributes-item__value\">Kodak Advantix C700 with case<br \/>\nAnsco Panda<br \/>\nFotomatic 88x 126 film cartridge<br \/>\nAgfa Optima III Compur<br \/>\nZorki 10<br \/>\nPontiac, Paris Lynx II<br \/>\nUtitars B Achromat Budapest<br \/>\nBellows<br \/>\nMini camera Minetta<br \/>\nImperial camera Delta 127 4&#215;4<br \/>\nFolding camera Voigtl\u00e4nder Bessa<br \/>\nHeidosmat-Rolleinar 1<br \/>\nHeidosmat- Rolleinar 3<br \/>\nRetina IIa by Kodak<br \/>\nFresnel lens<br \/>\nFolding camera Ikonta by Zeiss<br \/>\nFranke und Heidecke Rolleiparkeil 2<br \/>\nFotonex 101ix by Fuji<br \/>\nFolding camera Voigtl\u00e4nder<br \/>\nFolding camera Voigtl\u00e4nder Vito II<br \/>\nFilm camera Eumig Super 8<br \/>\nRolleri-green Filter R III<br \/>\nFlash Osram BCS44<br \/>\nKodak Brownie Cresta 3<br \/>\nLight meter by Gossen<br \/>\nFilm cassettes 6&#215;9 &#8211; 3 pieces<br \/>\nRolleinar 3\/I<\/td>\n<\/tr>\n<\/tbody>\n<\/table>\n","protected":false},"excerpt":{"rendered":"<p>Various collector devices &#8211; function not tested<\/p>\n","protected":false},"featured_media":1218984,"template":"","meta":[],"product_brand":[],"product_cat":[1335],"product_tag":[],"class_list":{"0":"post-1218994","1":"product","2":"type-product","3":"status-publish","4":"has-post-thumbnail","6":"product_cat-sets-convolutes","7":"product_shipping_class-mail-up-to-12-kg","9":"first","10":"outofstock","11":"purchasable","12":"product-type-simple"},"_links":{"self":[{"href":"https:\/\/fk-secondhand.com\/en\/wp-json\/wp\/v2\/product\/1218994","targetHints":{"allow":["GET"]}}],"collection":[{"href":"https:\/\/fk-secondhand.com\/en\/wp-json\/wp\/v2\/product"}],"about":[{"href":"https:\/\/fk-secondhand.com\/en\/wp-json\/wp\/v2\/types\/product"}],"wp:featuredmedia":[{"embeddable":true,"href":"https:\/\/fk-secondhand.com\/en\/wp-json\/wp\/v2\/media\/1218984"}],"wp:attachment":[{"href":"https:\/\/fk-secondhand.com\/en\/wp-json\/wp\/v2\/media?parent=1218994"}],"wp:term":[{"taxonomy":"product_brand","embeddable":true,"href":"https:\/\/fk-secondhand.com\/en\/wp-json\/wp\/v2\/product_brand?post=1218994"},{"taxonomy":"product_cat","embeddable":true,"href":"https:\/\/fk-secondhand.com\/en\/wp-json\/wp\/v2\/product_cat?post=1218994"},{"taxonomy":"product_tag","embeddable":true,"href":"https:\/\/fk-secondhand.com\/en\/wp-json\/wp\/v2\/product_tag?post=1218994"}],"curies":[{"name":"wp","href":"https:\/\/api.w.org\/{rel}","templated":true}]}}