{"id":1220478,"date":"2025-05-19T13:10:36","date_gmt":"2025-05-19T11:10:36","guid":{"rendered":"https:\/\/fk-secondhand.com\/shop\/canon-zubehoerset-fuer-cn-e-18-80mm-blende-und-koecher\/"},"modified":"2025-05-19T13:10:55","modified_gmt":"2025-05-19T11:10:55","slug":"canon-zubehoerset-fuer-cn-e-18-80mm-blende-und-koecher","status":"publish","type":"product","link":"https:\/\/fk-secondhand.com\/en\/shop\/canon-zubehoerset-fuer-cn-e-18-80mm-blende-und-koecher\/","title":{"rendered":"Canon Zubeh\u00f6rset f\u00fcr CN-E 18-80mm Blende und K\u00f6cher"},"content":{"rendered":"<table class=\"woocommerce-product-attributes shop_attributes\">\n<tbody>\n<tr class=\"woocommerce-product-attributes-item wr-product-desc no-pair\">\n<th>&nbsp;<\/th>\n<td class=\"woocommerce-product-attributes-item__value\">Lens hood for Cine Servo lens f. Super-35mm<\/td>\n<\/tr>\n<tr class=\"woocommerce-product-attributes-item wr-product-desc no-pair\">\n<th>&nbsp;<\/th>\n<td class=\"woocommerce-product-attributes-item__value\">With quiver and operating instructions<\/td>\n<\/tr>\n<\/tbody>\n<\/table>\n","protected":false},"excerpt":{"rendered":"<p>Lens hood for Canon CN-E18-80mm T4.4 L IS KAS S With quiver and operating instructions<\/p>\n","protected":false},"featured_media":1220472,"template":"","meta":[],"product_brand":[],"product_cat":[318],"product_tag":[],"class_list":{"0":"post-1220478","1":"product","2":"type-product","3":"status-publish","4":"has-post-thumbnail","6":"product_cat-lens-hoods","7":"product_shipping_class-mail-up-to-2-kg","8":"pa_marke-canon-en","10":"first","11":"outofstock","12":"purchasable","13":"product-type-simple"},"_links":{"self":[{"href":"https:\/\/fk-secondhand.com\/en\/wp-json\/wp\/v2\/product\/1220478","targetHints":{"allow":["GET"]}}],"collection":[{"href":"https:\/\/fk-secondhand.com\/en\/wp-json\/wp\/v2\/product"}],"about":[{"href":"https:\/\/fk-secondhand.com\/en\/wp-json\/wp\/v2\/types\/product"}],"wp:featuredmedia":[{"embeddable":true,"href":"https:\/\/fk-secondhand.com\/en\/wp-json\/wp\/v2\/media\/1220472"}],"wp:attachment":[{"href":"https:\/\/fk-secondhand.com\/en\/wp-json\/wp\/v2\/media?parent=1220478"}],"wp:term":[{"taxonomy":"product_brand","embeddable":true,"href":"https:\/\/fk-secondhand.com\/en\/wp-json\/wp\/v2\/product_brand?post=1220478"},{"taxonomy":"product_cat","embeddable":true,"href":"https:\/\/fk-secondhand.com\/en\/wp-json\/wp\/v2\/product_cat?post=1220478"},{"taxonomy":"product_tag","embeddable":true,"href":"https:\/\/fk-secondhand.com\/en\/wp-json\/wp\/v2\/product_tag?post=1220478"}],"curies":[{"name":"wp","href":"https:\/\/api.w.org\/{rel}","templated":true}]}}